{"id":959,"date":"2011-11-24T21:08:44","date_gmt":"2011-11-25T02:08:44","guid":{"rendered":"https:\/\/ombudsmandemontreal.com\/?page_id=959"},"modified":"2011-11-24T21:08:44","modified_gmt":"2011-11-25T02:08:44","slug":"illegal-encroachments-in-a-municipal-alley-%e2%80%93-phase-ii-2006","status":"publish","type":"page","link":"https:\/\/ombudsmandemontreal.com\/en\/cases-handled\/examples-of-cases-handled\/urbanism-and-maintenance\/illegal-encroachments-in-a-municipal-alley-%e2%80%93-phase-ii-2006","title":{"rendered":"Illegal encroachments in a municipal alley \u2013 Phase II (2006)"},"content":{"rendered":"<p>In 2005, the <span class=\"caps-bold \">Ombudsman de Montr\u00e9al<\/span> had handled a complaint from a citizen who wanted to force Arrondissement de Rivi\u00e8re-des-Prairies \u2013 Pointe-aux-Trembles (actual name of the borough) to sell parts of a municipal alley to the bordering citizens. Most of these bordering citizens were illegally encroaching in this alley and had done so, for many years: these encroachments have begun, however, after the City had clearly refused to sell parts of the alley to these citizens.<\/p>\n<p>Following a long investigation, the <span class=\"caps-bold\">Ombudsman de Montr\u00e9al<\/span> had concluded that these encroachments, with sheds and fences, created a serious problem for the City because the sewage system linked to the bordering houses was located under the said alley and was in a pitiful state. In the event of a breach, the presence of the illegal structures could prevent the City from intervening swiftly. In light of these circumstances, the <span class=\"caps-bold \">Ombudsman de Montr\u00e9al<\/span> had Recommended to the borough to take appropriate action so as to put an end to these illegal encroachments.<\/p>\n<p>In early 2006, another citizen from the same alley complained to the <span class=\"caps-bold \">Ombudsman de Montr\u00e9al<\/span> because the sheds and fences still in place were depriving him from access to his backyard, from the alley. The citizen was also worried for security reasons (eventual problems of access for a fire truck, an ambulance, etc.). In light of this new complaint, we intensified our efforts with the borough in order to push for a formal response to our previous Recommendation.<\/p>\n<p>The question was submitted to the Borough Council which, after a long debate, adopted two resolutions: one authorizing the Direction de l\u2019am\u00e9nagement urbain et des services aux entreprises to issue notices to the concerned residents requiring that they cease their illegal encroachments and restore the area to its initial state (within a reasonable delay); and the second, authorizing the same department to execute the work itself, if citizens failed to do so, at their expense.<\/p>\n<p>We have received confirmation that the alley has been extricated of the illegal encroachments and that the access and safety problems alleged by the citizen have been resolved. Moreover, there are no longer obstacles in the way preventing Ville de Montr\u00e9al from proceeding quickly and efficiently to maintenance and repair work that might be required on the sewage infrastructures located under this alley, from time to time.<\/p>\n","protected":false},"excerpt":{"rendered":"<p>In 2005, the Ombudsman de Montr\u00e9al had handled a complaint from a citizen who wanted to force Arrondissement de Rivi\u00e8re-des-Prairies \u2013 Pointe-aux-Trembles (actual name of the borough) to sell parts of a municipal alley to the bordering citizens. Most of &hellip; <a href=\"https:\/\/ombudsmandemontreal.com\/en\/cases-handled\/examples-of-cases-handled\/urbanism-and-maintenance\/illegal-encroachments-in-a-municipal-alley-%e2%80%93-phase-ii-2006\">Continue reading <span class=\"meta-nav\">&rarr;<\/span><\/a><\/p>\n","protected":false},"author":18,"featured_media":0,"parent":337,"menu_order":11,"comment_status":"closed","ping_status":"closed","template":"","meta":{"_acf_changed":false,"footnotes":""},"class_list":["post-959","page","type-page","status-publish","hentry"],"acf":[],"yoast_head":"<!-- This site is optimized with the Yoast SEO plugin v26.8 - https:\/\/yoast.com\/product\/yoast-seo-wordpress\/ -->\n<title>Illegal encroachments in a municipal alley \u2013 Phase II (2006) - OMBUDSMAN de Montr\u00e9al<\/title>\n<meta name=\"robots\" content=\"index, follow, max-snippet:-1, max-image-preview:large, max-video-preview:-1\" \/>\n<link rel=\"canonical\" href=\"https:\/\/ombudsmandemontreal.com\/en\/cases-handled\/examples-of-cases-handled\/urbanism-and-maintenance\/illegal-encroachments-in-a-municipal-alley-\u2013-phase-ii-2006\" \/>\n<meta property=\"og:locale\" content=\"en_US\" \/>\n<meta property=\"og:type\" content=\"article\" \/>\n<meta property=\"og:title\" content=\"Illegal encroachments in a municipal alley \u2013 Phase II (2006) - OMBUDSMAN de Montr\u00e9al\" \/>\n<meta property=\"og:description\" content=\"In 2005, the Ombudsman de Montr\u00e9al had handled a complaint from a citizen who wanted to force Arrondissement de Rivi\u00e8re-des-Prairies \u2013 Pointe-aux-Trembles (actual name of the borough) to sell parts of a municipal alley to the bordering citizens. Most of &hellip; Continue reading &rarr;\" \/>\n<meta property=\"og:url\" content=\"https:\/\/ombudsmandemontreal.com\/en\/cases-handled\/examples-of-cases-handled\/urbanism-and-maintenance\/illegal-encroachments-in-a-municipal-alley-\u2013-phase-ii-2006\" \/>\n<meta property=\"og:site_name\" content=\"OMBUDSMAN de Montr\u00e9al\" \/>\n<meta name=\"twitter:card\" content=\"summary_large_image\" \/>\n<meta name=\"twitter:label1\" content=\"Est. reading time\" \/>\n\t<meta name=\"twitter:data1\" content=\"2 minutes\" \/>\n<script type=\"application\/ld+json\" class=\"yoast-schema-graph\">{\"@context\":\"https:\/\/schema.org\",\"@graph\":[{\"@type\":\"WebPage\",\"@id\":\"https:\/\/ombudsmandemontreal.com\/en\/cases-handled\/examples-of-cases-handled\/urbanism-and-maintenance\/illegal-encroachments-in-a-municipal-alley-%e2%80%93-phase-ii-2006\",\"url\":\"https:\/\/ombudsmandemontreal.com\/en\/cases-handled\/examples-of-cases-handled\/urbanism-and-maintenance\/illegal-encroachments-in-a-municipal-alley-%e2%80%93-phase-ii-2006\",\"name\":\"Illegal encroachments in a municipal alley \u2013 Phase II (2006) - OMBUDSMAN de Montr\u00e9al\",\"isPartOf\":{\"@id\":\"https:\/\/ombudsmandemontreal.com\/#website\"},\"datePublished\":\"2011-11-25T02:08:44+00:00\",\"breadcrumb\":{\"@id\":\"https:\/\/ombudsmandemontreal.com\/en\/cases-handled\/examples-of-cases-handled\/urbanism-and-maintenance\/illegal-encroachments-in-a-municipal-alley-%e2%80%93-phase-ii-2006#breadcrumb\"},\"inLanguage\":\"en-US\",\"potentialAction\":[{\"@type\":\"ReadAction\",\"target\":[\"https:\/\/ombudsmandemontreal.com\/en\/cases-handled\/examples-of-cases-handled\/urbanism-and-maintenance\/illegal-encroachments-in-a-municipal-alley-%e2%80%93-phase-ii-2006\"]}]},{\"@type\":\"BreadcrumbList\",\"@id\":\"https:\/\/ombudsmandemontreal.com\/en\/cases-handled\/examples-of-cases-handled\/urbanism-and-maintenance\/illegal-encroachments-in-a-municipal-alley-%e2%80%93-phase-ii-2006#breadcrumb\",\"itemListElement\":[{\"@type\":\"ListItem\",\"position\":1,\"name\":\"Home\",\"item\":\"https:\/\/ombudsmandemontreal.com\/en\/\"},{\"@type\":\"ListItem\",\"position\":2,\"name\":\"Cases handled\",\"item\":\"https:\/\/ombudsmandemontreal.com\/en\/cases-handled\"},{\"@type\":\"ListItem\",\"position\":3,\"name\":\"Examples of cases handled\",\"item\":\"https:\/\/ombudsmandemontreal.com\/en\/cases-handled\/examples-of-cases-handled\"},{\"@type\":\"ListItem\",\"position\":4,\"name\":\"Permits, Urbanism and Maintenance\",\"item\":\"https:\/\/ombudsmandemontreal.com\/en\/cases-handled\/examples-of-cases-handled\/urbanism-and-maintenance\"},{\"@type\":\"ListItem\",\"position\":5,\"name\":\"Illegal encroachments in a municipal alley \u2013 Phase II (2006)\"}]},{\"@type\":\"WebSite\",\"@id\":\"https:\/\/ombudsmandemontreal.com\/#website\",\"url\":\"https:\/\/ombudsmandemontreal.com\/\",\"name\":\"OMBUDSMAN de Montr\u00e9al\",\"description\":\"\",\"potentialAction\":[{\"@type\":\"SearchAction\",\"target\":{\"@type\":\"EntryPoint\",\"urlTemplate\":\"https:\/\/ombudsmandemontreal.com\/?s={search_term_string}\"},\"query-input\":{\"@type\":\"PropertyValueSpecification\",\"valueRequired\":true,\"valueName\":\"search_term_string\"}}],\"inLanguage\":\"en-US\"}]}<\/script>\n<!-- \/ Yoast SEO plugin. -->","yoast_head_json":{"title":"Illegal encroachments in a municipal alley \u2013 Phase II (2006) - OMBUDSMAN de Montr\u00e9al","robots":{"index":"index","follow":"follow","max-snippet":"max-snippet:-1","max-image-preview":"max-image-preview:large","max-video-preview":"max-video-preview:-1"},"canonical":"https:\/\/ombudsmandemontreal.com\/en\/cases-handled\/examples-of-cases-handled\/urbanism-and-maintenance\/illegal-encroachments-in-a-municipal-alley-\u2013-phase-ii-2006","og_locale":"en_US","og_type":"article","og_title":"Illegal encroachments in a municipal alley \u2013 Phase II (2006) - OMBUDSMAN de Montr\u00e9al","og_description":"In 2005, the Ombudsman de Montr\u00e9al had handled a complaint from a citizen who wanted to force Arrondissement de Rivi\u00e8re-des-Prairies \u2013 Pointe-aux-Trembles (actual name of the borough) to sell parts of a municipal alley to the bordering citizens. Most of &hellip; Continue reading &rarr;","og_url":"https:\/\/ombudsmandemontreal.com\/en\/cases-handled\/examples-of-cases-handled\/urbanism-and-maintenance\/illegal-encroachments-in-a-municipal-alley-\u2013-phase-ii-2006","og_site_name":"OMBUDSMAN de Montr\u00e9al","twitter_card":"summary_large_image","twitter_misc":{"Est. reading time":"2 minutes"},"schema":{"@context":"https:\/\/schema.org","@graph":[{"@type":"WebPage","@id":"https:\/\/ombudsmandemontreal.com\/en\/cases-handled\/examples-of-cases-handled\/urbanism-and-maintenance\/illegal-encroachments-in-a-municipal-alley-%e2%80%93-phase-ii-2006","url":"https:\/\/ombudsmandemontreal.com\/en\/cases-handled\/examples-of-cases-handled\/urbanism-and-maintenance\/illegal-encroachments-in-a-municipal-alley-%e2%80%93-phase-ii-2006","name":"Illegal encroachments in a municipal alley \u2013 Phase II (2006) - OMBUDSMAN de Montr\u00e9al","isPartOf":{"@id":"https:\/\/ombudsmandemontreal.com\/#website"},"datePublished":"2011-11-25T02:08:44+00:00","breadcrumb":{"@id":"https:\/\/ombudsmandemontreal.com\/en\/cases-handled\/examples-of-cases-handled\/urbanism-and-maintenance\/illegal-encroachments-in-a-municipal-alley-%e2%80%93-phase-ii-2006#breadcrumb"},"inLanguage":"en-US","potentialAction":[{"@type":"ReadAction","target":["https:\/\/ombudsmandemontreal.com\/en\/cases-handled\/examples-of-cases-handled\/urbanism-and-maintenance\/illegal-encroachments-in-a-municipal-alley-%e2%80%93-phase-ii-2006"]}]},{"@type":"BreadcrumbList","@id":"https:\/\/ombudsmandemontreal.com\/en\/cases-handled\/examples-of-cases-handled\/urbanism-and-maintenance\/illegal-encroachments-in-a-municipal-alley-%e2%80%93-phase-ii-2006#breadcrumb","itemListElement":[{"@type":"ListItem","position":1,"name":"Home","item":"https:\/\/ombudsmandemontreal.com\/en\/"},{"@type":"ListItem","position":2,"name":"Cases handled","item":"https:\/\/ombudsmandemontreal.com\/en\/cases-handled"},{"@type":"ListItem","position":3,"name":"Examples of cases handled","item":"https:\/\/ombudsmandemontreal.com\/en\/cases-handled\/examples-of-cases-handled"},{"@type":"ListItem","position":4,"name":"Permits, Urbanism and Maintenance","item":"https:\/\/ombudsmandemontreal.com\/en\/cases-handled\/examples-of-cases-handled\/urbanism-and-maintenance"},{"@type":"ListItem","position":5,"name":"Illegal encroachments in a municipal alley \u2013 Phase II (2006)"}]},{"@type":"WebSite","@id":"https:\/\/ombudsmandemontreal.com\/#website","url":"https:\/\/ombudsmandemontreal.com\/","name":"OMBUDSMAN de Montr\u00e9al","description":"","potentialAction":[{"@type":"SearchAction","target":{"@type":"EntryPoint","urlTemplate":"https:\/\/ombudsmandemontreal.com\/?s={search_term_string}"},"query-input":{"@type":"PropertyValueSpecification","valueRequired":true,"valueName":"search_term_string"}}],"inLanguage":"en-US"}]}},"_links":{"self":[{"href":"https:\/\/ombudsmandemontreal.com\/en\/wp-json\/wp\/v2\/pages\/959","targetHints":{"allow":["GET"]}}],"collection":[{"href":"https:\/\/ombudsmandemontreal.com\/en\/wp-json\/wp\/v2\/pages"}],"about":[{"href":"https:\/\/ombudsmandemontreal.com\/en\/wp-json\/wp\/v2\/types\/page"}],"author":[{"embeddable":true,"href":"https:\/\/ombudsmandemontreal.com\/en\/wp-json\/wp\/v2\/users\/18"}],"replies":[{"embeddable":true,"href":"https:\/\/ombudsmandemontreal.com\/en\/wp-json\/wp\/v2\/comments?post=959"}],"version-history":[{"count":0,"href":"https:\/\/ombudsmandemontreal.com\/en\/wp-json\/wp\/v2\/pages\/959\/revisions"}],"up":[{"embeddable":true,"href":"https:\/\/ombudsmandemontreal.com\/en\/wp-json\/wp\/v2\/pages\/337"}],"wp:attachment":[{"href":"https:\/\/ombudsmandemontreal.com\/en\/wp-json\/wp\/v2\/media?parent=959"}],"curies":[{"name":"wp","href":"https:\/\/api.w.org\/{rel}","templated":true}]}}