{"id":6409,"date":"2019-06-18T14:49:21","date_gmt":"2019-06-18T18:49:21","guid":{"rendered":"https:\/\/ombudsmandemontreal.com\/?page_id=6409"},"modified":"2019-06-18T14:49:21","modified_gmt":"2019-06-18T18:49:21","slug":"own-motion-follow-up-fire-reports-2018","status":"publish","type":"page","link":"https:\/\/ombudsmandemontreal.com\/en\/cases-handled\/examples-of-cases-handled\/miscellaneous\/own-motion-follow-up-fire-reports-2018","title":{"rendered":"Own Motion Follow-up &#8211; Fire Reports (2018)"},"content":{"rendered":"<p><strong><em>Service de s\u00e9curit\u00e9 incendie de Montr\u00e9al<\/em> (SIM) <\/strong><\/p>\n<p>A <em>Rapport g\u00e9n\u00e9ral d\u2019intervention <\/em>(RGI) is required by insurers to compensate disaster victims. A 2015 <strong>OdM<\/strong> inquiry had shown that delays in sending the RGIs were occasionally problematic. The SIM Directors had then taken corrective actions and committed to keep statistics. The <strong>OdM<\/strong> wants to ensure that the measures implemented are efficient: we initiate a follow-up in September 2017.<\/p>\n<p>The SIM does not have precise statistical data on the transmission delays of RGIs. However, it estimates that 85% of RGIs are drafted quickly and sent to citizens within 30 days; 15% of files, nevertheless, would be problematic. These long transmission delays would be due mainly to the fact that several management positions are vacant.<\/p>\n<p>After our intervention, the SIM implements the following measures:<\/p>\n<p style=\"padding-left: 30px;\">\u2666\u00a0 Quarterly reminders to stakeholders of the importance of producing and transmitting RGIs within 30 days.<\/p>\n<p style=\"padding-left: 30px;\">\u2666\u00a0 Addition of a performance evaluation criterion related to the transmission delays of RGIs in the <em>Performance Assessment <\/em>of Managers.<\/p>\n<p style=\"padding-left: 30px;\">\u2666\u00a0 Follow-ups on RGI delays during the statutory meetings between the Director of Operations and fire station Officers.<\/p>\n<p style=\"padding-left: 30px;\">\u2666\u00a0 In cooperation with the <em>Service des relations de travail<\/em>, drafting an administrative letter for \u201cproblem\u201d officers reiterating that they are bound to comply with the RGI directive, subject to sanction.<\/p>\n<p style=\"padding-left: 30px;\">\u2666\u00a0 Creation of a new computerized control tool (<em>Tableau de bord op\u00e9rationnel<\/em>) making it possible, among other things, to compile precise data on the transmission delays of RGIs.<\/p>\n<p>The efforts expended to improve transmission delays of RGIs produce conclusive results. As of August 23, 2018, 4.8% of RGIs are not sent within 30 days: that is three times less than the 15% estimated at the start of the inquiry.<\/p>\n","protected":false},"excerpt":{"rendered":"<p>Service de s\u00e9curit\u00e9 incendie de Montr\u00e9al (SIM) A Rapport g\u00e9n\u00e9ral d\u2019intervention (RGI) is required by insurers to compensate disaster victims. A 2015 OdM inquiry had shown that delays in sending the RGIs were occasionally problematic. The SIM Directors had then &hellip; <a href=\"https:\/\/ombudsmandemontreal.com\/en\/cases-handled\/examples-of-cases-handled\/miscellaneous\/own-motion-follow-up-fire-reports-2018\">Continue reading <span class=\"meta-nav\">&rarr;<\/span><\/a><\/p>\n","protected":false},"author":13,"featured_media":0,"parent":322,"menu_order":41,"comment_status":"closed","ping_status":"closed","template":"","meta":{"_acf_changed":false,"footnotes":""},"class_list":["post-6409","page","type-page","status-publish","hentry"],"acf":[],"yoast_head":"<!-- This site is optimized with the Yoast SEO plugin v27.4 - https:\/\/yoast.com\/product\/yoast-seo-wordpress\/ -->\n<title>Own Motion Follow-up - Fire Reports (2018) - OMBUDSMAN de Montr\u00e9al<\/title>\n<meta name=\"robots\" content=\"index, follow, max-snippet:-1, max-image-preview:large, max-video-preview:-1\" \/>\n<link rel=\"canonical\" href=\"https:\/\/ombudsmandemontreal.com\/en\/cases-handled\/examples-of-cases-handled\/miscellaneous\/own-motion-follow-up-fire-reports-2018\" \/>\n<meta property=\"og:locale\" content=\"en_US\" \/>\n<meta property=\"og:type\" content=\"article\" \/>\n<meta property=\"og:title\" content=\"Own Motion Follow-up - Fire Reports (2018) - OMBUDSMAN de Montr\u00e9al\" \/>\n<meta property=\"og:description\" content=\"Service de s\u00e9curit\u00e9 incendie de Montr\u00e9al (SIM) A Rapport g\u00e9n\u00e9ral d\u2019intervention (RGI) is required by insurers to compensate disaster victims. A 2015 OdM inquiry had shown that delays in sending the RGIs were occasionally problematic. The SIM Directors had then &hellip; Continue reading &rarr;\" \/>\n<meta property=\"og:url\" content=\"https:\/\/ombudsmandemontreal.com\/en\/cases-handled\/examples-of-cases-handled\/miscellaneous\/own-motion-follow-up-fire-reports-2018\" \/>\n<meta property=\"og:site_name\" content=\"OMBUDSMAN de Montr\u00e9al\" \/>\n<meta name=\"twitter:card\" content=\"summary_large_image\" \/>\n<meta name=\"twitter:label1\" content=\"Est. reading time\" \/>\n\t<meta name=\"twitter:data1\" content=\"1 minute\" \/>\n<script type=\"application\/ld+json\" class=\"yoast-schema-graph\">{\"@context\":\"https:\\\/\\\/schema.org\",\"@graph\":[{\"@type\":\"WebPage\",\"@id\":\"https:\\\/\\\/ombudsmandemontreal.com\\\/en\\\/cases-handled\\\/examples-of-cases-handled\\\/miscellaneous\\\/own-motion-follow-up-fire-reports-2018\",\"url\":\"https:\\\/\\\/ombudsmandemontreal.com\\\/en\\\/cases-handled\\\/examples-of-cases-handled\\\/miscellaneous\\\/own-motion-follow-up-fire-reports-2018\",\"name\":\"Own Motion Follow-up - Fire Reports (2018) - OMBUDSMAN de Montr\u00e9al\",\"isPartOf\":{\"@id\":\"https:\\\/\\\/ombudsmandemontreal.com\\\/#website\"},\"datePublished\":\"2019-06-18T18:49:21+00:00\",\"breadcrumb\":{\"@id\":\"https:\\\/\\\/ombudsmandemontreal.com\\\/en\\\/cases-handled\\\/examples-of-cases-handled\\\/miscellaneous\\\/own-motion-follow-up-fire-reports-2018#breadcrumb\"},\"inLanguage\":\"en-US\",\"potentialAction\":[{\"@type\":\"ReadAction\",\"target\":[\"https:\\\/\\\/ombudsmandemontreal.com\\\/en\\\/cases-handled\\\/examples-of-cases-handled\\\/miscellaneous\\\/own-motion-follow-up-fire-reports-2018\"]}]},{\"@type\":\"BreadcrumbList\",\"@id\":\"https:\\\/\\\/ombudsmandemontreal.com\\\/en\\\/cases-handled\\\/examples-of-cases-handled\\\/miscellaneous\\\/own-motion-follow-up-fire-reports-2018#breadcrumb\",\"itemListElement\":[{\"@type\":\"ListItem\",\"position\":1,\"name\":\"Home\",\"item\":\"https:\\\/\\\/ombudsmandemontreal.com\\\/en\\\/\"},{\"@type\":\"ListItem\",\"position\":2,\"name\":\"Cases handled\",\"item\":\"https:\\\/\\\/ombudsmandemontreal.com\\\/en\\\/cases-handled\"},{\"@type\":\"ListItem\",\"position\":3,\"name\":\"Examples of cases handled\",\"item\":\"https:\\\/\\\/ombudsmandemontreal.com\\\/en\\\/cases-handled\\\/examples-of-cases-handled\"},{\"@type\":\"ListItem\",\"position\":4,\"name\":\"Miscellaneous\",\"item\":\"https:\\\/\\\/ombudsmandemontreal.com\\\/en\\\/cases-handled\\\/examples-of-cases-handled\\\/miscellaneous\"},{\"@type\":\"ListItem\",\"position\":5,\"name\":\"Own Motion Follow-up &#8211; Fire Reports (2018)\"}]},{\"@type\":\"WebSite\",\"@id\":\"https:\\\/\\\/ombudsmandemontreal.com\\\/#website\",\"url\":\"https:\\\/\\\/ombudsmandemontreal.com\\\/\",\"name\":\"OMBUDSMAN de Montr\u00e9al\",\"description\":\"\",\"potentialAction\":[{\"@type\":\"SearchAction\",\"target\":{\"@type\":\"EntryPoint\",\"urlTemplate\":\"https:\\\/\\\/ombudsmandemontreal.com\\\/?s={search_term_string}\"},\"query-input\":{\"@type\":\"PropertyValueSpecification\",\"valueRequired\":true,\"valueName\":\"search_term_string\"}}],\"inLanguage\":\"en-US\"}]}<\/script>\n<!-- \/ Yoast SEO plugin. -->","yoast_head_json":{"title":"Own Motion Follow-up - Fire Reports (2018) - OMBUDSMAN de Montr\u00e9al","robots":{"index":"index","follow":"follow","max-snippet":"max-snippet:-1","max-image-preview":"max-image-preview:large","max-video-preview":"max-video-preview:-1"},"canonical":"https:\/\/ombudsmandemontreal.com\/en\/cases-handled\/examples-of-cases-handled\/miscellaneous\/own-motion-follow-up-fire-reports-2018","og_locale":"en_US","og_type":"article","og_title":"Own Motion Follow-up - Fire Reports (2018) - OMBUDSMAN de Montr\u00e9al","og_description":"Service de s\u00e9curit\u00e9 incendie de Montr\u00e9al (SIM) A Rapport g\u00e9n\u00e9ral d\u2019intervention (RGI) is required by insurers to compensate disaster victims. A 2015 OdM inquiry had shown that delays in sending the RGIs were occasionally problematic. The SIM Directors had then &hellip; Continue reading &rarr;","og_url":"https:\/\/ombudsmandemontreal.com\/en\/cases-handled\/examples-of-cases-handled\/miscellaneous\/own-motion-follow-up-fire-reports-2018","og_site_name":"OMBUDSMAN de Montr\u00e9al","twitter_card":"summary_large_image","twitter_misc":{"Est. reading time":"1 minute"},"schema":{"@context":"https:\/\/schema.org","@graph":[{"@type":"WebPage","@id":"https:\/\/ombudsmandemontreal.com\/en\/cases-handled\/examples-of-cases-handled\/miscellaneous\/own-motion-follow-up-fire-reports-2018","url":"https:\/\/ombudsmandemontreal.com\/en\/cases-handled\/examples-of-cases-handled\/miscellaneous\/own-motion-follow-up-fire-reports-2018","name":"Own Motion Follow-up - Fire Reports (2018) - OMBUDSMAN de Montr\u00e9al","isPartOf":{"@id":"https:\/\/ombudsmandemontreal.com\/#website"},"datePublished":"2019-06-18T18:49:21+00:00","breadcrumb":{"@id":"https:\/\/ombudsmandemontreal.com\/en\/cases-handled\/examples-of-cases-handled\/miscellaneous\/own-motion-follow-up-fire-reports-2018#breadcrumb"},"inLanguage":"en-US","potentialAction":[{"@type":"ReadAction","target":["https:\/\/ombudsmandemontreal.com\/en\/cases-handled\/examples-of-cases-handled\/miscellaneous\/own-motion-follow-up-fire-reports-2018"]}]},{"@type":"BreadcrumbList","@id":"https:\/\/ombudsmandemontreal.com\/en\/cases-handled\/examples-of-cases-handled\/miscellaneous\/own-motion-follow-up-fire-reports-2018#breadcrumb","itemListElement":[{"@type":"ListItem","position":1,"name":"Home","item":"https:\/\/ombudsmandemontreal.com\/en\/"},{"@type":"ListItem","position":2,"name":"Cases handled","item":"https:\/\/ombudsmandemontreal.com\/en\/cases-handled"},{"@type":"ListItem","position":3,"name":"Examples of cases handled","item":"https:\/\/ombudsmandemontreal.com\/en\/cases-handled\/examples-of-cases-handled"},{"@type":"ListItem","position":4,"name":"Miscellaneous","item":"https:\/\/ombudsmandemontreal.com\/en\/cases-handled\/examples-of-cases-handled\/miscellaneous"},{"@type":"ListItem","position":5,"name":"Own Motion Follow-up &#8211; Fire Reports (2018)"}]},{"@type":"WebSite","@id":"https:\/\/ombudsmandemontreal.com\/#website","url":"https:\/\/ombudsmandemontreal.com\/","name":"OMBUDSMAN de Montr\u00e9al","description":"","potentialAction":[{"@type":"SearchAction","target":{"@type":"EntryPoint","urlTemplate":"https:\/\/ombudsmandemontreal.com\/?s={search_term_string}"},"query-input":{"@type":"PropertyValueSpecification","valueRequired":true,"valueName":"search_term_string"}}],"inLanguage":"en-US"}]}},"_links":{"self":[{"href":"https:\/\/ombudsmandemontreal.com\/en\/wp-json\/wp\/v2\/pages\/6409","targetHints":{"allow":["GET"]}}],"collection":[{"href":"https:\/\/ombudsmandemontreal.com\/en\/wp-json\/wp\/v2\/pages"}],"about":[{"href":"https:\/\/ombudsmandemontreal.com\/en\/wp-json\/wp\/v2\/types\/page"}],"author":[{"embeddable":true,"href":"https:\/\/ombudsmandemontreal.com\/en\/wp-json\/wp\/v2\/users\/13"}],"replies":[{"embeddable":true,"href":"https:\/\/ombudsmandemontreal.com\/en\/wp-json\/wp\/v2\/comments?post=6409"}],"version-history":[{"count":0,"href":"https:\/\/ombudsmandemontreal.com\/en\/wp-json\/wp\/v2\/pages\/6409\/revisions"}],"up":[{"embeddable":true,"href":"https:\/\/ombudsmandemontreal.com\/en\/wp-json\/wp\/v2\/pages\/322"}],"wp:attachment":[{"href":"https:\/\/ombudsmandemontreal.com\/en\/wp-json\/wp\/v2\/media?parent=6409"}],"curies":[{"name":"wp","href":"https:\/\/api.w.org\/{rel}","templated":true}]}}