{"id":5679,"date":"2018-06-20T13:58:31","date_gmt":"2018-06-20T17:58:31","guid":{"rendered":"https:\/\/ombudsmandemontreal.com\/?page_id=5679"},"modified":"2018-06-20T13:58:31","modified_gmt":"2018-06-20T17:58:31","slug":"2017-2","status":"publish","type":"page","link":"https:\/\/ombudsmandemontreal.com\/en\/press-room\/press-of-the-odm\/2017-2","title":{"rendered":"2017"},"content":{"rendered":"<p><a href=\"http:\/\/www.tvanouvelles.ca\/2017\/06\/13\/presque-toutes-les-plaintes-a-lombudsman-sont-reglees-a-montreal\" target=\"_blank\" rel=\"noopener noreferrer\">Presque toutes les plaintes \u00e0 l&#8217;ombudsman sont r\u00e9gl\u00e9es \u00e0 Montr\u00e9al<\/a>, TVA Nouvelles, Journal de Montr\u00e9al, Agence QMI &#8211; 13 juin 2017<\/p>\n<p><a href=\"http:\/\/www.985fm.ca\/lecteur\/audio\/maitre-johanne-savard-368218.mp3\" target=\"_blank\" rel=\"noopener noreferrer\">Entrevue radio de l&#8217;ombudsman, Johanne Savard, au 98,5, \u00e0 l&#8217;\u00e9mission de Mathieu Beaumont<\/a> &#8211; 13 juin 2017<\/p>\n<p><a href=\"http:\/\/www.lapresse.ca\/actualites\/montreal\/201706\/14\/01-5107328-hausse-marquee-des-plaintes-a-lombudsman-de-montreal.php\" target=\"_blank\" rel=\"noopener noreferrer\">Hausse marqu\u00e9e des plaintes \u00e0 l&#8217;ombudsman de Montr\u00e9al<\/a>, La Presse.ca &#8211; 13 juin 2017<\/p>\n<p><a href=\"http:\/\/www.lapresse.ca\/actualites\/montreal\/201706\/14\/01-5107328-hausse-marquee-des-plaintes-a-lombudsman-de-montreal.php\" target=\"_blank\" rel=\"noopener noreferrer\">Le r\u00e8glement sur les pitbulls a entra\u00een\u00e9 plusieurs plaintes \u00e0 l&#8217;ombudsman de Montr\u00e9al<\/a>, Ici Radio-Canada.ca &#8211; 13 juin 2017<\/p>\n<p><a href=\"http:\/\/journalmetro.com\/local\/mercier-anjou\/actualites\/1154320\/legere-augmentation-des-plaintes-aupres-de-lombudsman-dans-mhm\/\" target=\"_blank\" rel=\"noopener noreferrer\">L\u00e9g\u00e8re augmentation des plaintes aupr\u00e8s de l&#8217;Ombudsman dans MHM<\/a>, Le Flambeau Mercier-Anjou &#8211; 13 juin 2017<\/p>\n<p><a href=\"http:\/\/journalmetro.com\/local\/montreal-nord\/actualites\/1154575\/montreal-nord-doit-securiser-ses-lieux-de-culte\/\" target=\"_blank\" rel=\"noopener noreferrer\">Montr\u00e9al-Nord doit s\u00e9curiser ses lieux de culte<\/a>, Le Guide de Montr\u00e9al-Nord &#8211; 13 juin 2017<\/p>\n<p><a href=\"http:\/\/petite-patrie.pamplemousse.ca\/2017\/06\/rosemont-la-petite-patrie-96-nouvelles-plaintes-recues-a-lombudsman-de-montreal-en-2016\/\" target=\"_blank\" rel=\"noopener noreferrer\">L&#8217;ombudsman de Montr\u00e9al (OdM) a re\u00e7u 96 nouvelles plaintes concernant l&#8217;arrondissement de Rosemont-La-Petite-Patrie, soit 31 de plus qu&#8217;en 2016<\/a>, Pamplemousse, Petite-Patrie Journal local &#8211; 14 juin 2017<\/p>\n<p><a href=\"http:\/\/journalmetro.com\/local\/rosemont-la-petite-patrie\/actualites\/1156012\/lechec-de-lannee-pour-lombudsman-de-montreal\/\" target=\"_blank\" rel=\"noopener noreferrer\">L&#8217;\u00ab\u00e9chec de l&#8217;ann\u00e9e\u00bb pour l&#8217;Ombudsman de Montr\u00e9al<\/a>,\u00a0Journal de Rosemont &#8211; 15 juin 2017<\/p>\n","protected":false},"excerpt":{"rendered":"<p>Presque toutes les plaintes \u00e0 l&#8217;ombudsman sont r\u00e9gl\u00e9es \u00e0 Montr\u00e9al, TVA Nouvelles, Journal de Montr\u00e9al, Agence QMI &#8211; 13 juin 2017 Entrevue radio de l&#8217;ombudsman, Johanne Savard, au 98,5, \u00e0 l&#8217;\u00e9mission de Mathieu Beaumont &#8211; 13 juin 2017 Hausse marqu\u00e9e &hellip; <a href=\"https:\/\/ombudsmandemontreal.com\/en\/press-room\/press-of-the-odm\/2017-2\">Continue reading <span class=\"meta-nav\">&rarr;<\/span><\/a><\/p>\n","protected":false},"author":13,"featured_media":0,"parent":1297,"menu_order":1,"comment_status":"closed","ping_status":"closed","template":"","meta":{"_acf_changed":false,"footnotes":""},"class_list":["post-5679","page","type-page","status-publish","hentry"],"acf":[],"yoast_head":"<!-- This site is optimized with the Yoast SEO plugin v26.8 - https:\/\/yoast.com\/product\/yoast-seo-wordpress\/ -->\n<title>2017 - OMBUDSMAN de Montr\u00e9al<\/title>\n<meta name=\"robots\" content=\"index, follow, max-snippet:-1, max-image-preview:large, max-video-preview:-1\" \/>\n<link rel=\"canonical\" href=\"https:\/\/ombudsmandemontreal.com\/en\/press-room\/press-of-the-odm\/2017-2\" \/>\n<meta property=\"og:locale\" content=\"en_US\" \/>\n<meta property=\"og:type\" content=\"article\" \/>\n<meta property=\"og:title\" content=\"2017 - OMBUDSMAN de Montr\u00e9al\" \/>\n<meta property=\"og:description\" content=\"Presque toutes les plaintes \u00e0 l&#8217;ombudsman sont r\u00e9gl\u00e9es \u00e0 Montr\u00e9al, TVA Nouvelles, Journal de Montr\u00e9al, Agence QMI &#8211; 13 juin 2017 Entrevue radio de l&#8217;ombudsman, Johanne Savard, au 98,5, \u00e0 l&#8217;\u00e9mission de Mathieu Beaumont &#8211; 13 juin 2017 Hausse marqu\u00e9e &hellip; Continue reading &rarr;\" \/>\n<meta property=\"og:url\" content=\"https:\/\/ombudsmandemontreal.com\/en\/press-room\/press-of-the-odm\/2017-2\" \/>\n<meta property=\"og:site_name\" content=\"OMBUDSMAN de Montr\u00e9al\" \/>\n<meta name=\"twitter:card\" content=\"summary_large_image\" \/>\n<meta name=\"twitter:label1\" content=\"Est. reading time\" \/>\n\t<meta name=\"twitter:data1\" content=\"1 minute\" \/>\n<script type=\"application\/ld+json\" class=\"yoast-schema-graph\">{\"@context\":\"https:\/\/schema.org\",\"@graph\":[{\"@type\":\"WebPage\",\"@id\":\"https:\/\/ombudsmandemontreal.com\/en\/press-room\/press-of-the-odm\/2017-2\",\"url\":\"https:\/\/ombudsmandemontreal.com\/en\/press-room\/press-of-the-odm\/2017-2\",\"name\":\"2017 - OMBUDSMAN de Montr\u00e9al\",\"isPartOf\":{\"@id\":\"https:\/\/ombudsmandemontreal.com\/#website\"},\"datePublished\":\"2018-06-20T17:58:31+00:00\",\"breadcrumb\":{\"@id\":\"https:\/\/ombudsmandemontreal.com\/en\/press-room\/press-of-the-odm\/2017-2#breadcrumb\"},\"inLanguage\":\"en-US\",\"potentialAction\":[{\"@type\":\"ReadAction\",\"target\":[\"https:\/\/ombudsmandemontreal.com\/en\/press-room\/press-of-the-odm\/2017-2\"]}]},{\"@type\":\"BreadcrumbList\",\"@id\":\"https:\/\/ombudsmandemontreal.com\/en\/press-room\/press-of-the-odm\/2017-2#breadcrumb\",\"itemListElement\":[{\"@type\":\"ListItem\",\"position\":1,\"name\":\"Home\",\"item\":\"https:\/\/ombudsmandemontreal.com\/en\/\"},{\"@type\":\"ListItem\",\"position\":2,\"name\":\"Press room\",\"item\":\"https:\/\/ombudsmandemontreal.com\/en\/press-room\"},{\"@type\":\"ListItem\",\"position\":3,\"name\":\"Press room\",\"item\":\"https:\/\/ombudsmandemontreal.com\/en\/press-room\/press-of-the-odm\"},{\"@type\":\"ListItem\",\"position\":4,\"name\":\"2017\"}]},{\"@type\":\"WebSite\",\"@id\":\"https:\/\/ombudsmandemontreal.com\/#website\",\"url\":\"https:\/\/ombudsmandemontreal.com\/\",\"name\":\"OMBUDSMAN de Montr\u00e9al\",\"description\":\"\",\"potentialAction\":[{\"@type\":\"SearchAction\",\"target\":{\"@type\":\"EntryPoint\",\"urlTemplate\":\"https:\/\/ombudsmandemontreal.com\/?s={search_term_string}\"},\"query-input\":{\"@type\":\"PropertyValueSpecification\",\"valueRequired\":true,\"valueName\":\"search_term_string\"}}],\"inLanguage\":\"en-US\"}]}<\/script>\n<!-- \/ Yoast SEO plugin. -->","yoast_head_json":{"title":"2017 - OMBUDSMAN de Montr\u00e9al","robots":{"index":"index","follow":"follow","max-snippet":"max-snippet:-1","max-image-preview":"max-image-preview:large","max-video-preview":"max-video-preview:-1"},"canonical":"https:\/\/ombudsmandemontreal.com\/en\/press-room\/press-of-the-odm\/2017-2","og_locale":"en_US","og_type":"article","og_title":"2017 - OMBUDSMAN de Montr\u00e9al","og_description":"Presque toutes les plaintes \u00e0 l&#8217;ombudsman sont r\u00e9gl\u00e9es \u00e0 Montr\u00e9al, TVA Nouvelles, Journal de Montr\u00e9al, Agence QMI &#8211; 13 juin 2017 Entrevue radio de l&#8217;ombudsman, Johanne Savard, au 98,5, \u00e0 l&#8217;\u00e9mission de Mathieu Beaumont &#8211; 13 juin 2017 Hausse marqu\u00e9e &hellip; Continue reading &rarr;","og_url":"https:\/\/ombudsmandemontreal.com\/en\/press-room\/press-of-the-odm\/2017-2","og_site_name":"OMBUDSMAN de Montr\u00e9al","twitter_card":"summary_large_image","twitter_misc":{"Est. reading time":"1 minute"},"schema":{"@context":"https:\/\/schema.org","@graph":[{"@type":"WebPage","@id":"https:\/\/ombudsmandemontreal.com\/en\/press-room\/press-of-the-odm\/2017-2","url":"https:\/\/ombudsmandemontreal.com\/en\/press-room\/press-of-the-odm\/2017-2","name":"2017 - OMBUDSMAN de Montr\u00e9al","isPartOf":{"@id":"https:\/\/ombudsmandemontreal.com\/#website"},"datePublished":"2018-06-20T17:58:31+00:00","breadcrumb":{"@id":"https:\/\/ombudsmandemontreal.com\/en\/press-room\/press-of-the-odm\/2017-2#breadcrumb"},"inLanguage":"en-US","potentialAction":[{"@type":"ReadAction","target":["https:\/\/ombudsmandemontreal.com\/en\/press-room\/press-of-the-odm\/2017-2"]}]},{"@type":"BreadcrumbList","@id":"https:\/\/ombudsmandemontreal.com\/en\/press-room\/press-of-the-odm\/2017-2#breadcrumb","itemListElement":[{"@type":"ListItem","position":1,"name":"Home","item":"https:\/\/ombudsmandemontreal.com\/en\/"},{"@type":"ListItem","position":2,"name":"Press room","item":"https:\/\/ombudsmandemontreal.com\/en\/press-room"},{"@type":"ListItem","position":3,"name":"Press room","item":"https:\/\/ombudsmandemontreal.com\/en\/press-room\/press-of-the-odm"},{"@type":"ListItem","position":4,"name":"2017"}]},{"@type":"WebSite","@id":"https:\/\/ombudsmandemontreal.com\/#website","url":"https:\/\/ombudsmandemontreal.com\/","name":"OMBUDSMAN de Montr\u00e9al","description":"","potentialAction":[{"@type":"SearchAction","target":{"@type":"EntryPoint","urlTemplate":"https:\/\/ombudsmandemontreal.com\/?s={search_term_string}"},"query-input":{"@type":"PropertyValueSpecification","valueRequired":true,"valueName":"search_term_string"}}],"inLanguage":"en-US"}]}},"_links":{"self":[{"href":"https:\/\/ombudsmandemontreal.com\/en\/wp-json\/wp\/v2\/pages\/5679","targetHints":{"allow":["GET"]}}],"collection":[{"href":"https:\/\/ombudsmandemontreal.com\/en\/wp-json\/wp\/v2\/pages"}],"about":[{"href":"https:\/\/ombudsmandemontreal.com\/en\/wp-json\/wp\/v2\/types\/page"}],"author":[{"embeddable":true,"href":"https:\/\/ombudsmandemontreal.com\/en\/wp-json\/wp\/v2\/users\/13"}],"replies":[{"embeddable":true,"href":"https:\/\/ombudsmandemontreal.com\/en\/wp-json\/wp\/v2\/comments?post=5679"}],"version-history":[{"count":0,"href":"https:\/\/ombudsmandemontreal.com\/en\/wp-json\/wp\/v2\/pages\/5679\/revisions"}],"up":[{"embeddable":true,"href":"https:\/\/ombudsmandemontreal.com\/en\/wp-json\/wp\/v2\/pages\/1297"}],"wp:attachment":[{"href":"https:\/\/ombudsmandemontreal.com\/en\/wp-json\/wp\/v2\/media?parent=5679"}],"curies":[{"name":"wp","href":"https:\/\/api.w.org\/{rel}","templated":true}]}}