{"id":5611,"date":"2018-06-19T08:50:28","date_gmt":"2018-06-19T12:50:28","guid":{"rendered":"https:\/\/ombudsmandemontreal.com\/?page_id=5611"},"modified":"2018-06-19T08:50:28","modified_gmt":"2018-06-19T12:50:28","slug":"mobile-polling-2017","status":"publish","type":"page","link":"https:\/\/ombudsmandemontreal.com\/en\/cases-handled\/examples-of-charter-files\/miscellaneous\/mobile-polling-2017","title":{"rendered":"Mobile Polling (2017)"},"content":{"rendered":"<h3><em>Bureau du pr\u00e9sident d\u2019\u00e9lection<\/em> (<em>Service du greffe<\/em>)<\/h3>\n<p>A citizen who recently moved in a seniors long-term care home wishes to register to mobile polling scheduled at her new residence, for the upcoming 2107 municipal election.<\/p>\n<p>To this end, she sends an application to the Election President (who is the City Clerk). Unfortunately, due to an error by Canada Post (returned mail), the Clerk&#8217;s office never receives her application.<\/p>\n<p>The citizen&#8217;s daughter calls upon the Chief Electoral Officer (<em>Directeur g\u00e9n\u00e9ral des \u00e9lections du Qu\u00e9bec<\/em> (DGEQ)) and the <em>Service du greffe de Montr\u00e9al<\/em>. She is told that since the legal deadline has expired, it is no longer possible to add her mother\u2019s name to the mobile polling.<\/p>\n<p>One week before voting day, she seeks the <strong>OdM<\/strong> intervention. Her mother insists on exercising her right to vote and her physical condition prevents her from reaching her regular polling station. We begin our negotiations.<\/p>\n<p>The <em>Service du greffe<\/em> reiterates that the law is strict: there is no way that this lady can register for mobile polling. If the citizen wishes to vote, she will have to show up on voting day at the regular polling station where she is registered (her previous address). If required, accommodations could be put in place to facilitate her access to that polling station<strong>. <\/strong><\/p>\n<p>Considering her condition, travelling on voting day for this citizen is not an option. Hence, our office pursues its negotiations in order to find a solution.<\/p>\n<p>The <strong>OdM<\/strong> examines the Act Respecting Elections and Referendums in Municipalities and finds the following provision:<\/p>\n<p>&#8221;<em>Article 90.5: If, during the election period (&#8230;), it comes to the attention of the chief electoral officer that, subsequent to an error, emergency or exceptional circumstance, a provision referred to in section 90.1 does not meet the demands of the resultant situation, the chief electoral officer may adapt the provision in order to achieve its object.<\/em>\u00a0&#8221;<\/p>\n<p>In our opinion, the citizen&#8217;s situation satisfies this criterion: the strict application of the law does indeed deprive the citizen of her right to vote, which is contrary to the purpose sought by the law.<\/p>\n<p>The <strong>OdM<\/strong> engages again with the <em>Service du greffe<\/em> to discuss ways to apply section 90.5 to this case.<\/p>\n<p style=\"padding-left: 30px;\">\u2022 The <em>Service du greffe<\/em> deals to that end with the Chief Electoral Officer (<em>Directeur g\u00e9n\u00e9ral des \u00e9lections du Qu\u00e9bec<\/em> (DGEQ)).<\/p>\n<p style=\"padding-left: 30px;\">\u2022 The request is quickly granted by the DGEQ.<\/p>\n<p>The day before voting day, the mobile polling team is dispatched to the citizen&#8217;s dwelling so that she can vote on site.<\/p>\n","protected":false},"excerpt":{"rendered":"<p>Bureau du pr\u00e9sident d\u2019\u00e9lection (Service du greffe) A citizen who recently moved in a seniors long-term care home wishes to register to mobile polling scheduled at her new residence, for the upcoming 2107 municipal election. To this end, she sends &hellip; <a href=\"https:\/\/ombudsmandemontreal.com\/en\/cases-handled\/examples-of-charter-files\/miscellaneous\/mobile-polling-2017\">Continue reading <span class=\"meta-nav\">&rarr;<\/span><\/a><\/p>\n","protected":false},"author":13,"featured_media":0,"parent":443,"menu_order":36,"comment_status":"closed","ping_status":"closed","template":"","meta":{"_acf_changed":false,"footnotes":""},"class_list":["post-5611","page","type-page","status-publish","hentry"],"acf":[],"yoast_head":"<!-- This site is optimized with the Yoast SEO plugin v27.4 - https:\/\/yoast.com\/product\/yoast-seo-wordpress\/ -->\n<title>Mobile Polling (2017) - OMBUDSMAN de Montr\u00e9al<\/title>\n<meta name=\"robots\" content=\"index, follow, max-snippet:-1, max-image-preview:large, max-video-preview:-1\" \/>\n<link rel=\"canonical\" href=\"https:\/\/ombudsmandemontreal.com\/en\/cases-handled\/examples-of-charter-files\/miscellaneous\/mobile-polling-2017\" \/>\n<meta property=\"og:locale\" content=\"en_US\" \/>\n<meta property=\"og:type\" content=\"article\" \/>\n<meta property=\"og:title\" content=\"Mobile Polling (2017) - OMBUDSMAN de Montr\u00e9al\" \/>\n<meta property=\"og:description\" content=\"Bureau du pr\u00e9sident d\u2019\u00e9lection (Service du greffe) A citizen who recently moved in a seniors long-term care home wishes to register to mobile polling scheduled at her new residence, for the upcoming 2107 municipal election. To this end, she sends &hellip; Continue reading &rarr;\" \/>\n<meta property=\"og:url\" content=\"https:\/\/ombudsmandemontreal.com\/en\/cases-handled\/examples-of-charter-files\/miscellaneous\/mobile-polling-2017\" \/>\n<meta property=\"og:site_name\" content=\"OMBUDSMAN de Montr\u00e9al\" \/>\n<meta name=\"twitter:card\" content=\"summary_large_image\" \/>\n<meta name=\"twitter:label1\" content=\"Est. reading time\" \/>\n\t<meta name=\"twitter:data1\" content=\"2 minutes\" \/>\n<script type=\"application\/ld+json\" class=\"yoast-schema-graph\">{\"@context\":\"https:\\\/\\\/schema.org\",\"@graph\":[{\"@type\":\"WebPage\",\"@id\":\"https:\\\/\\\/ombudsmandemontreal.com\\\/en\\\/cases-handled\\\/examples-of-charter-files\\\/miscellaneous\\\/mobile-polling-2017\",\"url\":\"https:\\\/\\\/ombudsmandemontreal.com\\\/en\\\/cases-handled\\\/examples-of-charter-files\\\/miscellaneous\\\/mobile-polling-2017\",\"name\":\"Mobile Polling (2017) - OMBUDSMAN de Montr\u00e9al\",\"isPartOf\":{\"@id\":\"https:\\\/\\\/ombudsmandemontreal.com\\\/#website\"},\"datePublished\":\"2018-06-19T12:50:28+00:00\",\"breadcrumb\":{\"@id\":\"https:\\\/\\\/ombudsmandemontreal.com\\\/en\\\/cases-handled\\\/examples-of-charter-files\\\/miscellaneous\\\/mobile-polling-2017#breadcrumb\"},\"inLanguage\":\"en-US\",\"potentialAction\":[{\"@type\":\"ReadAction\",\"target\":[\"https:\\\/\\\/ombudsmandemontreal.com\\\/en\\\/cases-handled\\\/examples-of-charter-files\\\/miscellaneous\\\/mobile-polling-2017\"]}]},{\"@type\":\"BreadcrumbList\",\"@id\":\"https:\\\/\\\/ombudsmandemontreal.com\\\/en\\\/cases-handled\\\/examples-of-charter-files\\\/miscellaneous\\\/mobile-polling-2017#breadcrumb\",\"itemListElement\":[{\"@type\":\"ListItem\",\"position\":1,\"name\":\"Home\",\"item\":\"https:\\\/\\\/ombudsmandemontreal.com\\\/en\\\/\"},{\"@type\":\"ListItem\",\"position\":2,\"name\":\"Cases handled\",\"item\":\"https:\\\/\\\/ombudsmandemontreal.com\\\/en\\\/cases-handled\"},{\"@type\":\"ListItem\",\"position\":3,\"name\":\"Examples of Charter files\",\"item\":\"https:\\\/\\\/ombudsmandemontreal.com\\\/en\\\/cases-handled\\\/examples-of-charter-files\"},{\"@type\":\"ListItem\",\"position\":4,\"name\":\"Miscellaneous\",\"item\":\"https:\\\/\\\/ombudsmandemontreal.com\\\/en\\\/cases-handled\\\/examples-of-charter-files\\\/miscellaneous\"},{\"@type\":\"ListItem\",\"position\":5,\"name\":\"Mobile Polling (2017)\"}]},{\"@type\":\"WebSite\",\"@id\":\"https:\\\/\\\/ombudsmandemontreal.com\\\/#website\",\"url\":\"https:\\\/\\\/ombudsmandemontreal.com\\\/\",\"name\":\"OMBUDSMAN de Montr\u00e9al\",\"description\":\"\",\"potentialAction\":[{\"@type\":\"SearchAction\",\"target\":{\"@type\":\"EntryPoint\",\"urlTemplate\":\"https:\\\/\\\/ombudsmandemontreal.com\\\/?s={search_term_string}\"},\"query-input\":{\"@type\":\"PropertyValueSpecification\",\"valueRequired\":true,\"valueName\":\"search_term_string\"}}],\"inLanguage\":\"en-US\"}]}<\/script>\n<!-- \/ Yoast SEO plugin. -->","yoast_head_json":{"title":"Mobile Polling (2017) - OMBUDSMAN de Montr\u00e9al","robots":{"index":"index","follow":"follow","max-snippet":"max-snippet:-1","max-image-preview":"max-image-preview:large","max-video-preview":"max-video-preview:-1"},"canonical":"https:\/\/ombudsmandemontreal.com\/en\/cases-handled\/examples-of-charter-files\/miscellaneous\/mobile-polling-2017","og_locale":"en_US","og_type":"article","og_title":"Mobile Polling (2017) - OMBUDSMAN de Montr\u00e9al","og_description":"Bureau du pr\u00e9sident d\u2019\u00e9lection (Service du greffe) A citizen who recently moved in a seniors long-term care home wishes to register to mobile polling scheduled at her new residence, for the upcoming 2107 municipal election. To this end, she sends &hellip; Continue reading &rarr;","og_url":"https:\/\/ombudsmandemontreal.com\/en\/cases-handled\/examples-of-charter-files\/miscellaneous\/mobile-polling-2017","og_site_name":"OMBUDSMAN de Montr\u00e9al","twitter_card":"summary_large_image","twitter_misc":{"Est. reading time":"2 minutes"},"schema":{"@context":"https:\/\/schema.org","@graph":[{"@type":"WebPage","@id":"https:\/\/ombudsmandemontreal.com\/en\/cases-handled\/examples-of-charter-files\/miscellaneous\/mobile-polling-2017","url":"https:\/\/ombudsmandemontreal.com\/en\/cases-handled\/examples-of-charter-files\/miscellaneous\/mobile-polling-2017","name":"Mobile Polling (2017) - OMBUDSMAN de Montr\u00e9al","isPartOf":{"@id":"https:\/\/ombudsmandemontreal.com\/#website"},"datePublished":"2018-06-19T12:50:28+00:00","breadcrumb":{"@id":"https:\/\/ombudsmandemontreal.com\/en\/cases-handled\/examples-of-charter-files\/miscellaneous\/mobile-polling-2017#breadcrumb"},"inLanguage":"en-US","potentialAction":[{"@type":"ReadAction","target":["https:\/\/ombudsmandemontreal.com\/en\/cases-handled\/examples-of-charter-files\/miscellaneous\/mobile-polling-2017"]}]},{"@type":"BreadcrumbList","@id":"https:\/\/ombudsmandemontreal.com\/en\/cases-handled\/examples-of-charter-files\/miscellaneous\/mobile-polling-2017#breadcrumb","itemListElement":[{"@type":"ListItem","position":1,"name":"Home","item":"https:\/\/ombudsmandemontreal.com\/en\/"},{"@type":"ListItem","position":2,"name":"Cases handled","item":"https:\/\/ombudsmandemontreal.com\/en\/cases-handled"},{"@type":"ListItem","position":3,"name":"Examples of Charter files","item":"https:\/\/ombudsmandemontreal.com\/en\/cases-handled\/examples-of-charter-files"},{"@type":"ListItem","position":4,"name":"Miscellaneous","item":"https:\/\/ombudsmandemontreal.com\/en\/cases-handled\/examples-of-charter-files\/miscellaneous"},{"@type":"ListItem","position":5,"name":"Mobile Polling (2017)"}]},{"@type":"WebSite","@id":"https:\/\/ombudsmandemontreal.com\/#website","url":"https:\/\/ombudsmandemontreal.com\/","name":"OMBUDSMAN de Montr\u00e9al","description":"","potentialAction":[{"@type":"SearchAction","target":{"@type":"EntryPoint","urlTemplate":"https:\/\/ombudsmandemontreal.com\/?s={search_term_string}"},"query-input":{"@type":"PropertyValueSpecification","valueRequired":true,"valueName":"search_term_string"}}],"inLanguage":"en-US"}]}},"_links":{"self":[{"href":"https:\/\/ombudsmandemontreal.com\/en\/wp-json\/wp\/v2\/pages\/5611","targetHints":{"allow":["GET"]}}],"collection":[{"href":"https:\/\/ombudsmandemontreal.com\/en\/wp-json\/wp\/v2\/pages"}],"about":[{"href":"https:\/\/ombudsmandemontreal.com\/en\/wp-json\/wp\/v2\/types\/page"}],"author":[{"embeddable":true,"href":"https:\/\/ombudsmandemontreal.com\/en\/wp-json\/wp\/v2\/users\/13"}],"replies":[{"embeddable":true,"href":"https:\/\/ombudsmandemontreal.com\/en\/wp-json\/wp\/v2\/comments?post=5611"}],"version-history":[{"count":0,"href":"https:\/\/ombudsmandemontreal.com\/en\/wp-json\/wp\/v2\/pages\/5611\/revisions"}],"up":[{"embeddable":true,"href":"https:\/\/ombudsmandemontreal.com\/en\/wp-json\/wp\/v2\/pages\/443"}],"wp:attachment":[{"href":"https:\/\/ombudsmandemontreal.com\/en\/wp-json\/wp\/v2\/media?parent=5611"}],"curies":[{"name":"wp","href":"https:\/\/api.w.org\/{rel}","templated":true}]}}