{"id":5607,"date":"2018-06-19T08:52:05","date_gmt":"2018-06-19T12:52:05","guid":{"rendered":"https:\/\/ombudsmandemontreal.com\/?page_id=5607"},"modified":"2018-06-19T08:52:05","modified_gmt":"2018-06-19T12:52:05","slug":"mobile-home-park-non-compliances-2017","status":"publish","type":"page","link":"https:\/\/ombudsmandemontreal.com\/en\/cases-handled\/examples-of-charter-files\/noise-and-nuisances\/mobile-home-park-non-compliances-2017","title":{"rendered":"Mobile Home Park \u2013 Non-compliances (2017)"},"content":{"rendered":"<h3><em>Arrondissement de L\u2019\u00cele-Bizard\u2013Sainte-Genevi\u00e8ve<\/em><\/h3>\n<p>A citizen complains over several problematic issues in a mobile home park.<\/p>\n<p>Some aspects of the complaint are not municipal issues and fall outside our jurisdiction. Allegations of poor maintenance, inadequate snow removal, inadequate street\/parking signage and insufficient lighting on a private property are private disputes between the tenants and their landlord: our office can therefore not examine them. The same applies regarding the compliance or not of the electrical network: complaints relating thereto must be managed by the <em>R\u00e9gie du b\u00e2timent du Qu\u00e9bec<\/em>.<\/p>\n<p>Our enquiry nevertheless confirms several non-compliances to the City regulation: exterior storage; uncleanliness of some lots; backyard sheds exceeding the authorized number (one per lot); decaying mobile homes; etc.<\/p>\n<p>After several negotiations, the Borough confirms its willingness to intervene in order to settle these problems. It must first determine which municipal regulation applies to mobile home parks located on its territory.<\/p>\n<p>In 2016, the Borough produces an Information Sheet titled: <em>Aper\u00e7u de la r\u00e8glementation municipale ayant trait aux parcs de maisons mobiles<\/em>. This sheet summarizes the rules from the zoning By-law (<em>R\u00e8glement de zonage),<\/em> the <em>R\u00e8glement sur la construction et la transformation de b\u00e2timents<\/em> and the <em>R\u00e8glement sur la propret\u00e9 et les nuisances <\/em>applicable to mobile home parks. The sheet is posted online on the Borough&#8217;s website and distributed to every mobile home in the park.<\/p>\n<p>In 2017, the Borough inspects each of the 94 installations on the property: interventions are made regarding regulatory violations that were identified and the Borough commits to follow up as required to ensure that these non-compliances are remedied. Our office will follow up in 2018 on the management of municipal non-compliances.<\/p>\n<p>Only one question is still pending: deficiencies in the aqueduct and sewer networks and the resulting inconveniences for the citizens (frequent water leaks; poor water pressure during these leaks; odours; notice to boil water in effect for several years). We pursue our intervention in this respect.<\/p>\n","protected":false},"excerpt":{"rendered":"<p>Arrondissement de L\u2019\u00cele-Bizard\u2013Sainte-Genevi\u00e8ve A citizen complains over several problematic issues in a mobile home park. Some aspects of the complaint are not municipal issues and fall outside our jurisdiction. Allegations of poor maintenance, inadequate snow removal, inadequate street\/parking signage and &hellip; <a href=\"https:\/\/ombudsmandemontreal.com\/en\/cases-handled\/examples-of-charter-files\/noise-and-nuisances\/mobile-home-park-non-compliances-2017\">Continue reading <span class=\"meta-nav\">&rarr;<\/span><\/a><\/p>\n","protected":false},"author":13,"featured_media":0,"parent":343,"menu_order":18,"comment_status":"closed","ping_status":"closed","template":"","meta":{"_acf_changed":false,"footnotes":""},"class_list":["post-5607","page","type-page","status-publish","hentry"],"acf":[],"yoast_head":"<!-- This site is optimized with the Yoast SEO plugin v27.4 - https:\/\/yoast.com\/product\/yoast-seo-wordpress\/ -->\n<title>Mobile Home Park \u2013 Non-compliances (2017) - OMBUDSMAN de Montr\u00e9al<\/title>\n<meta name=\"robots\" content=\"index, follow, max-snippet:-1, max-image-preview:large, max-video-preview:-1\" \/>\n<link rel=\"canonical\" href=\"https:\/\/ombudsmandemontreal.com\/en\/cases-handled\/examples-of-charter-files\/noise-and-nuisances\/mobile-home-park-non-compliances-2017\" \/>\n<meta property=\"og:locale\" content=\"en_US\" \/>\n<meta property=\"og:type\" content=\"article\" \/>\n<meta property=\"og:title\" content=\"Mobile Home Park \u2013 Non-compliances (2017) - OMBUDSMAN de Montr\u00e9al\" \/>\n<meta property=\"og:description\" content=\"Arrondissement de L\u2019\u00cele-Bizard\u2013Sainte-Genevi\u00e8ve A citizen complains over several problematic issues in a mobile home park. Some aspects of the complaint are not municipal issues and fall outside our jurisdiction. Allegations of poor maintenance, inadequate snow removal, inadequate street\/parking signage and &hellip; Continue reading &rarr;\" \/>\n<meta property=\"og:url\" content=\"https:\/\/ombudsmandemontreal.com\/en\/cases-handled\/examples-of-charter-files\/noise-and-nuisances\/mobile-home-park-non-compliances-2017\" \/>\n<meta property=\"og:site_name\" content=\"OMBUDSMAN de Montr\u00e9al\" \/>\n<meta name=\"twitter:card\" content=\"summary_large_image\" \/>\n<meta name=\"twitter:label1\" content=\"Est. reading time\" \/>\n\t<meta name=\"twitter:data1\" content=\"2 minutes\" \/>\n<script type=\"application\/ld+json\" class=\"yoast-schema-graph\">{\"@context\":\"https:\\\/\\\/schema.org\",\"@graph\":[{\"@type\":\"WebPage\",\"@id\":\"https:\\\/\\\/ombudsmandemontreal.com\\\/en\\\/cases-handled\\\/examples-of-charter-files\\\/noise-and-nuisances\\\/mobile-home-park-non-compliances-2017\",\"url\":\"https:\\\/\\\/ombudsmandemontreal.com\\\/en\\\/cases-handled\\\/examples-of-charter-files\\\/noise-and-nuisances\\\/mobile-home-park-non-compliances-2017\",\"name\":\"Mobile Home Park \u2013 Non-compliances (2017) - OMBUDSMAN de Montr\u00e9al\",\"isPartOf\":{\"@id\":\"https:\\\/\\\/ombudsmandemontreal.com\\\/#website\"},\"datePublished\":\"2018-06-19T12:52:05+00:00\",\"breadcrumb\":{\"@id\":\"https:\\\/\\\/ombudsmandemontreal.com\\\/en\\\/cases-handled\\\/examples-of-charter-files\\\/noise-and-nuisances\\\/mobile-home-park-non-compliances-2017#breadcrumb\"},\"inLanguage\":\"en-US\",\"potentialAction\":[{\"@type\":\"ReadAction\",\"target\":[\"https:\\\/\\\/ombudsmandemontreal.com\\\/en\\\/cases-handled\\\/examples-of-charter-files\\\/noise-and-nuisances\\\/mobile-home-park-non-compliances-2017\"]}]},{\"@type\":\"BreadcrumbList\",\"@id\":\"https:\\\/\\\/ombudsmandemontreal.com\\\/en\\\/cases-handled\\\/examples-of-charter-files\\\/noise-and-nuisances\\\/mobile-home-park-non-compliances-2017#breadcrumb\",\"itemListElement\":[{\"@type\":\"ListItem\",\"position\":1,\"name\":\"Home\",\"item\":\"https:\\\/\\\/ombudsmandemontreal.com\\\/en\\\/\"},{\"@type\":\"ListItem\",\"position\":2,\"name\":\"Cases handled\",\"item\":\"https:\\\/\\\/ombudsmandemontreal.com\\\/en\\\/cases-handled\"},{\"@type\":\"ListItem\",\"position\":3,\"name\":\"Examples of Charter files\",\"item\":\"https:\\\/\\\/ombudsmandemontreal.com\\\/en\\\/cases-handled\\\/examples-of-charter-files\"},{\"@type\":\"ListItem\",\"position\":4,\"name\":\"Noise and Nuisances\",\"item\":\"https:\\\/\\\/ombudsmandemontreal.com\\\/en\\\/cases-handled\\\/examples-of-charter-files\\\/noise-and-nuisances\"},{\"@type\":\"ListItem\",\"position\":5,\"name\":\"Mobile Home Park \u2013 Non-compliances (2017)\"}]},{\"@type\":\"WebSite\",\"@id\":\"https:\\\/\\\/ombudsmandemontreal.com\\\/#website\",\"url\":\"https:\\\/\\\/ombudsmandemontreal.com\\\/\",\"name\":\"OMBUDSMAN de Montr\u00e9al\",\"description\":\"\",\"potentialAction\":[{\"@type\":\"SearchAction\",\"target\":{\"@type\":\"EntryPoint\",\"urlTemplate\":\"https:\\\/\\\/ombudsmandemontreal.com\\\/?s={search_term_string}\"},\"query-input\":{\"@type\":\"PropertyValueSpecification\",\"valueRequired\":true,\"valueName\":\"search_term_string\"}}],\"inLanguage\":\"en-US\"}]}<\/script>\n<!-- \/ Yoast SEO plugin. -->","yoast_head_json":{"title":"Mobile Home Park \u2013 Non-compliances (2017) - OMBUDSMAN de Montr\u00e9al","robots":{"index":"index","follow":"follow","max-snippet":"max-snippet:-1","max-image-preview":"max-image-preview:large","max-video-preview":"max-video-preview:-1"},"canonical":"https:\/\/ombudsmandemontreal.com\/en\/cases-handled\/examples-of-charter-files\/noise-and-nuisances\/mobile-home-park-non-compliances-2017","og_locale":"en_US","og_type":"article","og_title":"Mobile Home Park \u2013 Non-compliances (2017) - OMBUDSMAN de Montr\u00e9al","og_description":"Arrondissement de L\u2019\u00cele-Bizard\u2013Sainte-Genevi\u00e8ve A citizen complains over several problematic issues in a mobile home park. Some aspects of the complaint are not municipal issues and fall outside our jurisdiction. Allegations of poor maintenance, inadequate snow removal, inadequate street\/parking signage and &hellip; Continue reading &rarr;","og_url":"https:\/\/ombudsmandemontreal.com\/en\/cases-handled\/examples-of-charter-files\/noise-and-nuisances\/mobile-home-park-non-compliances-2017","og_site_name":"OMBUDSMAN de Montr\u00e9al","twitter_card":"summary_large_image","twitter_misc":{"Est. reading time":"2 minutes"},"schema":{"@context":"https:\/\/schema.org","@graph":[{"@type":"WebPage","@id":"https:\/\/ombudsmandemontreal.com\/en\/cases-handled\/examples-of-charter-files\/noise-and-nuisances\/mobile-home-park-non-compliances-2017","url":"https:\/\/ombudsmandemontreal.com\/en\/cases-handled\/examples-of-charter-files\/noise-and-nuisances\/mobile-home-park-non-compliances-2017","name":"Mobile Home Park \u2013 Non-compliances (2017) - OMBUDSMAN de Montr\u00e9al","isPartOf":{"@id":"https:\/\/ombudsmandemontreal.com\/#website"},"datePublished":"2018-06-19T12:52:05+00:00","breadcrumb":{"@id":"https:\/\/ombudsmandemontreal.com\/en\/cases-handled\/examples-of-charter-files\/noise-and-nuisances\/mobile-home-park-non-compliances-2017#breadcrumb"},"inLanguage":"en-US","potentialAction":[{"@type":"ReadAction","target":["https:\/\/ombudsmandemontreal.com\/en\/cases-handled\/examples-of-charter-files\/noise-and-nuisances\/mobile-home-park-non-compliances-2017"]}]},{"@type":"BreadcrumbList","@id":"https:\/\/ombudsmandemontreal.com\/en\/cases-handled\/examples-of-charter-files\/noise-and-nuisances\/mobile-home-park-non-compliances-2017#breadcrumb","itemListElement":[{"@type":"ListItem","position":1,"name":"Home","item":"https:\/\/ombudsmandemontreal.com\/en\/"},{"@type":"ListItem","position":2,"name":"Cases handled","item":"https:\/\/ombudsmandemontreal.com\/en\/cases-handled"},{"@type":"ListItem","position":3,"name":"Examples of Charter files","item":"https:\/\/ombudsmandemontreal.com\/en\/cases-handled\/examples-of-charter-files"},{"@type":"ListItem","position":4,"name":"Noise and Nuisances","item":"https:\/\/ombudsmandemontreal.com\/en\/cases-handled\/examples-of-charter-files\/noise-and-nuisances"},{"@type":"ListItem","position":5,"name":"Mobile Home Park \u2013 Non-compliances (2017)"}]},{"@type":"WebSite","@id":"https:\/\/ombudsmandemontreal.com\/#website","url":"https:\/\/ombudsmandemontreal.com\/","name":"OMBUDSMAN de Montr\u00e9al","description":"","potentialAction":[{"@type":"SearchAction","target":{"@type":"EntryPoint","urlTemplate":"https:\/\/ombudsmandemontreal.com\/?s={search_term_string}"},"query-input":{"@type":"PropertyValueSpecification","valueRequired":true,"valueName":"search_term_string"}}],"inLanguage":"en-US"}]}},"_links":{"self":[{"href":"https:\/\/ombudsmandemontreal.com\/en\/wp-json\/wp\/v2\/pages\/5607","targetHints":{"allow":["GET"]}}],"collection":[{"href":"https:\/\/ombudsmandemontreal.com\/en\/wp-json\/wp\/v2\/pages"}],"about":[{"href":"https:\/\/ombudsmandemontreal.com\/en\/wp-json\/wp\/v2\/types\/page"}],"author":[{"embeddable":true,"href":"https:\/\/ombudsmandemontreal.com\/en\/wp-json\/wp\/v2\/users\/13"}],"replies":[{"embeddable":true,"href":"https:\/\/ombudsmandemontreal.com\/en\/wp-json\/wp\/v2\/comments?post=5607"}],"version-history":[{"count":0,"href":"https:\/\/ombudsmandemontreal.com\/en\/wp-json\/wp\/v2\/pages\/5607\/revisions"}],"up":[{"embeddable":true,"href":"https:\/\/ombudsmandemontreal.com\/en\/wp-json\/wp\/v2\/pages\/343"}],"wp:attachment":[{"href":"https:\/\/ombudsmandemontreal.com\/en\/wp-json\/wp\/v2\/media?parent=5607"}],"curies":[{"name":"wp","href":"https:\/\/api.w.org\/{rel}","templated":true}]}}