{"id":4729,"date":"2016-06-21T15:44:15","date_gmt":"2016-06-21T19:44:15","guid":{"rendered":"https:\/\/ombudsmandemontreal.com\/cases-handled\/examples-of-charter-files\/noise-and-nuisances\/arrondissement-de-rosemont-la-petite-patrie-nuisances-dues-a-la-circulation-avenue-bourbonniere-dossier-charte"},"modified":"2017-06-14T10:53:54","modified_gmt":"2017-06-14T14:53:54","slug":"arrondissement-de-rosemont-la-petite-patrie-nuisances-dues-a-la-circulation-avenue-bourbonniere-dossier-charte","status":"publish","type":"page","link":"https:\/\/ombudsmandemontreal.com\/en\/cases-handled\/examples-of-charter-files\/noise-and-nuisances\/arrondissement-de-rosemont-la-petite-patrie-nuisances-dues-a-la-circulation-avenue-bourbonniere-dossier-charte","title":{"rendered":"Arrondissement de Rosemont\u2013La Petite-Patrie \u2013 Nuisances \u2013 Heavy truck traffic \u2013 Bourbonni\u00e8re Avenue \u2013 Charter file (2015)"},"content":{"rendered":"<p>In 2013, nearly 25 citizens residing on Bourbonni\u00e8re Avenue, between Sherbrooke Street and Mont-Royal Avenue, complain of excessive noise and vibrations in their homes which they attribute to different causes:<\/p>\n<p>&nbsp;<\/p>\n<ul>\n<li>Abundance of trucks on this artery although, in principle, only local traffic is allowed;<\/li>\n<\/ul>\n<p>&nbsp;<\/p>\n<ul>\n<li>Bad road conditions;<\/li>\n<\/ul>\n<p>&nbsp;<\/p>\n<ul>\n<li>Frequent bus transit; and<\/li>\n<\/ul>\n<p>&nbsp;<\/p>\n<ul>\n<li>Excessive speed of the general traffic, on their street.<\/li>\n<\/ul>\n<p>These residents are also dissatisfied with the recent reorganization of parking spaces, which they find dangerous for drivers accessing their vehicles.<\/p>\n<p>Our investigation confirms all of these problems.<\/p>\n<p>With the combined effort of the Borough and the local Police Station (PDQ), many problems are quickly resolved or attenuated:<\/p>\n<ul>\n<li>The parking spaces are put back to their original locations, resolving the safety issue.<\/li>\n<\/ul>\n<p>&nbsp;<\/p>\n<ul>\n<li>Relatively fast, the Borough resurfaces the street, fills the holes and corrects the unevenness problems.<\/li>\n<\/ul>\n<p>&nbsp;<\/p>\n<ul>\n<li>As for speed and frequent passing of unauthorized trucks (i.e. not making deliveries in the area), the PDQ intensified its surveillance: the area is put under \u201cspecial attention\u201d for many months.<\/li>\n<\/ul>\n<p>&nbsp;<\/p>\n<ul>\n<li>The <em>Soci\u00e9t\u00e9 de transport de Montr\u00e9al<\/em> (STM) also collaborates to limit the bus transit traffic on this street: the STM signs are modified to limit the speed of buses to 30\u00a0km\u00a0\/\u00a0h (whereas it is 40\u00a0km\u00a0\/\u00a0h for all other vehicles).<\/li>\n<\/ul>\n<p>The residents of the area confirm there is a real improvement in their quality of life: \u00a0noise reduction, density and speed of traffic reduced, less vibrations in their houses.<\/p>\n","protected":false},"excerpt":{"rendered":"<p>In 2013, nearly 25 citizens residing on Bourbonni\u00e8re Avenue, between Sherbrooke Street and Mont-Royal Avenue, complain of excessive noise and vibrations in their homes which they attribute to different causes: &nbsp; Abundance of trucks on this artery although, in principle, &hellip; <a href=\"https:\/\/ombudsmandemontreal.com\/en\/cases-handled\/examples-of-charter-files\/noise-and-nuisances\/arrondissement-de-rosemont-la-petite-patrie-nuisances-dues-a-la-circulation-avenue-bourbonniere-dossier-charte\">Continue reading <span class=\"meta-nav\">&rarr;<\/span><\/a><\/p>\n","protected":false},"author":13,"featured_media":0,"parent":343,"menu_order":40,"comment_status":"closed","ping_status":"closed","template":"","meta":{"_acf_changed":false,"footnotes":""},"class_list":["post-4729","page","type-page","status-publish","hentry"],"acf":[],"yoast_head":"<!-- This site is optimized with the Yoast SEO plugin v26.8 - https:\/\/yoast.com\/product\/yoast-seo-wordpress\/ -->\n<title>Arrondissement de Rosemont\u2013La Petite-Patrie \u2013 Nuisances \u2013 Heavy truck traffic \u2013 Bourbonni\u00e8re Avenue \u2013 Charter file (2015) - OMBUDSMAN de Montr\u00e9al<\/title>\n<meta name=\"robots\" content=\"index, follow, max-snippet:-1, max-image-preview:large, max-video-preview:-1\" \/>\n<link rel=\"canonical\" href=\"https:\/\/ombudsmandemontreal.com\/en\/cases-handled\/examples-of-charter-files\/noise-and-nuisances\/arrondissement-de-rosemont-la-petite-patrie-nuisances-dues-a-la-circulation-avenue-bourbonniere-dossier-charte\" \/>\n<meta property=\"og:locale\" content=\"en_US\" \/>\n<meta property=\"og:type\" content=\"article\" \/>\n<meta property=\"og:title\" content=\"Arrondissement de Rosemont\u2013La Petite-Patrie \u2013 Nuisances \u2013 Heavy truck traffic \u2013 Bourbonni\u00e8re Avenue \u2013 Charter file (2015) - OMBUDSMAN de Montr\u00e9al\" \/>\n<meta property=\"og:description\" content=\"In 2013, nearly 25 citizens residing on Bourbonni\u00e8re Avenue, between Sherbrooke Street and Mont-Royal Avenue, complain of excessive noise and vibrations in their homes which they attribute to different causes: &nbsp; Abundance of trucks on this artery although, in principle, &hellip; Continue reading &rarr;\" \/>\n<meta property=\"og:url\" content=\"https:\/\/ombudsmandemontreal.com\/en\/cases-handled\/examples-of-charter-files\/noise-and-nuisances\/arrondissement-de-rosemont-la-petite-patrie-nuisances-dues-a-la-circulation-avenue-bourbonniere-dossier-charte\" \/>\n<meta property=\"og:site_name\" content=\"OMBUDSMAN de Montr\u00e9al\" \/>\n<meta property=\"article:modified_time\" content=\"2017-06-14T14:53:54+00:00\" \/>\n<meta name=\"twitter:card\" content=\"summary_large_image\" \/>\n<meta name=\"twitter:label1\" content=\"Est. reading time\" \/>\n\t<meta name=\"twitter:data1\" content=\"1 minute\" \/>\n<script type=\"application\/ld+json\" class=\"yoast-schema-graph\">{\"@context\":\"https:\/\/schema.org\",\"@graph\":[{\"@type\":\"WebPage\",\"@id\":\"https:\/\/ombudsmandemontreal.com\/en\/cases-handled\/examples-of-charter-files\/noise-and-nuisances\/arrondissement-de-rosemont-la-petite-patrie-nuisances-dues-a-la-circulation-avenue-bourbonniere-dossier-charte\",\"url\":\"https:\/\/ombudsmandemontreal.com\/en\/cases-handled\/examples-of-charter-files\/noise-and-nuisances\/arrondissement-de-rosemont-la-petite-patrie-nuisances-dues-a-la-circulation-avenue-bourbonniere-dossier-charte\",\"name\":\"Arrondissement de Rosemont\u2013La Petite-Patrie \u2013 Nuisances \u2013 Heavy truck traffic \u2013 Bourbonni\u00e8re Avenue \u2013 Charter file (2015) - OMBUDSMAN de Montr\u00e9al\",\"isPartOf\":{\"@id\":\"https:\/\/ombudsmandemontreal.com\/#website\"},\"datePublished\":\"2016-06-21T19:44:15+00:00\",\"dateModified\":\"2017-06-14T14:53:54+00:00\",\"breadcrumb\":{\"@id\":\"https:\/\/ombudsmandemontreal.com\/en\/cases-handled\/examples-of-charter-files\/noise-and-nuisances\/arrondissement-de-rosemont-la-petite-patrie-nuisances-dues-a-la-circulation-avenue-bourbonniere-dossier-charte#breadcrumb\"},\"inLanguage\":\"en-US\",\"potentialAction\":[{\"@type\":\"ReadAction\",\"target\":[\"https:\/\/ombudsmandemontreal.com\/en\/cases-handled\/examples-of-charter-files\/noise-and-nuisances\/arrondissement-de-rosemont-la-petite-patrie-nuisances-dues-a-la-circulation-avenue-bourbonniere-dossier-charte\"]}]},{\"@type\":\"BreadcrumbList\",\"@id\":\"https:\/\/ombudsmandemontreal.com\/en\/cases-handled\/examples-of-charter-files\/noise-and-nuisances\/arrondissement-de-rosemont-la-petite-patrie-nuisances-dues-a-la-circulation-avenue-bourbonniere-dossier-charte#breadcrumb\",\"itemListElement\":[{\"@type\":\"ListItem\",\"position\":1,\"name\":\"Home\",\"item\":\"https:\/\/ombudsmandemontreal.com\/en\/\"},{\"@type\":\"ListItem\",\"position\":2,\"name\":\"Cases handled\",\"item\":\"https:\/\/ombudsmandemontreal.com\/en\/cases-handled\"},{\"@type\":\"ListItem\",\"position\":3,\"name\":\"Examples of Charter files\",\"item\":\"https:\/\/ombudsmandemontreal.com\/en\/cases-handled\/examples-of-charter-files\"},{\"@type\":\"ListItem\",\"position\":4,\"name\":\"Noise and Nuisances\",\"item\":\"https:\/\/ombudsmandemontreal.com\/en\/cases-handled\/examples-of-charter-files\/noise-and-nuisances\"},{\"@type\":\"ListItem\",\"position\":5,\"name\":\"Arrondissement de Rosemont\u2013La Petite-Patrie \u2013 Nuisances \u2013 Heavy truck traffic \u2013 Bourbonni\u00e8re Avenue \u2013 Charter file (2015)\"}]},{\"@type\":\"WebSite\",\"@id\":\"https:\/\/ombudsmandemontreal.com\/#website\",\"url\":\"https:\/\/ombudsmandemontreal.com\/\",\"name\":\"OMBUDSMAN de Montr\u00e9al\",\"description\":\"\",\"potentialAction\":[{\"@type\":\"SearchAction\",\"target\":{\"@type\":\"EntryPoint\",\"urlTemplate\":\"https:\/\/ombudsmandemontreal.com\/?s={search_term_string}\"},\"query-input\":{\"@type\":\"PropertyValueSpecification\",\"valueRequired\":true,\"valueName\":\"search_term_string\"}}],\"inLanguage\":\"en-US\"}]}<\/script>\n<!-- \/ Yoast SEO plugin. -->","yoast_head_json":{"title":"Arrondissement de Rosemont\u2013La Petite-Patrie \u2013 Nuisances \u2013 Heavy truck traffic \u2013 Bourbonni\u00e8re Avenue \u2013 Charter file (2015) - OMBUDSMAN de Montr\u00e9al","robots":{"index":"index","follow":"follow","max-snippet":"max-snippet:-1","max-image-preview":"max-image-preview:large","max-video-preview":"max-video-preview:-1"},"canonical":"https:\/\/ombudsmandemontreal.com\/en\/cases-handled\/examples-of-charter-files\/noise-and-nuisances\/arrondissement-de-rosemont-la-petite-patrie-nuisances-dues-a-la-circulation-avenue-bourbonniere-dossier-charte","og_locale":"en_US","og_type":"article","og_title":"Arrondissement de Rosemont\u2013La Petite-Patrie \u2013 Nuisances \u2013 Heavy truck traffic \u2013 Bourbonni\u00e8re Avenue \u2013 Charter file (2015) - OMBUDSMAN de Montr\u00e9al","og_description":"In 2013, nearly 25 citizens residing on Bourbonni\u00e8re Avenue, between Sherbrooke Street and Mont-Royal Avenue, complain of excessive noise and vibrations in their homes which they attribute to different causes: &nbsp; Abundance of trucks on this artery although, in principle, &hellip; Continue reading &rarr;","og_url":"https:\/\/ombudsmandemontreal.com\/en\/cases-handled\/examples-of-charter-files\/noise-and-nuisances\/arrondissement-de-rosemont-la-petite-patrie-nuisances-dues-a-la-circulation-avenue-bourbonniere-dossier-charte","og_site_name":"OMBUDSMAN de Montr\u00e9al","article_modified_time":"2017-06-14T14:53:54+00:00","twitter_card":"summary_large_image","twitter_misc":{"Est. reading time":"1 minute"},"schema":{"@context":"https:\/\/schema.org","@graph":[{"@type":"WebPage","@id":"https:\/\/ombudsmandemontreal.com\/en\/cases-handled\/examples-of-charter-files\/noise-and-nuisances\/arrondissement-de-rosemont-la-petite-patrie-nuisances-dues-a-la-circulation-avenue-bourbonniere-dossier-charte","url":"https:\/\/ombudsmandemontreal.com\/en\/cases-handled\/examples-of-charter-files\/noise-and-nuisances\/arrondissement-de-rosemont-la-petite-patrie-nuisances-dues-a-la-circulation-avenue-bourbonniere-dossier-charte","name":"Arrondissement de Rosemont\u2013La Petite-Patrie \u2013 Nuisances \u2013 Heavy truck traffic \u2013 Bourbonni\u00e8re Avenue \u2013 Charter file (2015) - OMBUDSMAN de Montr\u00e9al","isPartOf":{"@id":"https:\/\/ombudsmandemontreal.com\/#website"},"datePublished":"2016-06-21T19:44:15+00:00","dateModified":"2017-06-14T14:53:54+00:00","breadcrumb":{"@id":"https:\/\/ombudsmandemontreal.com\/en\/cases-handled\/examples-of-charter-files\/noise-and-nuisances\/arrondissement-de-rosemont-la-petite-patrie-nuisances-dues-a-la-circulation-avenue-bourbonniere-dossier-charte#breadcrumb"},"inLanguage":"en-US","potentialAction":[{"@type":"ReadAction","target":["https:\/\/ombudsmandemontreal.com\/en\/cases-handled\/examples-of-charter-files\/noise-and-nuisances\/arrondissement-de-rosemont-la-petite-patrie-nuisances-dues-a-la-circulation-avenue-bourbonniere-dossier-charte"]}]},{"@type":"BreadcrumbList","@id":"https:\/\/ombudsmandemontreal.com\/en\/cases-handled\/examples-of-charter-files\/noise-and-nuisances\/arrondissement-de-rosemont-la-petite-patrie-nuisances-dues-a-la-circulation-avenue-bourbonniere-dossier-charte#breadcrumb","itemListElement":[{"@type":"ListItem","position":1,"name":"Home","item":"https:\/\/ombudsmandemontreal.com\/en\/"},{"@type":"ListItem","position":2,"name":"Cases handled","item":"https:\/\/ombudsmandemontreal.com\/en\/cases-handled"},{"@type":"ListItem","position":3,"name":"Examples of Charter files","item":"https:\/\/ombudsmandemontreal.com\/en\/cases-handled\/examples-of-charter-files"},{"@type":"ListItem","position":4,"name":"Noise and Nuisances","item":"https:\/\/ombudsmandemontreal.com\/en\/cases-handled\/examples-of-charter-files\/noise-and-nuisances"},{"@type":"ListItem","position":5,"name":"Arrondissement de Rosemont\u2013La Petite-Patrie \u2013 Nuisances \u2013 Heavy truck traffic \u2013 Bourbonni\u00e8re Avenue \u2013 Charter file (2015)"}]},{"@type":"WebSite","@id":"https:\/\/ombudsmandemontreal.com\/#website","url":"https:\/\/ombudsmandemontreal.com\/","name":"OMBUDSMAN de Montr\u00e9al","description":"","potentialAction":[{"@type":"SearchAction","target":{"@type":"EntryPoint","urlTemplate":"https:\/\/ombudsmandemontreal.com\/?s={search_term_string}"},"query-input":{"@type":"PropertyValueSpecification","valueRequired":true,"valueName":"search_term_string"}}],"inLanguage":"en-US"}]}},"_links":{"self":[{"href":"https:\/\/ombudsmandemontreal.com\/en\/wp-json\/wp\/v2\/pages\/4729","targetHints":{"allow":["GET"]}}],"collection":[{"href":"https:\/\/ombudsmandemontreal.com\/en\/wp-json\/wp\/v2\/pages"}],"about":[{"href":"https:\/\/ombudsmandemontreal.com\/en\/wp-json\/wp\/v2\/types\/page"}],"author":[{"embeddable":true,"href":"https:\/\/ombudsmandemontreal.com\/en\/wp-json\/wp\/v2\/users\/13"}],"replies":[{"embeddable":true,"href":"https:\/\/ombudsmandemontreal.com\/en\/wp-json\/wp\/v2\/comments?post=4729"}],"version-history":[{"count":0,"href":"https:\/\/ombudsmandemontreal.com\/en\/wp-json\/wp\/v2\/pages\/4729\/revisions"}],"up":[{"embeddable":true,"href":"https:\/\/ombudsmandemontreal.com\/en\/wp-json\/wp\/v2\/pages\/343"}],"wp:attachment":[{"href":"https:\/\/ombudsmandemontreal.com\/en\/wp-json\/wp\/v2\/media?parent=4729"}],"curies":[{"name":"wp","href":"https:\/\/api.w.org\/{rel}","templated":true}]}}