{"id":326,"date":"2011-05-11T16:58:23","date_gmt":"2011-05-11T20:58:23","guid":{"rendered":"https:\/\/ombudsmandemontreal.com\/?page_id=326"},"modified":"2013-04-30T15:14:09","modified_gmt":"2013-04-30T19:14:09","slug":"montreal-municipal-court","status":"publish","type":"page","link":"https:\/\/ombudsmandemontreal.com\/en\/cases-handled\/examples-of-cases-handled\/montreal-municipal-court","title":{"rendered":"Cour municipale de Montr\u00e9al"},"content":{"rendered":"<h2>Cour Municipale de Montr\u00e9al<\/h2>\n","protected":false},"excerpt":{"rendered":"<p>Cour Municipale de Montr\u00e9al<\/p>\n","protected":false},"author":18,"featured_media":0,"parent":301,"menu_order":6,"comment_status":"closed","ping_status":"closed","template":"tmpl_dossiers.php","meta":{"_acf_changed":false,"footnotes":""},"class_list":["post-326","page","type-page","status-publish","hentry"],"acf":[],"yoast_head":"<!-- This site is optimized with the Yoast SEO plugin v27.4 - https:\/\/yoast.com\/product\/yoast-seo-wordpress\/ -->\n<title>Cour municipale de Montr\u00e9al - OMBUDSMAN de Montr\u00e9al<\/title>\n<meta name=\"robots\" content=\"index, follow, max-snippet:-1, max-image-preview:large, max-video-preview:-1\" \/>\n<link rel=\"canonical\" href=\"https:\/\/ombudsmandemontreal.com\/en\/cases-handled\/examples-of-cases-handled\/montreal-municipal-court\" \/>\n<meta property=\"og:locale\" content=\"en_US\" \/>\n<meta property=\"og:type\" content=\"article\" \/>\n<meta property=\"og:title\" content=\"Cour municipale de Montr\u00e9al - OMBUDSMAN de Montr\u00e9al\" \/>\n<meta property=\"og:description\" content=\"Cour Municipale de Montr\u00e9al\" \/>\n<meta property=\"og:url\" content=\"https:\/\/ombudsmandemontreal.com\/en\/cases-handled\/examples-of-cases-handled\/montreal-municipal-court\" \/>\n<meta property=\"og:site_name\" content=\"OMBUDSMAN de Montr\u00e9al\" \/>\n<meta property=\"article:modified_time\" content=\"2013-04-30T19:14:09+00:00\" \/>\n<meta name=\"twitter:card\" content=\"summary_large_image\" \/>\n<script type=\"application\/ld+json\" class=\"yoast-schema-graph\">{\"@context\":\"https:\\\/\\\/schema.org\",\"@graph\":[{\"@type\":\"WebPage\",\"@id\":\"https:\\\/\\\/ombudsmandemontreal.com\\\/en\\\/cases-handled\\\/examples-of-cases-handled\\\/montreal-municipal-court\",\"url\":\"https:\\\/\\\/ombudsmandemontreal.com\\\/en\\\/cases-handled\\\/examples-of-cases-handled\\\/montreal-municipal-court\",\"name\":\"Cour municipale de Montr\u00e9al - OMBUDSMAN de Montr\u00e9al\",\"isPartOf\":{\"@id\":\"https:\\\/\\\/ombudsmandemontreal.com\\\/#website\"},\"datePublished\":\"2011-05-11T20:58:23+00:00\",\"dateModified\":\"2013-04-30T19:14:09+00:00\",\"breadcrumb\":{\"@id\":\"https:\\\/\\\/ombudsmandemontreal.com\\\/en\\\/cases-handled\\\/examples-of-cases-handled\\\/montreal-municipal-court#breadcrumb\"},\"inLanguage\":\"en-US\",\"potentialAction\":[{\"@type\":\"ReadAction\",\"target\":[\"https:\\\/\\\/ombudsmandemontreal.com\\\/en\\\/cases-handled\\\/examples-of-cases-handled\\\/montreal-municipal-court\"]}]},{\"@type\":\"BreadcrumbList\",\"@id\":\"https:\\\/\\\/ombudsmandemontreal.com\\\/en\\\/cases-handled\\\/examples-of-cases-handled\\\/montreal-municipal-court#breadcrumb\",\"itemListElement\":[{\"@type\":\"ListItem\",\"position\":1,\"name\":\"Home\",\"item\":\"https:\\\/\\\/ombudsmandemontreal.com\\\/en\\\/\"},{\"@type\":\"ListItem\",\"position\":2,\"name\":\"Cases handled\",\"item\":\"https:\\\/\\\/ombudsmandemontreal.com\\\/en\\\/cases-handled\"},{\"@type\":\"ListItem\",\"position\":3,\"name\":\"Examples of cases handled\",\"item\":\"https:\\\/\\\/ombudsmandemontreal.com\\\/en\\\/cases-handled\\\/examples-of-cases-handled\"},{\"@type\":\"ListItem\",\"position\":4,\"name\":\"Cour municipale de Montr\u00e9al\"}]},{\"@type\":\"WebSite\",\"@id\":\"https:\\\/\\\/ombudsmandemontreal.com\\\/#website\",\"url\":\"https:\\\/\\\/ombudsmandemontreal.com\\\/\",\"name\":\"OMBUDSMAN de Montr\u00e9al\",\"description\":\"\",\"potentialAction\":[{\"@type\":\"SearchAction\",\"target\":{\"@type\":\"EntryPoint\",\"urlTemplate\":\"https:\\\/\\\/ombudsmandemontreal.com\\\/?s={search_term_string}\"},\"query-input\":{\"@type\":\"PropertyValueSpecification\",\"valueRequired\":true,\"valueName\":\"search_term_string\"}}],\"inLanguage\":\"en-US\"}]}<\/script>\n<!-- \/ Yoast SEO plugin. -->","yoast_head_json":{"title":"Cour municipale de Montr\u00e9al - OMBUDSMAN de Montr\u00e9al","robots":{"index":"index","follow":"follow","max-snippet":"max-snippet:-1","max-image-preview":"max-image-preview:large","max-video-preview":"max-video-preview:-1"},"canonical":"https:\/\/ombudsmandemontreal.com\/en\/cases-handled\/examples-of-cases-handled\/montreal-municipal-court","og_locale":"en_US","og_type":"article","og_title":"Cour municipale de Montr\u00e9al - OMBUDSMAN de Montr\u00e9al","og_description":"Cour Municipale de Montr\u00e9al","og_url":"https:\/\/ombudsmandemontreal.com\/en\/cases-handled\/examples-of-cases-handled\/montreal-municipal-court","og_site_name":"OMBUDSMAN de Montr\u00e9al","article_modified_time":"2013-04-30T19:14:09+00:00","twitter_card":"summary_large_image","schema":{"@context":"https:\/\/schema.org","@graph":[{"@type":"WebPage","@id":"https:\/\/ombudsmandemontreal.com\/en\/cases-handled\/examples-of-cases-handled\/montreal-municipal-court","url":"https:\/\/ombudsmandemontreal.com\/en\/cases-handled\/examples-of-cases-handled\/montreal-municipal-court","name":"Cour municipale de Montr\u00e9al - OMBUDSMAN de Montr\u00e9al","isPartOf":{"@id":"https:\/\/ombudsmandemontreal.com\/#website"},"datePublished":"2011-05-11T20:58:23+00:00","dateModified":"2013-04-30T19:14:09+00:00","breadcrumb":{"@id":"https:\/\/ombudsmandemontreal.com\/en\/cases-handled\/examples-of-cases-handled\/montreal-municipal-court#breadcrumb"},"inLanguage":"en-US","potentialAction":[{"@type":"ReadAction","target":["https:\/\/ombudsmandemontreal.com\/en\/cases-handled\/examples-of-cases-handled\/montreal-municipal-court"]}]},{"@type":"BreadcrumbList","@id":"https:\/\/ombudsmandemontreal.com\/en\/cases-handled\/examples-of-cases-handled\/montreal-municipal-court#breadcrumb","itemListElement":[{"@type":"ListItem","position":1,"name":"Home","item":"https:\/\/ombudsmandemontreal.com\/en\/"},{"@type":"ListItem","position":2,"name":"Cases handled","item":"https:\/\/ombudsmandemontreal.com\/en\/cases-handled"},{"@type":"ListItem","position":3,"name":"Examples of cases handled","item":"https:\/\/ombudsmandemontreal.com\/en\/cases-handled\/examples-of-cases-handled"},{"@type":"ListItem","position":4,"name":"Cour municipale de Montr\u00e9al"}]},{"@type":"WebSite","@id":"https:\/\/ombudsmandemontreal.com\/#website","url":"https:\/\/ombudsmandemontreal.com\/","name":"OMBUDSMAN de Montr\u00e9al","description":"","potentialAction":[{"@type":"SearchAction","target":{"@type":"EntryPoint","urlTemplate":"https:\/\/ombudsmandemontreal.com\/?s={search_term_string}"},"query-input":{"@type":"PropertyValueSpecification","valueRequired":true,"valueName":"search_term_string"}}],"inLanguage":"en-US"}]}},"_links":{"self":[{"href":"https:\/\/ombudsmandemontreal.com\/en\/wp-json\/wp\/v2\/pages\/326","targetHints":{"allow":["GET"]}}],"collection":[{"href":"https:\/\/ombudsmandemontreal.com\/en\/wp-json\/wp\/v2\/pages"}],"about":[{"href":"https:\/\/ombudsmandemontreal.com\/en\/wp-json\/wp\/v2\/types\/page"}],"author":[{"embeddable":true,"href":"https:\/\/ombudsmandemontreal.com\/en\/wp-json\/wp\/v2\/users\/18"}],"replies":[{"embeddable":true,"href":"https:\/\/ombudsmandemontreal.com\/en\/wp-json\/wp\/v2\/comments?post=326"}],"version-history":[{"count":0,"href":"https:\/\/ombudsmandemontreal.com\/en\/wp-json\/wp\/v2\/pages\/326\/revisions"}],"up":[{"embeddable":true,"href":"https:\/\/ombudsmandemontreal.com\/en\/wp-json\/wp\/v2\/pages\/301"}],"wp:attachment":[{"href":"https:\/\/ombudsmandemontreal.com\/en\/wp-json\/wp\/v2\/media?parent=326"}],"curies":[{"name":"wp","href":"https:\/\/api.w.org\/{rel}","templated":true}]}}