{"id":324,"date":"2011-05-11T16:56:25","date_gmt":"2011-05-11T20:56:25","guid":{"rendered":"https:\/\/ombudsmandemontreal.com\/?page_id=324"},"modified":"2016-04-21T09:04:22","modified_gmt":"2016-04-21T13:04:22","slug":"helpful-links","status":"publish","type":"page","link":"https:\/\/ombudsmandemontreal.com\/en\/helpful-links","title":{"rendered":"Helpful links"},"content":{"rendered":"<div id=\"content\">\n<h2>Helpful links<\/h2>\n<h3>Related to Ville de Montr\u00e9al<\/h3>\n<p><a href=\"https:\/\/www.bigmtl.ca\/en\/\" target=\"_blank\">Bureau de l&#8217;inspecteur g\u00e9n\u00e9ral de la Ville de Montr\u00e9al<\/a><\/p>\n<p><a href=\"http:\/\/ville.montreal.qc.ca\/portal\/page?_pageid=5977,125169816&amp;_dad=portal&amp;_schema=PORTAL\" target=\"_blank\"><strong>Bureau des r\u00e9clamations de la Ville de Montr\u00e9al<\/strong><\/a><\/p>\n<p><strong><a title=\"City ethics hotline\" href=\"http:\/\/ville.montreal.qc.ca\/portal\/page?_pageid=5977,90569572&amp;_dad=portal&amp;_schema=PORTAL\" target=\"_blank\">City ethics hotline<\/a><\/strong><\/p>\n<p><a href=\"http:\/\/www.spvm.qc.ca\/en\/profil\/epim.asp\" target=\"_blank\">EPIM Squad (Escouade de protection de l&#8217;int\u00e9grit\u00e9 municipale)<\/a><\/p>\n<p><a href=\"http:\/\/www.habitermontreal.com\/en\" target=\"_blank\">Habiter Montr\u00e9al<\/a><\/p>\n<p><strong><a href=\"http:\/\/ville.montreal.qc.ca\/portal\/page?_pageid=3036,3377687&amp;_dad=portal&amp;_schema=PORTAL\" target=\"_blank\">Montr\u00e9al Charter of Rights and Responsibilities Website<\/a><\/strong><\/p>\n<p><a href=\"http:\/\/ville.montreal.qc.ca\/portal\/page?_pageid=5977,40497558&amp;_dad=portal&amp;_schema=PORTAL\" target=\"_blank\">Municipal court<\/a><\/p>\n<p><a href=\"http:\/\/www.ocpm.qc.ca\/\" target=\"_blank\">Office de consultation publique de Montr\u00e9al<\/a><\/p>\n<p><a href=\"http:\/\/www.omhm.qc.ca\/en\/complaints-office\" target=\"_blank\"><strong>Office municipal d\u2019habitation de Montr\u00e9al (OMHM) Complaints Office<\/strong><\/a><\/p>\n<p><a href=\"http:\/\/donnees.ville.montreal.qc.ca\/english-version-of-the-portail-des-donnees-ouvertes-de-la-ville-de-montreal\/\" target=\"_blank\">Portail Donn\u00e9es Ouvertes<\/a><\/p>\n<p><a href=\"http:\/\/ville.montreal.qc.ca\/portal\/page?_pageid=6717,60353574&amp;_dad=portal&amp;_schema=PORTAL\" target=\"_blank\">Right of Initiative to public consultations Website<\/a><\/p>\n<p><a href=\"http:\/\/www.spvm.qc.ca\/en\" target=\"_blank\">Service de police de la Ville de Montr\u00e9al (SPVM)<\/a><\/p>\n<p><a href=\"http:\/\/www.shdm.org\/en\" target=\"_blank\">Soci\u00e9t\u00e9 d&#8217;habitation et de d\u00e9veloppement de Montr\u00e9al (SHDM)<\/a><\/p>\n<p><a href=\"http:\/\/www.stm.info\/English\/a-somm.htm\" target=\"_blank\">Soci\u00e9t\u00e9 de transport de Montr\u00e9al (STM)<\/a><\/p>\n<p><a href=\"http:\/\/ville.montreal.qc.ca\/portal\/page?_pageid=6697,60531576&amp;_dad=portal&amp;_schema=PORTAL\" target=\"_blank\">Task Force on Democracy<\/a><\/p>\n<p><a href=\"http:\/\/www.bvgmtl.ca\/en\/home\/\" target=\"_blank\">V\u00e9rificateur g\u00e9n\u00e9ral de la Ville de Montr\u00e9al<\/a><\/p>\n<h3>Others<\/h3>\n<p><a title=\"Barreau du qu\u00e9bec\" href=\"http:\/\/www.barreau.qc.ca\/en\/\" target=\"_blank\">Barreau du Qu\u00e9bec<\/a><\/p>\n<p><a href=\"http:\/\/www.longueuil.ca\/vw\/asp\/gabarits\/Gabarit.asp?ID_CATEGORIE=2684&amp;ID_MESSAGE=34225&amp;CAT_RAC=7\" target=\"_blank\">Bureau du protecteur du citoyen de la Ville de Longueuil<\/a><\/p>\n<p><a href=\"http:\/\/justicedeproximite.qc.ca\/en\/greater-montreal\/\" target=\"_blank\">Centre de justice de proximit\u00e9 Greater\u00a0Montr\u00e9al<\/a><\/p>\n<p><a href=\"http:\/\/www.huissiersquebec.qc.ca\" target=\"_blank\">Chambre des huissiers de justice du Qu\u00e9bec<\/a><\/p>\n<p><a href=\"http:\/\/www.mamrot.gouv.qc.ca\/ministere\/formuler-une-plainte\/\" target=\"_blank\">Commissaire aux\u00a0plaintes du\u00a0Minist\u00e8re de la S\u00e9curit\u00e9 publique<\/a><\/p>\n<p><a href=\"http:\/\/www.mamrot.gouv.qc.ca\/ministere\/formuler-une-plainte\/\" target=\"_blank\">Commissaire aux plaintes du Minist\u00e8re des affaires municipales et de l&#8217;occupation du territoire<\/a><\/p>\n<p><a href=\"http:\/\/www.cai.gouv.qc.ca\/english\/\" target=\"_blank\">Commission d\u2019acc\u00e8s \u00e0 l\u2019information<\/a><\/p>\n<p><a href=\"http:\/\/www.cdpdj.qc.ca\/en\/Pages\/default.aspx\" target=\"_blank\">Commission des droits de la personne et des droits de la jeunesse<\/a><\/p>\n<p><a href=\"http:\/\/www.cnt.gouv.qc.ca\/en\/home\/index.html\" target=\"_blank\">Commission des normes du travail<\/a><\/p>\n<p><a href=\"http:\/\/www.cavac.qc.ca\/english\/network\/montreal\/index.html\" target=\"_blank\">Crime victims assistance Center (CAVAC)<\/a><\/p>\n<p><a href=\"http:\/\/www.educaloi.qc.ca\/en\/\" target=\"_blank\">Educaloi<\/a><\/p>\n<p><a href=\"http:\/\/www.info-reference.qc.ca\/www\/Home.php?locale=en-CA\" target=\"_blank\">Information and Referral Centre of Greater Montreal<\/a><\/p>\n<p><a href=\"http:\/\/www.ccjm.qc.ca\/index_eng.html\" target=\"_blank\">Legal Aid<\/a><\/p>\n<p><a href=\"http:\/\/www.justice.gouv.qc.ca\/english\/joindre\/palais\/montr-a.htm\" target=\"_blank\">Montr\u00e9al courthouse<\/a><\/p>\n<p><a href=\"http:\/\/macmtl.qc.ca\/\" target=\"_blank\">Mouvement Action-Ch\u00f4mage de Montr\u00e9al<\/a><\/p>\n<p><a href=\"http:\/\/www.opc.gouv.qc.ca\/en\/home\/\" target=\"_blank\">Office de la protection du consommateur<\/a><\/p>\n<p><a href=\"http:\/\/www.ombudsmanlaval.com\/index-ang.html\" target=\"_blank\">Ombudsman of the City of Laval<\/a><\/p>\n<p><a href=\"http:\/\/www.deontologie-policiere.gouv.qc.ca\/index.php?id=74&amp;L=1\" target=\"_blank\">Police Ethics Commissioner<\/a><\/p>\n<p><a href=\"http:\/\/www.protecteurducitoyen.qc.ca\/en\/home\/index.html\" target=\"_blank\">Qu\u00e9bec Ombudsman (Protecteur du citoyen)<\/a><\/p>\n<p><a href=\"http:\/\/www.barreau.qc.ca\/en\/public\/trouver\/avocat\/index.html\" target=\"_blank\">Referral service of the Montr\u00e9al Bar<\/a><\/p>\n<p><a href=\"https:\/\/www.rbq.gouv.qc.ca\/en\/home.html\" target=\"_blank\">R\u00e9gie du b\u00e2timent<\/a><\/p>\n<p><a href=\"http:\/\/www.regie-energie.qc.ca\/en\/index.html\" target=\"_blank\">R\u00e9gie de l\u2019\u00e9nergie<\/a><\/p>\n<p><a href=\"http:\/\/www.rdl.gouv.qc.ca\/en\/accueil\/carte.asp\" target=\"_blank\">R\u00e9gie du logement<\/a><\/p>\n<p><a href=\"http:\/\/www.gouv.qc.ca\/portail\/quebec\/servicesquebec\/?lang=en\" target=\"_blank\">Services Qu\u00e9bec<\/a><\/p>\n<p><a href=\"http:\/\/www.justice.gouv.qc.ca\/english\/publications\/generale\/creance-a.htm\" target=\"_blank\">Small claims court<\/a><\/p>\n<p><a href=\"http:\/\/www.saaq.gouv.qc.ca\/en\/index.php\" target=\"_blank\">Soci\u00e9t\u00e9 de l\u2019assurance automobile du Qu\u00e9bec<\/a><\/p>\n<p>&nbsp;<\/p>\n<\/div>\n","protected":false},"excerpt":{"rendered":"<p>Helpful links Related to Ville de Montr\u00e9al Bureau de l&#8217;inspecteur g\u00e9n\u00e9ral de la Ville de Montr\u00e9al Bureau des r\u00e9clamations de la Ville de Montr\u00e9al City ethics hotline EPIM Squad (Escouade de protection de l&#8217;int\u00e9grit\u00e9 municipale) Habiter Montr\u00e9al Montr\u00e9al Charter of &hellip; <a href=\"https:\/\/ombudsmandemontreal.com\/en\/helpful-links\">Continue reading <span class=\"meta-nav\">&rarr;<\/span><\/a><\/p>\n","protected":false},"author":18,"featured_media":0,"parent":0,"menu_order":26,"comment_status":"closed","ping_status":"closed","template":"tmpl_page.php","meta":{"_acf_changed":false,"footnotes":""},"class_list":["post-324","page","type-page","status-publish","hentry"],"acf":[],"yoast_head":"<!-- This site is optimized with the Yoast SEO plugin v26.8 - https:\/\/yoast.com\/product\/yoast-seo-wordpress\/ -->\n<title>Helpful links - OMBUDSMAN de Montr\u00e9al<\/title>\n<meta name=\"robots\" content=\"index, follow, max-snippet:-1, max-image-preview:large, max-video-preview:-1\" \/>\n<link rel=\"canonical\" href=\"https:\/\/ombudsmandemontreal.com\/en\/helpful-links\" \/>\n<meta property=\"og:locale\" content=\"en_US\" \/>\n<meta property=\"og:type\" content=\"article\" \/>\n<meta property=\"og:title\" content=\"Helpful links - OMBUDSMAN de Montr\u00e9al\" \/>\n<meta property=\"og:description\" content=\"Helpful links Related to Ville de Montr\u00e9al Bureau de l&#8217;inspecteur g\u00e9n\u00e9ral de la Ville de Montr\u00e9al Bureau des r\u00e9clamations de la Ville de Montr\u00e9al City ethics hotline EPIM Squad (Escouade de protection de l&#8217;int\u00e9grit\u00e9 municipale) Habiter Montr\u00e9al Montr\u00e9al Charter of &hellip; Continue reading &rarr;\" \/>\n<meta property=\"og:url\" content=\"https:\/\/ombudsmandemontreal.com\/en\/helpful-links\" \/>\n<meta property=\"og:site_name\" content=\"OMBUDSMAN de Montr\u00e9al\" \/>\n<meta property=\"article:modified_time\" content=\"2016-04-21T13:04:22+00:00\" \/>\n<meta name=\"twitter:card\" content=\"summary_large_image\" \/>\n<meta name=\"twitter:label1\" content=\"Est. reading time\" \/>\n\t<meta name=\"twitter:data1\" content=\"1 minute\" \/>\n<script type=\"application\/ld+json\" class=\"yoast-schema-graph\">{\"@context\":\"https:\/\/schema.org\",\"@graph\":[{\"@type\":\"WebPage\",\"@id\":\"https:\/\/ombudsmandemontreal.com\/en\/helpful-links\",\"url\":\"https:\/\/ombudsmandemontreal.com\/en\/helpful-links\",\"name\":\"Helpful links - OMBUDSMAN de Montr\u00e9al\",\"isPartOf\":{\"@id\":\"https:\/\/ombudsmandemontreal.com\/#website\"},\"datePublished\":\"2011-05-11T20:56:25+00:00\",\"dateModified\":\"2016-04-21T13:04:22+00:00\",\"breadcrumb\":{\"@id\":\"https:\/\/ombudsmandemontreal.com\/en\/helpful-links#breadcrumb\"},\"inLanguage\":\"en-US\",\"potentialAction\":[{\"@type\":\"ReadAction\",\"target\":[\"https:\/\/ombudsmandemontreal.com\/en\/helpful-links\"]}]},{\"@type\":\"BreadcrumbList\",\"@id\":\"https:\/\/ombudsmandemontreal.com\/en\/helpful-links#breadcrumb\",\"itemListElement\":[{\"@type\":\"ListItem\",\"position\":1,\"name\":\"Home\",\"item\":\"https:\/\/ombudsmandemontreal.com\/en\/\"},{\"@type\":\"ListItem\",\"position\":2,\"name\":\"Helpful links\"}]},{\"@type\":\"WebSite\",\"@id\":\"https:\/\/ombudsmandemontreal.com\/#website\",\"url\":\"https:\/\/ombudsmandemontreal.com\/\",\"name\":\"OMBUDSMAN de Montr\u00e9al\",\"description\":\"\",\"potentialAction\":[{\"@type\":\"SearchAction\",\"target\":{\"@type\":\"EntryPoint\",\"urlTemplate\":\"https:\/\/ombudsmandemontreal.com\/?s={search_term_string}\"},\"query-input\":{\"@type\":\"PropertyValueSpecification\",\"valueRequired\":true,\"valueName\":\"search_term_string\"}}],\"inLanguage\":\"en-US\"}]}<\/script>\n<!-- \/ Yoast SEO plugin. -->","yoast_head_json":{"title":"Helpful links - OMBUDSMAN de Montr\u00e9al","robots":{"index":"index","follow":"follow","max-snippet":"max-snippet:-1","max-image-preview":"max-image-preview:large","max-video-preview":"max-video-preview:-1"},"canonical":"https:\/\/ombudsmandemontreal.com\/en\/helpful-links","og_locale":"en_US","og_type":"article","og_title":"Helpful links - OMBUDSMAN de Montr\u00e9al","og_description":"Helpful links Related to Ville de Montr\u00e9al Bureau de l&#8217;inspecteur g\u00e9n\u00e9ral de la Ville de Montr\u00e9al Bureau des r\u00e9clamations de la Ville de Montr\u00e9al City ethics hotline EPIM Squad (Escouade de protection de l&#8217;int\u00e9grit\u00e9 municipale) Habiter Montr\u00e9al Montr\u00e9al Charter of &hellip; Continue reading &rarr;","og_url":"https:\/\/ombudsmandemontreal.com\/en\/helpful-links","og_site_name":"OMBUDSMAN de Montr\u00e9al","article_modified_time":"2016-04-21T13:04:22+00:00","twitter_card":"summary_large_image","twitter_misc":{"Est. reading time":"1 minute"},"schema":{"@context":"https:\/\/schema.org","@graph":[{"@type":"WebPage","@id":"https:\/\/ombudsmandemontreal.com\/en\/helpful-links","url":"https:\/\/ombudsmandemontreal.com\/en\/helpful-links","name":"Helpful links - OMBUDSMAN de Montr\u00e9al","isPartOf":{"@id":"https:\/\/ombudsmandemontreal.com\/#website"},"datePublished":"2011-05-11T20:56:25+00:00","dateModified":"2016-04-21T13:04:22+00:00","breadcrumb":{"@id":"https:\/\/ombudsmandemontreal.com\/en\/helpful-links#breadcrumb"},"inLanguage":"en-US","potentialAction":[{"@type":"ReadAction","target":["https:\/\/ombudsmandemontreal.com\/en\/helpful-links"]}]},{"@type":"BreadcrumbList","@id":"https:\/\/ombudsmandemontreal.com\/en\/helpful-links#breadcrumb","itemListElement":[{"@type":"ListItem","position":1,"name":"Home","item":"https:\/\/ombudsmandemontreal.com\/en\/"},{"@type":"ListItem","position":2,"name":"Helpful links"}]},{"@type":"WebSite","@id":"https:\/\/ombudsmandemontreal.com\/#website","url":"https:\/\/ombudsmandemontreal.com\/","name":"OMBUDSMAN de Montr\u00e9al","description":"","potentialAction":[{"@type":"SearchAction","target":{"@type":"EntryPoint","urlTemplate":"https:\/\/ombudsmandemontreal.com\/?s={search_term_string}"},"query-input":{"@type":"PropertyValueSpecification","valueRequired":true,"valueName":"search_term_string"}}],"inLanguage":"en-US"}]}},"_links":{"self":[{"href":"https:\/\/ombudsmandemontreal.com\/en\/wp-json\/wp\/v2\/pages\/324","targetHints":{"allow":["GET"]}}],"collection":[{"href":"https:\/\/ombudsmandemontreal.com\/en\/wp-json\/wp\/v2\/pages"}],"about":[{"href":"https:\/\/ombudsmandemontreal.com\/en\/wp-json\/wp\/v2\/types\/page"}],"author":[{"embeddable":true,"href":"https:\/\/ombudsmandemontreal.com\/en\/wp-json\/wp\/v2\/users\/18"}],"replies":[{"embeddable":true,"href":"https:\/\/ombudsmandemontreal.com\/en\/wp-json\/wp\/v2\/comments?post=324"}],"version-history":[{"count":0,"href":"https:\/\/ombudsmandemontreal.com\/en\/wp-json\/wp\/v2\/pages\/324\/revisions"}],"wp:attachment":[{"href":"https:\/\/ombudsmandemontreal.com\/en\/wp-json\/wp\/v2\/media?parent=324"}],"curies":[{"name":"wp","href":"https:\/\/api.w.org\/{rel}","templated":true}]}}