{"id":318,"date":"2011-05-11T16:50:01","date_gmt":"2011-05-11T20:50:01","guid":{"rendered":"https:\/\/ombudsmandemontreal.com\/?page_id=318"},"modified":"2026-01-05T08:39:55","modified_gmt":"2026-01-05T13:39:55","slug":"contact-us","status":"publish","type":"page","link":"https:\/\/ombudsmandemontreal.com\/en\/contact-us","title":{"rendered":"Contact us"},"content":{"rendered":"<div id=\"content\">\n<h2>Contact<\/h2>\n<p>Our office is located at :<\/p>\n<\/div>\n<div id=\"content\">\n<p><span class=\"caps-bold\">Ombudsman de Montr\u00e9al<\/span><br \/>\nCours Mont-Royal<br \/>\n1550 rue Metcalfe, Suite 1150<br \/>\nMontr\u00e9al (Qu\u00e9bec) H3A 1X6<br \/>\n<em>(Ramp for wheelchair available &#8211; please contact us for more details)<\/em><\/p>\n<p>&nbsp;<\/p>\n<ul>\n<li><strong>Email:<\/strong> ombudsman@montreal.ca<\/li>\n<li><strong>Phone:<\/strong> 514 872-8999<\/li>\n<li><strong>Fax:<\/strong> 514 872-2379<\/li>\n<li><strong>Social media:<\/strong> <a href=\"https:\/\/www.facebook.com\/OmbudsmanMontreal\/\">Facebook<\/a> or <a href=\"https:\/\/twitter.com\/Ombudsmanmtl\">Twitter<\/a><\/li>\n<li><strong>In person:<\/strong> We are pleased to welcome visitors from Tuesday to Thursday between 8:30 a.m. and 4:30 p.m.<\/li>\n<\/ul>\n<p>&nbsp;<\/p>\n<p>You can also submit your complaint by using the <a href=\"https:\/\/services.montreal.ca\/demande-generale\/en\/ombudsman\" target=\"_blank\" rel=\"noopener\">online complaint form<\/a>.<\/p>\n<\/div>\n<div><\/div>\n","protected":false},"excerpt":{"rendered":"<p>Contact Our office is located at : Ombudsman de Montr\u00e9al Cours Mont-Royal 1550 rue Metcalfe, Suite 1150 Montr\u00e9al (Qu\u00e9bec) H3A 1X6 (Ramp for wheelchair available &#8211; please contact us for more details) &nbsp; Email: ombudsman@montreal.ca Phone: 514 872-8999 Fax: 514 &hellip; <a href=\"https:\/\/ombudsmandemontreal.com\/en\/contact-us\">Continue reading <span class=\"meta-nav\">&rarr;<\/span><\/a><\/p>\n","protected":false},"author":18,"featured_media":0,"parent":0,"menu_order":26,"comment_status":"closed","ping_status":"closed","template":"tmpl_page.php","meta":{"_acf_changed":false,"footnotes":""},"class_list":["post-318","page","type-page","status-publish","hentry"],"acf":[],"yoast_head":"<!-- This site is optimized with the Yoast SEO plugin v26.8 - https:\/\/yoast.com\/product\/yoast-seo-wordpress\/ -->\n<title>Contact us - OMBUDSMAN de Montr\u00e9al<\/title>\n<meta name=\"robots\" content=\"index, follow, max-snippet:-1, max-image-preview:large, max-video-preview:-1\" \/>\n<link rel=\"canonical\" href=\"https:\/\/ombudsmandemontreal.com\/en\/contact-us\" \/>\n<meta property=\"og:locale\" content=\"en_US\" \/>\n<meta property=\"og:type\" content=\"article\" \/>\n<meta property=\"og:title\" content=\"Contact us - OMBUDSMAN de Montr\u00e9al\" \/>\n<meta property=\"og:description\" content=\"Contact Our office is located at : Ombudsman de Montr\u00e9al Cours Mont-Royal 1550 rue Metcalfe, Suite 1150 Montr\u00e9al (Qu\u00e9bec) H3A 1X6 (Ramp for wheelchair available &#8211; please contact us for more details) &nbsp; Email: ombudsman@montreal.ca Phone: 514 872-8999 Fax: 514 &hellip; Continue reading &rarr;\" \/>\n<meta property=\"og:url\" content=\"https:\/\/ombudsmandemontreal.com\/en\/contact-us\" \/>\n<meta property=\"og:site_name\" content=\"OMBUDSMAN de Montr\u00e9al\" \/>\n<meta property=\"article:modified_time\" content=\"2026-01-05T13:39:55+00:00\" \/>\n<meta name=\"twitter:card\" content=\"summary_large_image\" \/>\n<meta name=\"twitter:label1\" content=\"Est. reading time\" \/>\n\t<meta name=\"twitter:data1\" content=\"1 minute\" \/>\n<script type=\"application\/ld+json\" class=\"yoast-schema-graph\">{\"@context\":\"https:\/\/schema.org\",\"@graph\":[{\"@type\":\"WebPage\",\"@id\":\"https:\/\/ombudsmandemontreal.com\/en\/contact-us\",\"url\":\"https:\/\/ombudsmandemontreal.com\/en\/contact-us\",\"name\":\"Contact us - OMBUDSMAN de Montr\u00e9al\",\"isPartOf\":{\"@id\":\"https:\/\/ombudsmandemontreal.com\/#website\"},\"datePublished\":\"2011-05-11T20:50:01+00:00\",\"dateModified\":\"2026-01-05T13:39:55+00:00\",\"breadcrumb\":{\"@id\":\"https:\/\/ombudsmandemontreal.com\/en\/contact-us#breadcrumb\"},\"inLanguage\":\"en-US\",\"potentialAction\":[{\"@type\":\"ReadAction\",\"target\":[\"https:\/\/ombudsmandemontreal.com\/en\/contact-us\"]}]},{\"@type\":\"BreadcrumbList\",\"@id\":\"https:\/\/ombudsmandemontreal.com\/en\/contact-us#breadcrumb\",\"itemListElement\":[{\"@type\":\"ListItem\",\"position\":1,\"name\":\"Home\",\"item\":\"https:\/\/ombudsmandemontreal.com\/en\/\"},{\"@type\":\"ListItem\",\"position\":2,\"name\":\"Contact us\"}]},{\"@type\":\"WebSite\",\"@id\":\"https:\/\/ombudsmandemontreal.com\/#website\",\"url\":\"https:\/\/ombudsmandemontreal.com\/\",\"name\":\"OMBUDSMAN de Montr\u00e9al\",\"description\":\"\",\"potentialAction\":[{\"@type\":\"SearchAction\",\"target\":{\"@type\":\"EntryPoint\",\"urlTemplate\":\"https:\/\/ombudsmandemontreal.com\/?s={search_term_string}\"},\"query-input\":{\"@type\":\"PropertyValueSpecification\",\"valueRequired\":true,\"valueName\":\"search_term_string\"}}],\"inLanguage\":\"en-US\"}]}<\/script>\n<!-- \/ Yoast SEO plugin. -->","yoast_head_json":{"title":"Contact us - OMBUDSMAN de Montr\u00e9al","robots":{"index":"index","follow":"follow","max-snippet":"max-snippet:-1","max-image-preview":"max-image-preview:large","max-video-preview":"max-video-preview:-1"},"canonical":"https:\/\/ombudsmandemontreal.com\/en\/contact-us","og_locale":"en_US","og_type":"article","og_title":"Contact us - OMBUDSMAN de Montr\u00e9al","og_description":"Contact Our office is located at : Ombudsman de Montr\u00e9al Cours Mont-Royal 1550 rue Metcalfe, Suite 1150 Montr\u00e9al (Qu\u00e9bec) H3A 1X6 (Ramp for wheelchair available &#8211; please contact us for more details) &nbsp; Email: ombudsman@montreal.ca Phone: 514 872-8999 Fax: 514 &hellip; Continue reading &rarr;","og_url":"https:\/\/ombudsmandemontreal.com\/en\/contact-us","og_site_name":"OMBUDSMAN de Montr\u00e9al","article_modified_time":"2026-01-05T13:39:55+00:00","twitter_card":"summary_large_image","twitter_misc":{"Est. reading time":"1 minute"},"schema":{"@context":"https:\/\/schema.org","@graph":[{"@type":"WebPage","@id":"https:\/\/ombudsmandemontreal.com\/en\/contact-us","url":"https:\/\/ombudsmandemontreal.com\/en\/contact-us","name":"Contact us - OMBUDSMAN de Montr\u00e9al","isPartOf":{"@id":"https:\/\/ombudsmandemontreal.com\/#website"},"datePublished":"2011-05-11T20:50:01+00:00","dateModified":"2026-01-05T13:39:55+00:00","breadcrumb":{"@id":"https:\/\/ombudsmandemontreal.com\/en\/contact-us#breadcrumb"},"inLanguage":"en-US","potentialAction":[{"@type":"ReadAction","target":["https:\/\/ombudsmandemontreal.com\/en\/contact-us"]}]},{"@type":"BreadcrumbList","@id":"https:\/\/ombudsmandemontreal.com\/en\/contact-us#breadcrumb","itemListElement":[{"@type":"ListItem","position":1,"name":"Home","item":"https:\/\/ombudsmandemontreal.com\/en\/"},{"@type":"ListItem","position":2,"name":"Contact us"}]},{"@type":"WebSite","@id":"https:\/\/ombudsmandemontreal.com\/#website","url":"https:\/\/ombudsmandemontreal.com\/","name":"OMBUDSMAN de Montr\u00e9al","description":"","potentialAction":[{"@type":"SearchAction","target":{"@type":"EntryPoint","urlTemplate":"https:\/\/ombudsmandemontreal.com\/?s={search_term_string}"},"query-input":{"@type":"PropertyValueSpecification","valueRequired":true,"valueName":"search_term_string"}}],"inLanguage":"en-US"}]}},"_links":{"self":[{"href":"https:\/\/ombudsmandemontreal.com\/en\/wp-json\/wp\/v2\/pages\/318","targetHints":{"allow":["GET"]}}],"collection":[{"href":"https:\/\/ombudsmandemontreal.com\/en\/wp-json\/wp\/v2\/pages"}],"about":[{"href":"https:\/\/ombudsmandemontreal.com\/en\/wp-json\/wp\/v2\/types\/page"}],"author":[{"embeddable":true,"href":"https:\/\/ombudsmandemontreal.com\/en\/wp-json\/wp\/v2\/users\/18"}],"replies":[{"embeddable":true,"href":"https:\/\/ombudsmandemontreal.com\/en\/wp-json\/wp\/v2\/comments?post=318"}],"version-history":[{"count":0,"href":"https:\/\/ombudsmandemontreal.com\/en\/wp-json\/wp\/v2\/pages\/318\/revisions"}],"wp:attachment":[{"href":"https:\/\/ombudsmandemontreal.com\/en\/wp-json\/wp\/v2\/media?parent=318"}],"curies":[{"name":"wp","href":"https:\/\/api.w.org\/{rel}","templated":true}]}}