{"id":316,"date":"2011-05-11T16:47:49","date_gmt":"2011-05-11T20:47:49","guid":{"rendered":"https:\/\/ombudsmandemontreal.com\/?page_id=316"},"modified":"2013-04-30T16:39:56","modified_gmt":"2013-04-30T20:39:56","slug":"curriculum-vitae","status":"publish","type":"page","link":"https:\/\/ombudsmandemontreal.com\/en\/about-us\/the-team\/curriculum-vitae","title":{"rendered":"Curriculum Vitae"},"content":{"rendered":"<div id=\"content\" role=\"main\">\n<h2>Ms. Johanne Savard<\/h2>\n<h3>Training and Professional experience<\/h3>\n<p>Following her studies in Political Science at Concordia University, Ms. Savard obtained her law degree from Universit\u00e9 de Montr\u00e9al. She has been a member of the Qu\u00e9bec and Canadian Bars since 1980.<\/p>\n<p>Ms. Savard has completed numerous trainings in public management at \u00c9cole nationale d\u2019administration publique de Montr\u00e9al (ENAP). She is also a \u201cCertified Mediator\u201d recognized by the Qu\u00e9bec Bar Association, the <em>Institut de M\u00e9diation et d\u2019Arbitrage du Qu\u00e9bec<\/em> and by the <em>ADR Institute of Canada<\/em>.<\/p>\n<p>For many years, Ms. Savard was Department head and member of the Board of Directors of a major law firm; member of the Board of Directors and of the Executive Committee of <em>Lex Mundi<\/em>, the world\u2019s largest international association of independent law firms; and also, the chairperson of the <em>Women and the Law<\/em> Committee of this association.<\/p>\n<p>In 2003, Ms. Savard quit the private practice of law and became the first Ombudsman of Ville de Montr\u00e9al. Ever since, along with her team, she offers a last resort recourse to citizens who believe they have been treated unfairly by Ville de Montr\u00e9al administration. Her mandate was unanimously renewed by City Council in 2007.<\/p>\n<p>Ms. Savard is a member of the <em>Forum of Canadian Ombudsmans<\/em>, the <em>International Ombudsmans\u2019 Association<\/em>, the <em>International Ombudsmans\u2019 Institute<\/em> and of the <em>Association des responsables de la gestion des plaintes du gouvernement du Qu\u00e9bec<\/em>. She sits on the Membership Committee of the <em>Association des ombudsmans et m\u00e9diateurs de la francophonie<\/em>.<\/p>\n<h3>Expertise<\/h3>\n<p>Ms. Savard has solid experience in employment and labour law and in human and fundamental rights issues. For over twenty-five years, she has used and promoted alternative dispute resolution processes and has always approached difficult situations with an eye for preventing conflict and for finding practical and efficient solutions.<\/p>\n<h3>Social commitment<\/h3>\n<p>Ms. Savard has always been actively involved in community action.<\/p>\n<p>Ms. Savard chaired the Board of Directors of two daycare centres, including the <em>Centre de la petite enfance Papillon<\/em> where handicapped and non-handicapped children share their everyday life and experiences.<\/p>\n<p>She was a member and twice chaired the Organizing Committee of the annual fundraising ball for the Montr\u00e9al Alzheimer Society.<\/p>\n<p>For many years, she was member of the Board of Directors of the <em>Rotary Club of Old Montr\u00e9al<\/em>, which she presided in 2005 &#8211; 2006.<\/p>\n<p>Ms. Savard was twice the recipient of the <em>Rotarian of the Year<\/em> award and, in 2006, she received the <em>Paul Harris Fellow<\/em> prize, in appreciation of her \u201c<em>tangible and significant assistance given for the furtherance of better understanding and friendly relations among peoples of the world<\/em>\u201d.<\/p>\n<p>In 2005, the <em>Carrefour des Communaut\u00e9s<\/em> awarded her the <em>M\u00e9daille des arts et m\u00e9tiers du multiculturalisme<\/em> for the quality of her work and for her involvement in the<em> legal, social and intercultural fields<\/em>.<\/p>\n<p>From 2006 to 2008, she was a member of the <em>Conseil des gouverneurs<\/em> of Resto Plateau.<\/p>\n<\/div>\n","protected":false},"excerpt":{"rendered":"<p>Ms. Johanne Savard Training and Professional experience Following her studies in Political Science at Concordia University, Ms. Savard obtained her law degree from Universit\u00e9 de Montr\u00e9al. She has been a member of the Qu\u00e9bec and Canadian Bars since 1980. Ms. &hellip; <a href=\"https:\/\/ombudsmandemontreal.com\/en\/about-us\/the-team\/curriculum-vitae\">Continue reading <span class=\"meta-nav\">&rarr;<\/span><\/a><\/p>\n","protected":false},"author":18,"featured_media":0,"parent":310,"menu_order":0,"comment_status":"closed","ping_status":"closed","template":"tmpl_page.php","meta":{"_acf_changed":false,"footnotes":""},"class_list":["post-316","page","type-page","status-publish","hentry"],"acf":[],"yoast_head":"<!-- This site is optimized with the Yoast SEO plugin v26.8 - https:\/\/yoast.com\/product\/yoast-seo-wordpress\/ -->\n<title>Curriculum Vitae - OMBUDSMAN de Montr\u00e9al<\/title>\n<meta name=\"robots\" content=\"index, follow, max-snippet:-1, max-image-preview:large, max-video-preview:-1\" \/>\n<link rel=\"canonical\" href=\"https:\/\/ombudsmandemontreal.com\/en\/about-us\/the-team\/curriculum-vitae\" \/>\n<meta property=\"og:locale\" content=\"en_US\" \/>\n<meta property=\"og:type\" content=\"article\" \/>\n<meta property=\"og:title\" content=\"Curriculum Vitae - OMBUDSMAN de Montr\u00e9al\" \/>\n<meta property=\"og:description\" content=\"Ms. Johanne Savard Training and Professional experience Following her studies in Political Science at Concordia University, Ms. Savard obtained her law degree from Universit\u00e9 de Montr\u00e9al. She has been a member of the Qu\u00e9bec and Canadian Bars since 1980. Ms. &hellip; Continue reading &rarr;\" \/>\n<meta property=\"og:url\" content=\"https:\/\/ombudsmandemontreal.com\/en\/about-us\/the-team\/curriculum-vitae\" \/>\n<meta property=\"og:site_name\" content=\"OMBUDSMAN de Montr\u00e9al\" \/>\n<meta property=\"article:modified_time\" content=\"2013-04-30T20:39:56+00:00\" \/>\n<meta name=\"twitter:card\" content=\"summary_large_image\" \/>\n<meta name=\"twitter:label1\" content=\"Est. reading time\" \/>\n\t<meta name=\"twitter:data1\" content=\"2 minutes\" \/>\n<script type=\"application\/ld+json\" class=\"yoast-schema-graph\">{\"@context\":\"https:\/\/schema.org\",\"@graph\":[{\"@type\":\"WebPage\",\"@id\":\"https:\/\/ombudsmandemontreal.com\/en\/about-us\/the-team\/curriculum-vitae\",\"url\":\"https:\/\/ombudsmandemontreal.com\/en\/about-us\/the-team\/curriculum-vitae\",\"name\":\"Curriculum Vitae - OMBUDSMAN de Montr\u00e9al\",\"isPartOf\":{\"@id\":\"https:\/\/ombudsmandemontreal.com\/#website\"},\"datePublished\":\"2011-05-11T20:47:49+00:00\",\"dateModified\":\"2013-04-30T20:39:56+00:00\",\"breadcrumb\":{\"@id\":\"https:\/\/ombudsmandemontreal.com\/en\/about-us\/the-team\/curriculum-vitae#breadcrumb\"},\"inLanguage\":\"en-US\",\"potentialAction\":[{\"@type\":\"ReadAction\",\"target\":[\"https:\/\/ombudsmandemontreal.com\/en\/about-us\/the-team\/curriculum-vitae\"]}]},{\"@type\":\"BreadcrumbList\",\"@id\":\"https:\/\/ombudsmandemontreal.com\/en\/about-us\/the-team\/curriculum-vitae#breadcrumb\",\"itemListElement\":[{\"@type\":\"ListItem\",\"position\":1,\"name\":\"Home\",\"item\":\"https:\/\/ombudsmandemontreal.com\/en\/\"},{\"@type\":\"ListItem\",\"position\":2,\"name\":\"About us\",\"item\":\"https:\/\/ombudsmandemontreal.com\/en\/about-us\"},{\"@type\":\"ListItem\",\"position\":3,\"name\":\"The team\",\"item\":\"https:\/\/ombudsmandemontreal.com\/en\/about-us\/the-team\"},{\"@type\":\"ListItem\",\"position\":4,\"name\":\"Curriculum Vitae\"}]},{\"@type\":\"WebSite\",\"@id\":\"https:\/\/ombudsmandemontreal.com\/#website\",\"url\":\"https:\/\/ombudsmandemontreal.com\/\",\"name\":\"OMBUDSMAN de Montr\u00e9al\",\"description\":\"\",\"potentialAction\":[{\"@type\":\"SearchAction\",\"target\":{\"@type\":\"EntryPoint\",\"urlTemplate\":\"https:\/\/ombudsmandemontreal.com\/?s={search_term_string}\"},\"query-input\":{\"@type\":\"PropertyValueSpecification\",\"valueRequired\":true,\"valueName\":\"search_term_string\"}}],\"inLanguage\":\"en-US\"}]}<\/script>\n<!-- \/ Yoast SEO plugin. -->","yoast_head_json":{"title":"Curriculum Vitae - OMBUDSMAN de Montr\u00e9al","robots":{"index":"index","follow":"follow","max-snippet":"max-snippet:-1","max-image-preview":"max-image-preview:large","max-video-preview":"max-video-preview:-1"},"canonical":"https:\/\/ombudsmandemontreal.com\/en\/about-us\/the-team\/curriculum-vitae","og_locale":"en_US","og_type":"article","og_title":"Curriculum Vitae - OMBUDSMAN de Montr\u00e9al","og_description":"Ms. Johanne Savard Training and Professional experience Following her studies in Political Science at Concordia University, Ms. Savard obtained her law degree from Universit\u00e9 de Montr\u00e9al. She has been a member of the Qu\u00e9bec and Canadian Bars since 1980. Ms. &hellip; Continue reading &rarr;","og_url":"https:\/\/ombudsmandemontreal.com\/en\/about-us\/the-team\/curriculum-vitae","og_site_name":"OMBUDSMAN de Montr\u00e9al","article_modified_time":"2013-04-30T20:39:56+00:00","twitter_card":"summary_large_image","twitter_misc":{"Est. reading time":"2 minutes"},"schema":{"@context":"https:\/\/schema.org","@graph":[{"@type":"WebPage","@id":"https:\/\/ombudsmandemontreal.com\/en\/about-us\/the-team\/curriculum-vitae","url":"https:\/\/ombudsmandemontreal.com\/en\/about-us\/the-team\/curriculum-vitae","name":"Curriculum Vitae - OMBUDSMAN de Montr\u00e9al","isPartOf":{"@id":"https:\/\/ombudsmandemontreal.com\/#website"},"datePublished":"2011-05-11T20:47:49+00:00","dateModified":"2013-04-30T20:39:56+00:00","breadcrumb":{"@id":"https:\/\/ombudsmandemontreal.com\/en\/about-us\/the-team\/curriculum-vitae#breadcrumb"},"inLanguage":"en-US","potentialAction":[{"@type":"ReadAction","target":["https:\/\/ombudsmandemontreal.com\/en\/about-us\/the-team\/curriculum-vitae"]}]},{"@type":"BreadcrumbList","@id":"https:\/\/ombudsmandemontreal.com\/en\/about-us\/the-team\/curriculum-vitae#breadcrumb","itemListElement":[{"@type":"ListItem","position":1,"name":"Home","item":"https:\/\/ombudsmandemontreal.com\/en\/"},{"@type":"ListItem","position":2,"name":"About us","item":"https:\/\/ombudsmandemontreal.com\/en\/about-us"},{"@type":"ListItem","position":3,"name":"The team","item":"https:\/\/ombudsmandemontreal.com\/en\/about-us\/the-team"},{"@type":"ListItem","position":4,"name":"Curriculum Vitae"}]},{"@type":"WebSite","@id":"https:\/\/ombudsmandemontreal.com\/#website","url":"https:\/\/ombudsmandemontreal.com\/","name":"OMBUDSMAN de Montr\u00e9al","description":"","potentialAction":[{"@type":"SearchAction","target":{"@type":"EntryPoint","urlTemplate":"https:\/\/ombudsmandemontreal.com\/?s={search_term_string}"},"query-input":{"@type":"PropertyValueSpecification","valueRequired":true,"valueName":"search_term_string"}}],"inLanguage":"en-US"}]}},"_links":{"self":[{"href":"https:\/\/ombudsmandemontreal.com\/en\/wp-json\/wp\/v2\/pages\/316","targetHints":{"allow":["GET"]}}],"collection":[{"href":"https:\/\/ombudsmandemontreal.com\/en\/wp-json\/wp\/v2\/pages"}],"about":[{"href":"https:\/\/ombudsmandemontreal.com\/en\/wp-json\/wp\/v2\/types\/page"}],"author":[{"embeddable":true,"href":"https:\/\/ombudsmandemontreal.com\/en\/wp-json\/wp\/v2\/users\/18"}],"replies":[{"embeddable":true,"href":"https:\/\/ombudsmandemontreal.com\/en\/wp-json\/wp\/v2\/comments?post=316"}],"version-history":[{"count":0,"href":"https:\/\/ombudsmandemontreal.com\/en\/wp-json\/wp\/v2\/pages\/316\/revisions"}],"up":[{"embeddable":true,"href":"https:\/\/ombudsmandemontreal.com\/en\/wp-json\/wp\/v2\/pages\/310"}],"wp:attachment":[{"href":"https:\/\/ombudsmandemontreal.com\/en\/wp-json\/wp\/v2\/media?parent=316"}],"curies":[{"name":"wp","href":"https:\/\/api.w.org\/{rel}","templated":true}]}}