{"id":312,"date":"2011-05-11T16:45:31","date_gmt":"2011-05-11T20:45:31","guid":{"rendered":"https:\/\/ombudsmandemontreal.com\/?page_id=312"},"modified":"2022-02-08T15:33:10","modified_gmt":"2022-02-08T20:33:10","slug":"history-role-and-mandate","status":"publish","type":"page","link":"https:\/\/ombudsmandemontreal.com\/en\/about-us\/history-role-and-mandate","title":{"rendered":"History, role and mandate"},"content":{"rendered":"<div id=\"content\">\n<h2>History, role and mandate<\/h2>\n<h3>History<\/h3>\n<p><strong>IN 2002, Montr\u00e9al innovated by creating a municipal ombudsman service<\/strong>. At the time, there was no equivalent service in any Canadian city. The Montr\u00e9al City Council created the <span class=\"caps-bold\">Ombudsman de Montr\u00e9al<\/span> position following the 2002 Sommet de Montr\u00e9al Workshop on Democracy during which citizens requested access to such a neutral and independent resource. Me Johanne Savard was the first person to hold the position, from 2003 to 2020. The current Ombudsman is Me Nadine Mailloux.<\/p>\n<h3>Role and mandate<\/h3>\n<p>The quality of municipal services and the fairness of municipal decisions are at the very heart of the <span class=\"caps-bold\">Ombudsman de Montr\u00e9al<\/span>\u2019s mandate. Citizens are entitled to <strong>fair<\/strong>, <strong>equitable<\/strong> and <strong>respectful<\/strong> treatment by Ville de Montr\u00e9al employees and representatives. As such, the Ombudsman handles complaints of citizens who believe they were treated unjustly by the Montr\u00e9al administration; the Ombudsman can also intervene at her own initiative.<\/p>\n<p>The Ombudsman <strong>investigates<\/strong> when she has reasonable grounds to believe that the municipal rights of a person or a group of people have been adversely affected, or are likely to be, due to an act, a decision, a recommendation or an omission of Ville de Montr\u00e9al (central departments and boroughs), a para-municipal agency or a City-controlled corporation.<\/p>\n<p>The <span class=\"caps-bold\">Ombudsman de Montr\u00e9al<\/span> only acts as a <strong>last resort<\/strong>. Citizens who request her intervention must have submitted beforehand the alleged problem to the concerned department or borough Director. Moreover, the person or persons who submit a complaint must be personally affected by the situation in question.<\/p>\n<p>The <span class=\"caps-bold\">Ombudsman de Montr\u00e9al<\/span> must abide by the law. However, she is not bound by the City\u2019s \u201cpast or customary practices\u201d. Her interventions often create golden opportunities to update or modernize some municipal practices or procedures which have been in effect for many years.<\/p>\n<p>The <span class=\"caps-bold\">Ombudsman de Montr\u00e9al<\/span> has jurisdiction over the majority of administrative decisions of Ville de Montr\u00e9al and its representatives. In most instances, however, she cannot investigate complaints related to the decisions or behaviour of elected officials.<\/p>\n<p>The Ombudsman also offers the <strong>only available recourse<\/strong> to ensure the respect of the\u00a0<a href=\"http:\/\/ville.montreal.qc.ca\/pls\/portal\/docs\/page\/charte_mtl_en\/media\/documents\/charte_droits_en.pdf\" target=\"_blank\" rel=\"noopener\"><em>Montr\u00e9al Charter of Rights and Responsibilities<\/em><\/a>. When a complaint is based mainly on this Charter, and only in such an instance, the <span class=\"caps-bold\">Ombudsman de Montr\u00e9al<\/span> can exceptionally intervene with regard to decisions voted on by the City Council, the Executive Committee or a Borough Council.<\/p>\n<p>The <span class=\"caps-bold\">Ombudsman de Montr\u00e9al<\/span> does not have jurisdiction over any employment or labour matters nor over any of the Soci\u00e9t\u00e9 de transport de Montr\u00e9al&#8217;s activities and decisions. Her jurisdiction over the Service de police de la Ville de Montr\u00e9al (SPVM) is also limited and she cannot intervene in regards to the acts or behaviour of peace officers.<\/p>\n<\/div>\n","protected":false},"excerpt":{"rendered":"<p>History, role and mandate History IN 2002, Montr\u00e9al innovated by creating a municipal ombudsman service. At the time, there was no equivalent service in any Canadian city. The Montr\u00e9al City Council created the Ombudsman de Montr\u00e9al position following the 2002 &hellip; <a href=\"https:\/\/ombudsmandemontreal.com\/en\/about-us\/history-role-and-mandate\">Continue reading <span class=\"meta-nav\">&rarr;<\/span><\/a><\/p>\n","protected":false},"author":18,"featured_media":0,"parent":296,"menu_order":0,"comment_status":"closed","ping_status":"closed","template":"tmpl_page.php","meta":{"_acf_changed":false,"footnotes":""},"class_list":["post-312","page","type-page","status-publish","hentry"],"acf":[],"yoast_head":"<!-- This site is optimized with the Yoast SEO plugin v27.4 - https:\/\/yoast.com\/product\/yoast-seo-wordpress\/ -->\n<title>History, role and mandate - OMBUDSMAN de Montr\u00e9al<\/title>\n<meta name=\"robots\" content=\"index, follow, max-snippet:-1, max-image-preview:large, max-video-preview:-1\" \/>\n<link rel=\"canonical\" href=\"https:\/\/ombudsmandemontreal.com\/en\/about-us\/history-role-and-mandate\" \/>\n<meta property=\"og:locale\" content=\"en_US\" \/>\n<meta property=\"og:type\" content=\"article\" \/>\n<meta property=\"og:title\" content=\"History, role and mandate - OMBUDSMAN de Montr\u00e9al\" \/>\n<meta property=\"og:description\" content=\"History, role and mandate History IN 2002, Montr\u00e9al innovated by creating a municipal ombudsman service. At the time, there was no equivalent service in any Canadian city. The Montr\u00e9al City Council created the Ombudsman de Montr\u00e9al position following the 2002 &hellip; Continue reading &rarr;\" \/>\n<meta property=\"og:url\" content=\"https:\/\/ombudsmandemontreal.com\/en\/about-us\/history-role-and-mandate\" \/>\n<meta property=\"og:site_name\" content=\"OMBUDSMAN de Montr\u00e9al\" \/>\n<meta property=\"article:modified_time\" content=\"2022-02-08T20:33:10+00:00\" \/>\n<meta name=\"twitter:card\" content=\"summary_large_image\" \/>\n<meta name=\"twitter:label1\" content=\"Est. reading time\" \/>\n\t<meta name=\"twitter:data1\" content=\"3 minutes\" \/>\n<script type=\"application\/ld+json\" class=\"yoast-schema-graph\">{\"@context\":\"https:\\\/\\\/schema.org\",\"@graph\":[{\"@type\":\"WebPage\",\"@id\":\"https:\\\/\\\/ombudsmandemontreal.com\\\/en\\\/about-us\\\/history-role-and-mandate\",\"url\":\"https:\\\/\\\/ombudsmandemontreal.com\\\/en\\\/about-us\\\/history-role-and-mandate\",\"name\":\"History, role and mandate - OMBUDSMAN de Montr\u00e9al\",\"isPartOf\":{\"@id\":\"https:\\\/\\\/ombudsmandemontreal.com\\\/#website\"},\"datePublished\":\"2011-05-11T20:45:31+00:00\",\"dateModified\":\"2022-02-08T20:33:10+00:00\",\"breadcrumb\":{\"@id\":\"https:\\\/\\\/ombudsmandemontreal.com\\\/en\\\/about-us\\\/history-role-and-mandate#breadcrumb\"},\"inLanguage\":\"en-US\",\"potentialAction\":[{\"@type\":\"ReadAction\",\"target\":[\"https:\\\/\\\/ombudsmandemontreal.com\\\/en\\\/about-us\\\/history-role-and-mandate\"]}]},{\"@type\":\"BreadcrumbList\",\"@id\":\"https:\\\/\\\/ombudsmandemontreal.com\\\/en\\\/about-us\\\/history-role-and-mandate#breadcrumb\",\"itemListElement\":[{\"@type\":\"ListItem\",\"position\":1,\"name\":\"Home\",\"item\":\"https:\\\/\\\/ombudsmandemontreal.com\\\/en\\\/\"},{\"@type\":\"ListItem\",\"position\":2,\"name\":\"About us\",\"item\":\"https:\\\/\\\/ombudsmandemontreal.com\\\/en\\\/about-us\"},{\"@type\":\"ListItem\",\"position\":3,\"name\":\"History, role and mandate\"}]},{\"@type\":\"WebSite\",\"@id\":\"https:\\\/\\\/ombudsmandemontreal.com\\\/#website\",\"url\":\"https:\\\/\\\/ombudsmandemontreal.com\\\/\",\"name\":\"OMBUDSMAN de Montr\u00e9al\",\"description\":\"\",\"potentialAction\":[{\"@type\":\"SearchAction\",\"target\":{\"@type\":\"EntryPoint\",\"urlTemplate\":\"https:\\\/\\\/ombudsmandemontreal.com\\\/?s={search_term_string}\"},\"query-input\":{\"@type\":\"PropertyValueSpecification\",\"valueRequired\":true,\"valueName\":\"search_term_string\"}}],\"inLanguage\":\"en-US\"}]}<\/script>\n<!-- \/ Yoast SEO plugin. -->","yoast_head_json":{"title":"History, role and mandate - OMBUDSMAN de Montr\u00e9al","robots":{"index":"index","follow":"follow","max-snippet":"max-snippet:-1","max-image-preview":"max-image-preview:large","max-video-preview":"max-video-preview:-1"},"canonical":"https:\/\/ombudsmandemontreal.com\/en\/about-us\/history-role-and-mandate","og_locale":"en_US","og_type":"article","og_title":"History, role and mandate - OMBUDSMAN de Montr\u00e9al","og_description":"History, role and mandate History IN 2002, Montr\u00e9al innovated by creating a municipal ombudsman service. At the time, there was no equivalent service in any Canadian city. The Montr\u00e9al City Council created the Ombudsman de Montr\u00e9al position following the 2002 &hellip; Continue reading &rarr;","og_url":"https:\/\/ombudsmandemontreal.com\/en\/about-us\/history-role-and-mandate","og_site_name":"OMBUDSMAN de Montr\u00e9al","article_modified_time":"2022-02-08T20:33:10+00:00","twitter_card":"summary_large_image","twitter_misc":{"Est. reading time":"3 minutes"},"schema":{"@context":"https:\/\/schema.org","@graph":[{"@type":"WebPage","@id":"https:\/\/ombudsmandemontreal.com\/en\/about-us\/history-role-and-mandate","url":"https:\/\/ombudsmandemontreal.com\/en\/about-us\/history-role-and-mandate","name":"History, role and mandate - OMBUDSMAN de Montr\u00e9al","isPartOf":{"@id":"https:\/\/ombudsmandemontreal.com\/#website"},"datePublished":"2011-05-11T20:45:31+00:00","dateModified":"2022-02-08T20:33:10+00:00","breadcrumb":{"@id":"https:\/\/ombudsmandemontreal.com\/en\/about-us\/history-role-and-mandate#breadcrumb"},"inLanguage":"en-US","potentialAction":[{"@type":"ReadAction","target":["https:\/\/ombudsmandemontreal.com\/en\/about-us\/history-role-and-mandate"]}]},{"@type":"BreadcrumbList","@id":"https:\/\/ombudsmandemontreal.com\/en\/about-us\/history-role-and-mandate#breadcrumb","itemListElement":[{"@type":"ListItem","position":1,"name":"Home","item":"https:\/\/ombudsmandemontreal.com\/en\/"},{"@type":"ListItem","position":2,"name":"About us","item":"https:\/\/ombudsmandemontreal.com\/en\/about-us"},{"@type":"ListItem","position":3,"name":"History, role and mandate"}]},{"@type":"WebSite","@id":"https:\/\/ombudsmandemontreal.com\/#website","url":"https:\/\/ombudsmandemontreal.com\/","name":"OMBUDSMAN de Montr\u00e9al","description":"","potentialAction":[{"@type":"SearchAction","target":{"@type":"EntryPoint","urlTemplate":"https:\/\/ombudsmandemontreal.com\/?s={search_term_string}"},"query-input":{"@type":"PropertyValueSpecification","valueRequired":true,"valueName":"search_term_string"}}],"inLanguage":"en-US"}]}},"_links":{"self":[{"href":"https:\/\/ombudsmandemontreal.com\/en\/wp-json\/wp\/v2\/pages\/312","targetHints":{"allow":["GET"]}}],"collection":[{"href":"https:\/\/ombudsmandemontreal.com\/en\/wp-json\/wp\/v2\/pages"}],"about":[{"href":"https:\/\/ombudsmandemontreal.com\/en\/wp-json\/wp\/v2\/types\/page"}],"author":[{"embeddable":true,"href":"https:\/\/ombudsmandemontreal.com\/en\/wp-json\/wp\/v2\/users\/18"}],"replies":[{"embeddable":true,"href":"https:\/\/ombudsmandemontreal.com\/en\/wp-json\/wp\/v2\/comments?post=312"}],"version-history":[{"count":0,"href":"https:\/\/ombudsmandemontreal.com\/en\/wp-json\/wp\/v2\/pages\/312\/revisions"}],"up":[{"embeddable":true,"href":"https:\/\/ombudsmandemontreal.com\/en\/wp-json\/wp\/v2\/pages\/296"}],"wp:attachment":[{"href":"https:\/\/ombudsmandemontreal.com\/en\/wp-json\/wp\/v2\/media?parent=312"}],"curies":[{"name":"wp","href":"https:\/\/api.w.org\/{rel}","templated":true}]}}