{"id":310,"date":"2011-05-11T16:43:49","date_gmt":"2011-05-11T20:43:49","guid":{"rendered":"https:\/\/ombudsmandemontreal.com\/?page_id=310"},"modified":"2023-05-09T14:34:29","modified_gmt":"2023-05-09T18:34:29","slug":"the-team","status":"publish","type":"page","link":"https:\/\/ombudsmandemontreal.com\/en\/about-us\/the-team","title":{"rendered":"The team"},"content":{"rendered":"<div id=\"content\" class=\"equipe\">\n<h2>The Team<\/h2>\n<p>To carry out her mandate, the Ombudsman, Me Nadine Mailloux is supported by a team of 11 people: two secretaries who provide administrative support, three Intake Officers, as well as six Advisors who conduct investigations and advise the Ombudsman. Except for the secretaries, all staff have legal training, with all the Advisors being lawyers.<\/p>\n<p>The OdM staff works exclusively for the Ombudsman&#8217;s Office and is not allowed to hold any other function within the City. OdM employees cannot play any role within a municipal political party of Montr\u00e9al nor be related or close to an elected official. There is, therefore, no possible conflict of interest.<\/p>\n<h3>Me Nadine Mailloux<br \/>\nOmbudsman de Montr\u00e9al<\/h3>\n<p><img loading=\"lazy\" decoding=\"async\" class=\"aligncenter wp-image-7592 size-medium\" src=\"https:\/\/ombudsmandemontreal.com\/wp-content\/uploads\/2023\/05\/2023-05-Nadine_Mailloux-photo-expo-187x187.jpg\" alt=\"\" width=\"187\" height=\"187\" srcset=\"https:\/\/ombudsmandemontreal.com\/wp-content\/uploads\/2023\/05\/2023-05-Nadine_Mailloux-photo-expo-187x187.jpg 187w, https:\/\/ombudsmandemontreal.com\/wp-content\/uploads\/2023\/05\/2023-05-Nadine_Mailloux-photo-expo-260x260.jpg 260w, https:\/\/ombudsmandemontreal.com\/wp-content\/uploads\/2023\/05\/2023-05-Nadine_Mailloux-photo-expo-150x150.jpg 150w, https:\/\/ombudsmandemontreal.com\/wp-content\/uploads\/2023\/05\/2023-05-Nadine_Mailloux-photo-expo-768x768.jpg 768w, https:\/\/ombudsmandemontreal.com\/wp-content\/uploads\/2023\/05\/2023-05-Nadine_Mailloux-photo-expo-1536x1536.jpg 1536w, https:\/\/ombudsmandemontreal.com\/wp-content\/uploads\/2023\/05\/2023-05-Nadine_Mailloux-photo-expo-2048x2048.jpg 2048w\" sizes=\"auto, (max-width: 187px) 100vw, 187px\" \/><\/p>\n<p>Me Nadine Mailloux graduated from the Faculty of Law at the Universit\u00e9 de Montr\u00e9al and was admitted to the Quebec Bar in 1999. She is an accredited mediator by the Quebec Bar and the Institut de m\u00e9diation et d\u2019arbitrage du Qu\u00e9bec, and a member of the Arbitration and Mediation Institute of Canada.<\/p>\n<p>Me Mailloux is president of the Forum of Canadian Ombudsman. She draws on the best practices and experiences of ombudsmans who are recognized throughout Canada for their expertise. She also sits on the Comit\u00e9 des adh\u00e9sions de l\u2019Association des ombudsmans et m\u00e9diateurs de la francophonie (AOMF).<\/p>\n<p>Me Mailloux codirects the \u201cAdvanced Issues in Ombuds Practice\u201d certificate program at York University\u2019s Osgoode Hall Law School in Toronto. The program is offered by renowned ombudsmans in Canada and internationally, and is aimed at experienced ombudsmans. Over the years, she has offered many training sessions devoted to the best ombudsman practices. She is also involved in organizing and teaching the Ombudsman: Essentials and Best Practices program at the FCO\/Universit\u00e9 de Sherbrooke Law School.<\/p>\n<p>She is one of three elected members who represent North America on the board of directors of the International Ombudsman Institute (IOI) and sits on the IOI\u2019s Comit\u00e9 de relations avec l\u2019Organisation des Nations unies (ONU).<\/p>\n<p>Me Mailloux has been an ombudsman for more 23 years. The majority of her career has focused on alternative methods of conflict resolution. At first an ombudsman of second-instance at the R\u00e9gie r\u00e9gionale de la sant\u00e9 et des services sociaux de Montr\u00e9al-Centre, she then served in that capacity at a major university hospital centre, and subsequently at a university health and social services centre. She was named Ombudsman de la Ville de Laval by the Commission municipale du Qu\u00e9bec in 2013 and opened the office, where she lent her expertise to that city\u2019s citizens until she was appointed Ombudsman de Montr\u00e9al in August 2020.<\/p>\n<p>For several years, Me Mailloux coordinated a pro bono legal-aid clinic in poor communities. She is also pro bono ombudsman with The Lighthouse Children and Families, a non-profit organization that offers respite care and support for families of children afflicted with illnesses requiring complex care.<\/p>\n<p>Throughout her career, Me Mailloux has resolutely embraced a policy of cooperation, with a goodwill approach that aims at offering an alternative to plaintiffs who consider themselves aggrieved. Transparency, fair decisionmaking, respect, authenticity and openness are facets of her solution-seeking process and are undoubtedly the reasons for her success over the years in resolving situations that have been brought to her attention.<\/p>\n<p>&nbsp;<\/p>\n<p>&nbsp;<\/p>\n<\/div>\n","protected":false},"excerpt":{"rendered":"<p>The Team To carry out her mandate, the Ombudsman, Me Nadine Mailloux is supported by a team of 11 people: two secretaries who provide administrative support, three Intake Officers, as well as six Advisors who conduct investigations and advise the &hellip; <a href=\"https:\/\/ombudsmandemontreal.com\/en\/about-us\/the-team\">Continue reading <span class=\"meta-nav\">&rarr;<\/span><\/a><\/p>\n","protected":false},"author":18,"featured_media":0,"parent":296,"menu_order":0,"comment_status":"closed","ping_status":"closed","template":"tmpl_page.php","meta":{"_acf_changed":false,"footnotes":""},"class_list":["post-310","page","type-page","status-publish","hentry"],"acf":[],"yoast_head":"<!-- This site is optimized with the Yoast SEO plugin v26.8 - https:\/\/yoast.com\/product\/yoast-seo-wordpress\/ -->\n<title>The team - OMBUDSMAN de Montr\u00e9al<\/title>\n<meta name=\"robots\" content=\"index, follow, max-snippet:-1, max-image-preview:large, max-video-preview:-1\" \/>\n<link rel=\"canonical\" href=\"https:\/\/ombudsmandemontreal.com\/en\/about-us\/the-team\" \/>\n<meta property=\"og:locale\" content=\"en_US\" \/>\n<meta property=\"og:type\" content=\"article\" \/>\n<meta property=\"og:title\" content=\"The team - OMBUDSMAN de Montr\u00e9al\" \/>\n<meta property=\"og:description\" content=\"The Team To carry out her mandate, the Ombudsman, Me Nadine Mailloux is supported by a team of 11 people: two secretaries who provide administrative support, three Intake Officers, as well as six Advisors who conduct investigations and advise the &hellip; Continue reading &rarr;\" \/>\n<meta property=\"og:url\" content=\"https:\/\/ombudsmandemontreal.com\/en\/about-us\/the-team\" \/>\n<meta property=\"og:site_name\" content=\"OMBUDSMAN de Montr\u00e9al\" \/>\n<meta property=\"article:modified_time\" content=\"2023-05-09T18:34:29+00:00\" \/>\n<meta property=\"og:image\" content=\"https:\/\/ombudsmandemontreal.com\/wp-content\/uploads\/2023\/05\/2023-05-Nadine_Mailloux-photo-expo-187x187.jpg\" \/>\n<meta name=\"twitter:card\" content=\"summary_large_image\" \/>\n<meta name=\"twitter:label1\" content=\"Est. reading time\" \/>\n\t<meta name=\"twitter:data1\" content=\"3 minutes\" \/>\n<script type=\"application\/ld+json\" class=\"yoast-schema-graph\">{\"@context\":\"https:\/\/schema.org\",\"@graph\":[{\"@type\":\"WebPage\",\"@id\":\"https:\/\/ombudsmandemontreal.com\/en\/about-us\/the-team\",\"url\":\"https:\/\/ombudsmandemontreal.com\/en\/about-us\/the-team\",\"name\":\"The team - OMBUDSMAN de Montr\u00e9al\",\"isPartOf\":{\"@id\":\"https:\/\/ombudsmandemontreal.com\/#website\"},\"primaryImageOfPage\":{\"@id\":\"https:\/\/ombudsmandemontreal.com\/en\/about-us\/the-team#primaryimage\"},\"image\":{\"@id\":\"https:\/\/ombudsmandemontreal.com\/en\/about-us\/the-team#primaryimage\"},\"thumbnailUrl\":\"https:\/\/ombudsmandemontreal.com\/wp-content\/uploads\/2023\/05\/2023-05-Nadine_Mailloux-photo-expo-187x187.jpg\",\"datePublished\":\"2011-05-11T20:43:49+00:00\",\"dateModified\":\"2023-05-09T18:34:29+00:00\",\"breadcrumb\":{\"@id\":\"https:\/\/ombudsmandemontreal.com\/en\/about-us\/the-team#breadcrumb\"},\"inLanguage\":\"en-US\",\"potentialAction\":[{\"@type\":\"ReadAction\",\"target\":[\"https:\/\/ombudsmandemontreal.com\/en\/about-us\/the-team\"]}]},{\"@type\":\"ImageObject\",\"inLanguage\":\"en-US\",\"@id\":\"https:\/\/ombudsmandemontreal.com\/en\/about-us\/the-team#primaryimage\",\"url\":\"https:\/\/ombudsmandemontreal.com\/wp-content\/uploads\/2023\/05\/2023-05-Nadine_Mailloux-photo-expo-187x187.jpg\",\"contentUrl\":\"https:\/\/ombudsmandemontreal.com\/wp-content\/uploads\/2023\/05\/2023-05-Nadine_Mailloux-photo-expo-187x187.jpg\"},{\"@type\":\"BreadcrumbList\",\"@id\":\"https:\/\/ombudsmandemontreal.com\/en\/about-us\/the-team#breadcrumb\",\"itemListElement\":[{\"@type\":\"ListItem\",\"position\":1,\"name\":\"Home\",\"item\":\"https:\/\/ombudsmandemontreal.com\/en\/\"},{\"@type\":\"ListItem\",\"position\":2,\"name\":\"About us\",\"item\":\"https:\/\/ombudsmandemontreal.com\/en\/about-us\"},{\"@type\":\"ListItem\",\"position\":3,\"name\":\"The team\"}]},{\"@type\":\"WebSite\",\"@id\":\"https:\/\/ombudsmandemontreal.com\/#website\",\"url\":\"https:\/\/ombudsmandemontreal.com\/\",\"name\":\"OMBUDSMAN de Montr\u00e9al\",\"description\":\"\",\"potentialAction\":[{\"@type\":\"SearchAction\",\"target\":{\"@type\":\"EntryPoint\",\"urlTemplate\":\"https:\/\/ombudsmandemontreal.com\/?s={search_term_string}\"},\"query-input\":{\"@type\":\"PropertyValueSpecification\",\"valueRequired\":true,\"valueName\":\"search_term_string\"}}],\"inLanguage\":\"en-US\"}]}<\/script>\n<!-- \/ Yoast SEO plugin. -->","yoast_head_json":{"title":"The team - OMBUDSMAN de Montr\u00e9al","robots":{"index":"index","follow":"follow","max-snippet":"max-snippet:-1","max-image-preview":"max-image-preview:large","max-video-preview":"max-video-preview:-1"},"canonical":"https:\/\/ombudsmandemontreal.com\/en\/about-us\/the-team","og_locale":"en_US","og_type":"article","og_title":"The team - OMBUDSMAN de Montr\u00e9al","og_description":"The Team To carry out her mandate, the Ombudsman, Me Nadine Mailloux is supported by a team of 11 people: two secretaries who provide administrative support, three Intake Officers, as well as six Advisors who conduct investigations and advise the &hellip; Continue reading &rarr;","og_url":"https:\/\/ombudsmandemontreal.com\/en\/about-us\/the-team","og_site_name":"OMBUDSMAN de Montr\u00e9al","article_modified_time":"2023-05-09T18:34:29+00:00","og_image":[{"url":"https:\/\/ombudsmandemontreal.com\/wp-content\/uploads\/2023\/05\/2023-05-Nadine_Mailloux-photo-expo-187x187.jpg","type":"","width":"","height":""}],"twitter_card":"summary_large_image","twitter_misc":{"Est. reading time":"3 minutes"},"schema":{"@context":"https:\/\/schema.org","@graph":[{"@type":"WebPage","@id":"https:\/\/ombudsmandemontreal.com\/en\/about-us\/the-team","url":"https:\/\/ombudsmandemontreal.com\/en\/about-us\/the-team","name":"The team - OMBUDSMAN de Montr\u00e9al","isPartOf":{"@id":"https:\/\/ombudsmandemontreal.com\/#website"},"primaryImageOfPage":{"@id":"https:\/\/ombudsmandemontreal.com\/en\/about-us\/the-team#primaryimage"},"image":{"@id":"https:\/\/ombudsmandemontreal.com\/en\/about-us\/the-team#primaryimage"},"thumbnailUrl":"https:\/\/ombudsmandemontreal.com\/wp-content\/uploads\/2023\/05\/2023-05-Nadine_Mailloux-photo-expo-187x187.jpg","datePublished":"2011-05-11T20:43:49+00:00","dateModified":"2023-05-09T18:34:29+00:00","breadcrumb":{"@id":"https:\/\/ombudsmandemontreal.com\/en\/about-us\/the-team#breadcrumb"},"inLanguage":"en-US","potentialAction":[{"@type":"ReadAction","target":["https:\/\/ombudsmandemontreal.com\/en\/about-us\/the-team"]}]},{"@type":"ImageObject","inLanguage":"en-US","@id":"https:\/\/ombudsmandemontreal.com\/en\/about-us\/the-team#primaryimage","url":"https:\/\/ombudsmandemontreal.com\/wp-content\/uploads\/2023\/05\/2023-05-Nadine_Mailloux-photo-expo-187x187.jpg","contentUrl":"https:\/\/ombudsmandemontreal.com\/wp-content\/uploads\/2023\/05\/2023-05-Nadine_Mailloux-photo-expo-187x187.jpg"},{"@type":"BreadcrumbList","@id":"https:\/\/ombudsmandemontreal.com\/en\/about-us\/the-team#breadcrumb","itemListElement":[{"@type":"ListItem","position":1,"name":"Home","item":"https:\/\/ombudsmandemontreal.com\/en\/"},{"@type":"ListItem","position":2,"name":"About us","item":"https:\/\/ombudsmandemontreal.com\/en\/about-us"},{"@type":"ListItem","position":3,"name":"The team"}]},{"@type":"WebSite","@id":"https:\/\/ombudsmandemontreal.com\/#website","url":"https:\/\/ombudsmandemontreal.com\/","name":"OMBUDSMAN de Montr\u00e9al","description":"","potentialAction":[{"@type":"SearchAction","target":{"@type":"EntryPoint","urlTemplate":"https:\/\/ombudsmandemontreal.com\/?s={search_term_string}"},"query-input":{"@type":"PropertyValueSpecification","valueRequired":true,"valueName":"search_term_string"}}],"inLanguage":"en-US"}]}},"_links":{"self":[{"href":"https:\/\/ombudsmandemontreal.com\/en\/wp-json\/wp\/v2\/pages\/310","targetHints":{"allow":["GET"]}}],"collection":[{"href":"https:\/\/ombudsmandemontreal.com\/en\/wp-json\/wp\/v2\/pages"}],"about":[{"href":"https:\/\/ombudsmandemontreal.com\/en\/wp-json\/wp\/v2\/types\/page"}],"author":[{"embeddable":true,"href":"https:\/\/ombudsmandemontreal.com\/en\/wp-json\/wp\/v2\/users\/18"}],"replies":[{"embeddable":true,"href":"https:\/\/ombudsmandemontreal.com\/en\/wp-json\/wp\/v2\/comments?post=310"}],"version-history":[{"count":0,"href":"https:\/\/ombudsmandemontreal.com\/en\/wp-json\/wp\/v2\/pages\/310\/revisions"}],"up":[{"embeddable":true,"href":"https:\/\/ombudsmandemontreal.com\/en\/wp-json\/wp\/v2\/pages\/296"}],"wp:attachment":[{"href":"https:\/\/ombudsmandemontreal.com\/en\/wp-json\/wp\/v2\/media?parent=310"}],"curies":[{"name":"wp","href":"https:\/\/api.w.org\/{rel}","templated":true}]}}