{"id":3058,"date":"2013-04-26T15:32:26","date_gmt":"2013-04-26T19:32:26","guid":{"rendered":"https:\/\/ombudsmandemontreal.com\/press-room\/press-of-the-odm\/2008-2"},"modified":"2013-04-26T15:32:26","modified_gmt":"2013-04-26T19:32:26","slug":"2008-2","status":"publish","type":"page","link":"https:\/\/ombudsmandemontreal.com\/en\/press-room\/press-of-the-odm\/2008-2","title":{"rendered":"2008"},"content":{"rendered":"<p><a href=\"https:\/\/ombudsmandemontreal.com\/wp-content\/themes\/ombudsman\/data\/carrefour_des_opinions_2008.pdf\" target=\"_blank\">D\u00e9mystifier le r\u00f4le de l&#8217;Ombudsman de Montr\u00e9al, <\/a>Le Carrefour des opinions &#8211; 2008 vol. 3 (PDF)<\/p>\n<p><a href=\"https:\/\/ombudsmandemontreal.com\/wp-content\/themes\/ombudsman\/data\/el-masri-newspaper_28-10-2008.pdf\" target=\"_blank\">El-Masri Newspaper (arabe) <\/a>&#8211; 28 oct. 2008 (vol. 163) (PDF)<\/p>\n<p><a href=\"http:\/\/journalmetro.com\/actualites\/montreal\/31177\/une-premiere-experience-inspirante-pour-lombudsman-de-montreal\/\" target=\"_blank\">Une premi\u00e8re exp\u00e9rience inspirante<\/a>,\u00a0M\u00e9tro &#8211; 30 juin 2008<\/p>\n<p><a href=\"http:\/\/journalmetro.com\/actualites\/montreal\/30913\/la-protectrice-du-citoyen-de-montreal-reste-peu-connue\/\" target=\"_blank\">La protectrice du citoyen de Montr\u00e9al reste peu connue<\/a>, M\u00e9tro &#8211; 30 avril 2008<\/p>\n","protected":false},"excerpt":{"rendered":"<p>D\u00e9mystifier le r\u00f4le de l&#8217;Ombudsman de Montr\u00e9al, Le Carrefour des opinions &#8211; 2008 vol. 3 (PDF) El-Masri Newspaper (arabe) &#8211; 28 oct. 2008 (vol. 163) (PDF) Une premi\u00e8re exp\u00e9rience inspirante,\u00a0M\u00e9tro &#8211; 30 juin 2008 La protectrice du citoyen de Montr\u00e9al &hellip; <a href=\"https:\/\/ombudsmandemontreal.com\/en\/press-room\/press-of-the-odm\/2008-2\">Continue reading <span class=\"meta-nav\">&rarr;<\/span><\/a><\/p>\n","protected":false},"author":18,"featured_media":0,"parent":1297,"menu_order":26,"comment_status":"closed","ping_status":"closed","template":"","meta":{"_acf_changed":false,"footnotes":""},"class_list":["post-3058","page","type-page","status-publish","hentry"],"acf":[],"yoast_head":"<!-- This site is optimized with the Yoast SEO plugin v27.4 - https:\/\/yoast.com\/product\/yoast-seo-wordpress\/ -->\n<title>2008 - OMBUDSMAN de Montr\u00e9al<\/title>\n<meta name=\"robots\" content=\"index, follow, max-snippet:-1, max-image-preview:large, max-video-preview:-1\" \/>\n<link rel=\"canonical\" href=\"https:\/\/ombudsmandemontreal.com\/en\/press-room\/press-of-the-odm\/2008-2\" \/>\n<meta property=\"og:locale\" content=\"en_US\" \/>\n<meta property=\"og:type\" content=\"article\" \/>\n<meta property=\"og:title\" content=\"2008 - OMBUDSMAN de Montr\u00e9al\" \/>\n<meta property=\"og:description\" content=\"D\u00e9mystifier le r\u00f4le de l&#8217;Ombudsman de Montr\u00e9al, Le Carrefour des opinions &#8211; 2008 vol. 3 (PDF) El-Masri Newspaper (arabe) &#8211; 28 oct. 2008 (vol. 163) (PDF) Une premi\u00e8re exp\u00e9rience inspirante,\u00a0M\u00e9tro &#8211; 30 juin 2008 La protectrice du citoyen de Montr\u00e9al &hellip; Continue reading &rarr;\" \/>\n<meta property=\"og:url\" content=\"https:\/\/ombudsmandemontreal.com\/en\/press-room\/press-of-the-odm\/2008-2\" \/>\n<meta property=\"og:site_name\" content=\"OMBUDSMAN de Montr\u00e9al\" \/>\n<meta name=\"twitter:card\" content=\"summary_large_image\" \/>\n<script type=\"application\/ld+json\" class=\"yoast-schema-graph\">{\"@context\":\"https:\\\/\\\/schema.org\",\"@graph\":[{\"@type\":\"WebPage\",\"@id\":\"https:\\\/\\\/ombudsmandemontreal.com\\\/en\\\/press-room\\\/press-of-the-odm\\\/2008-2\",\"url\":\"https:\\\/\\\/ombudsmandemontreal.com\\\/en\\\/press-room\\\/press-of-the-odm\\\/2008-2\",\"name\":\"2008 - OMBUDSMAN de Montr\u00e9al\",\"isPartOf\":{\"@id\":\"https:\\\/\\\/ombudsmandemontreal.com\\\/#website\"},\"datePublished\":\"2013-04-26T19:32:26+00:00\",\"breadcrumb\":{\"@id\":\"https:\\\/\\\/ombudsmandemontreal.com\\\/en\\\/press-room\\\/press-of-the-odm\\\/2008-2#breadcrumb\"},\"inLanguage\":\"en-US\",\"potentialAction\":[{\"@type\":\"ReadAction\",\"target\":[\"https:\\\/\\\/ombudsmandemontreal.com\\\/en\\\/press-room\\\/press-of-the-odm\\\/2008-2\"]}]},{\"@type\":\"BreadcrumbList\",\"@id\":\"https:\\\/\\\/ombudsmandemontreal.com\\\/en\\\/press-room\\\/press-of-the-odm\\\/2008-2#breadcrumb\",\"itemListElement\":[{\"@type\":\"ListItem\",\"position\":1,\"name\":\"Home\",\"item\":\"https:\\\/\\\/ombudsmandemontreal.com\\\/en\\\/\"},{\"@type\":\"ListItem\",\"position\":2,\"name\":\"Press room\",\"item\":\"https:\\\/\\\/ombudsmandemontreal.com\\\/en\\\/press-room\"},{\"@type\":\"ListItem\",\"position\":3,\"name\":\"Press room\",\"item\":\"https:\\\/\\\/ombudsmandemontreal.com\\\/en\\\/press-room\\\/press-of-the-odm\"},{\"@type\":\"ListItem\",\"position\":4,\"name\":\"2008\"}]},{\"@type\":\"WebSite\",\"@id\":\"https:\\\/\\\/ombudsmandemontreal.com\\\/#website\",\"url\":\"https:\\\/\\\/ombudsmandemontreal.com\\\/\",\"name\":\"OMBUDSMAN de Montr\u00e9al\",\"description\":\"\",\"potentialAction\":[{\"@type\":\"SearchAction\",\"target\":{\"@type\":\"EntryPoint\",\"urlTemplate\":\"https:\\\/\\\/ombudsmandemontreal.com\\\/?s={search_term_string}\"},\"query-input\":{\"@type\":\"PropertyValueSpecification\",\"valueRequired\":true,\"valueName\":\"search_term_string\"}}],\"inLanguage\":\"en-US\"}]}<\/script>\n<!-- \/ Yoast SEO plugin. -->","yoast_head_json":{"title":"2008 - OMBUDSMAN de Montr\u00e9al","robots":{"index":"index","follow":"follow","max-snippet":"max-snippet:-1","max-image-preview":"max-image-preview:large","max-video-preview":"max-video-preview:-1"},"canonical":"https:\/\/ombudsmandemontreal.com\/en\/press-room\/press-of-the-odm\/2008-2","og_locale":"en_US","og_type":"article","og_title":"2008 - OMBUDSMAN de Montr\u00e9al","og_description":"D\u00e9mystifier le r\u00f4le de l&#8217;Ombudsman de Montr\u00e9al, Le Carrefour des opinions &#8211; 2008 vol. 3 (PDF) El-Masri Newspaper (arabe) &#8211; 28 oct. 2008 (vol. 163) (PDF) Une premi\u00e8re exp\u00e9rience inspirante,\u00a0M\u00e9tro &#8211; 30 juin 2008 La protectrice du citoyen de Montr\u00e9al &hellip; Continue reading &rarr;","og_url":"https:\/\/ombudsmandemontreal.com\/en\/press-room\/press-of-the-odm\/2008-2","og_site_name":"OMBUDSMAN de Montr\u00e9al","twitter_card":"summary_large_image","schema":{"@context":"https:\/\/schema.org","@graph":[{"@type":"WebPage","@id":"https:\/\/ombudsmandemontreal.com\/en\/press-room\/press-of-the-odm\/2008-2","url":"https:\/\/ombudsmandemontreal.com\/en\/press-room\/press-of-the-odm\/2008-2","name":"2008 - OMBUDSMAN de Montr\u00e9al","isPartOf":{"@id":"https:\/\/ombudsmandemontreal.com\/#website"},"datePublished":"2013-04-26T19:32:26+00:00","breadcrumb":{"@id":"https:\/\/ombudsmandemontreal.com\/en\/press-room\/press-of-the-odm\/2008-2#breadcrumb"},"inLanguage":"en-US","potentialAction":[{"@type":"ReadAction","target":["https:\/\/ombudsmandemontreal.com\/en\/press-room\/press-of-the-odm\/2008-2"]}]},{"@type":"BreadcrumbList","@id":"https:\/\/ombudsmandemontreal.com\/en\/press-room\/press-of-the-odm\/2008-2#breadcrumb","itemListElement":[{"@type":"ListItem","position":1,"name":"Home","item":"https:\/\/ombudsmandemontreal.com\/en\/"},{"@type":"ListItem","position":2,"name":"Press room","item":"https:\/\/ombudsmandemontreal.com\/en\/press-room"},{"@type":"ListItem","position":3,"name":"Press room","item":"https:\/\/ombudsmandemontreal.com\/en\/press-room\/press-of-the-odm"},{"@type":"ListItem","position":4,"name":"2008"}]},{"@type":"WebSite","@id":"https:\/\/ombudsmandemontreal.com\/#website","url":"https:\/\/ombudsmandemontreal.com\/","name":"OMBUDSMAN de Montr\u00e9al","description":"","potentialAction":[{"@type":"SearchAction","target":{"@type":"EntryPoint","urlTemplate":"https:\/\/ombudsmandemontreal.com\/?s={search_term_string}"},"query-input":{"@type":"PropertyValueSpecification","valueRequired":true,"valueName":"search_term_string"}}],"inLanguage":"en-US"}]}},"_links":{"self":[{"href":"https:\/\/ombudsmandemontreal.com\/en\/wp-json\/wp\/v2\/pages\/3058","targetHints":{"allow":["GET"]}}],"collection":[{"href":"https:\/\/ombudsmandemontreal.com\/en\/wp-json\/wp\/v2\/pages"}],"about":[{"href":"https:\/\/ombudsmandemontreal.com\/en\/wp-json\/wp\/v2\/types\/page"}],"author":[{"embeddable":true,"href":"https:\/\/ombudsmandemontreal.com\/en\/wp-json\/wp\/v2\/users\/18"}],"replies":[{"embeddable":true,"href":"https:\/\/ombudsmandemontreal.com\/en\/wp-json\/wp\/v2\/comments?post=3058"}],"version-history":[{"count":0,"href":"https:\/\/ombudsmandemontreal.com\/en\/wp-json\/wp\/v2\/pages\/3058\/revisions"}],"up":[{"embeddable":true,"href":"https:\/\/ombudsmandemontreal.com\/en\/wp-json\/wp\/v2\/pages\/1297"}],"wp:attachment":[{"href":"https:\/\/ombudsmandemontreal.com\/en\/wp-json\/wp\/v2\/media?parent=3058"}],"curies":[{"name":"wp","href":"https:\/\/api.w.org\/{rel}","templated":true}]}}