{"id":3053,"date":"2013-04-26T15:36:36","date_gmt":"2013-04-26T19:36:36","guid":{"rendered":"https:\/\/ombudsmandemontreal.com\/press-room\/press-of-the-odm\/2013-2"},"modified":"2013-06-06T10:20:32","modified_gmt":"2013-06-06T14:20:32","slug":"2013-2","status":"publish","type":"page","link":"https:\/\/ombudsmandemontreal.com\/en\/press-room\/press-of-the-odm\/2013-2","title":{"rendered":"2013"},"content":{"rendered":"<p><a href=\"http:\/\/messagerlachine.newspaperdirect.com\/epaper\/fr\/viewer.aspx\" target=\"_blank\">Peu de plaintes de Lachine \u00e0 l&#8217;Ombudsman de Montr\u00e9al<\/a>, Le Messager Lachine\/Dorval &#8211; 23 mai 2013, p.5<\/p>\n<p><a href=\"http:\/\/linformateurrdp.newspaperdirect.com\/epaper\/fr\/viewer.aspx\" target=\"_blank\">RDP-PAT r\u00e9colte moins de plaintes cette ann\u00e9e<\/a>, L&#8217;Informateur &#8211; 23 avril 2013, p.5<\/p>\n<p><a href=\"http:\/\/www.lametropole.com\/article\/actualites\/debats-montreal\/hausse-de-15-des-plaintes-\u00e0-montr\u00e9al\" target=\"_blank\">Hausse de 15% des plaintes \u00e0 Montr\u00e9al<\/a>, La M\u00e9tropole &#8211; 12 avril 2013<\/p>\n<p><a href=\"http:\/\/www.px-news.com\/papers\/current.html\" target=\"_blank\">Montreal ombudsman&#8217;s office releases annual complaints report<\/a>, Nouvelles Parc-Extension News &#8211; 6 avril 2013, p.5<\/p>\n<p><a href=\"http:\/\/www.flambeaudelest.com\/Actualites\/Vos-nouvelles\/2013-04-05\/article-3214453\/MHM-a-fait-lobjet-de-52-nouvelles-plaintes-citoyennes\/1\" target=\"_blank\">MHM a fait l&#8217;objet de 52 nouvelles plaintes citoyennes<\/a>, Le Flambeau de l&#8217;Est &#8211; 5 avril 2013<\/p>\n<p><a href=\"http:\/\/lesactualites.ca\/?p=1601\" target=\"_blank\">Ombudsman de Montr\u00e9al: Les plaintes en hausse \u00e0 CDN-NDG<\/a>, Les Actual!t\u00e9s &#8211; 4 avril 2013<\/p>\n<p><a href=\"http:\/\/www.journaldestmichel.com\/Actualit%C3%A9s\/Politique\/Municipal\/2013-04-03\/article-3212796\/strongOmbudsman-de-Montreal-Peu-de-plaignants-viennent-de-notre-arrondissementstrong\/1\" target=\"_blank\">Ombudsman de Montr\u00e9al: Peu de plaignants viennent de notre arrondissement<\/a>, Journal de St-Michel &#8211; 3 avril 2013<\/p>\n<p><a href=\"http:\/\/courrierahuntsic.newspaperdirect.com\/epaper\/fr\/viewer.aspx\" target=\"_blank\">Ombudsman: hausse du nombre de plaintes dans Ahuntsic<\/a>, Courrier Ahuntsic &#8211; 29 mars 2013, p.6-7<\/p>\n<p><a href=\"http:\/\/www.journalderosemont.com\/Actualit%C3%A9s\/Vos%20nouvelles\/2013-03-29\/article-3208603\/Ombudsman-57-nouvelles-plaintes-concernant-RPP\/1\" target=\"_blank\">Ombudsman: 57 nouvelles plaintes concernant RPP<\/a>, Journal de Rosemont &#8211; La Petite-Patrie &#8211; 29 mars 2013<\/p>\n<p><a href=\"http:\/\/www.progresstleonard.com\/Actualites\/Vos-nouvelles\/2013-03-28\/article-3209486\/Ombudsman-%3A-plaintes-en-hausse-constante-sur-le-territoire-montrealais\/1\" target=\"_blank\">Ombudsman: plaintes en hausse constante sur le territoire montr\u00e9alais<\/a>, Progr\u00e8s Saint-L\u00e9onard &#8211; 28 mars 2013<\/p>\n<p><a href=\"http:\/\/www.progresstleonard.com\/Actualites\/Vos-nouvelles\/2013-03-28\/article-3209471\/Ombudsman%3A-dix-appels-pour-Saint-Leonard-en-2012\/1\" target=\"_blank\">Ombudsman: dix appels pour Saint-L\u00e9onard en 2012<\/a>, Progr\u00e8s Saint-L\u00e9onard &#8211; 28 mars 2013<\/p>\n<p><a href=\"http:\/\/www.leprogresvilleray.com\/Actualites\/Vos-nouvelles\/2013-03-28\/article-3209684\/Ombudsman%3A-plaintes-en-hausse-constante-sur-le-territoire-montrealais\/1\" target=\"_blank\">Ombudsman: plaintes en hausse constante<\/a>, Progr\u00e8s Villeray &#8211; Parc-Extension &#8211; 28 mars 2013<\/p>\n<p><a href=\"http:\/\/edition.pagesuite-professional.co.uk\/\/launch.aspx?eid=1239902d-92a0-4858-86b8-9392953bc6f0\" target=\"_blank\">Ombudsman saw more health and welfare complaints in 2012<\/a>, The Suburban &#8211; 27 mars 2013, p.10<\/p>\n<p><a href=\"http:\/\/guidemtlnord.newspaperdirect.com\/epaper\/fr\/viewer.aspx\" target=\"_blank\">Ombudsman: plaintes en hausse constante sur le territoire montr\u00e9alais. Mais seulement 13 nouvelles plaintes re\u00e7ues \u00e0 Montr\u00e9al-Nord en 2012<\/a>, Guide de Montr\u00e9al-Nord &#8211; 26 mars 2012, p.3<\/p>\n<p><a href=\"http:\/\/www.messagerverdun.com\/Actualites\/Vos-nouvelles\/2013-03-26\/article-3208201\/29-plaintes-verdunoises-a-lOmbudsman\/1\" target=\"_blank\">29 plaintes verdunoises \u00e0 l&#8217;Ombudsman<\/a>, Le Messager Verdun &#8211; 26 mars 2013<\/p>\n<p><a href=\"http:\/\/www.lemagazineiledessoeurs.com\/Actualites\/Vos-nouvelles\/2013-03-26\/article-3208197\/29-nouvelles-plaintes-ciblent-l%26rsquoarrondissement\/1\" target=\"_blank\">29 nouvelles plaintes ciblent l&#8217;arrondissement<\/a>, Le Magazine de L&#8217;\u00cele-des-Soeurs &#8211; 26 mars 2013<\/p>\n<p><a href=\"http:\/\/www.lavoixpop.com\/Actualites\/Vos-nouvelles\/2013-03-23\/article-3205754\/Lombudsman-de-Montreal-a-recu-47-nouvelles-plaintes-en-2012-dans-l%26rsquoarrondissement-du-Sud-Ouest\/1\" target=\"_blank\">L&#8217;ombudsman de Montr\u00e9al a re\u00e7u 47 nouvelles plaintes en 2012 dans l&#8217;arrondissement du Sud-Ouest<\/a>, La Voix Pop &#8211; 23 mars 2013<\/p>\n<p><a href=\"http:\/\/www.leplateau.com\/Actualites\/Vos-nouvelles\/2013-03-22\/article-3205854\/Le-Plateau-recolte-le-plus-de-plaintes-aupres-lOmbudsman-de-Montreal-en-2012\/1\" target=\"_blank\">Le Plateau r\u00e9colte le plus de plaintes aupr\u00e8s de l&#8217;Ombudsman de Montr\u00e9al en 2012<\/a>, Le Plateau &#8211; 22 mars 2013<\/p>\n<p><a href=\"http:\/\/www.985fm.ca\/audioplayer.php?mp3=169070\" target=\"_blank\">Entrevue \u00e0 l&#8217;\u00e9mission <\/a><em><a href=\"http:\/\/www.985fm.ca\/audioplayer.php?mp3=169070\" target=\"_blank\">Dutrizac<\/a>, <\/em>98,5 FM &#8211; 21 mars 2013<\/p>\n<p><a href=\"https:\/\/ombudsmandemontreal.com\/audio?audio=3035\" target=\"_blank\">Entrevue \u00e0 l&#8217;\u00e9mission <em>Le Midi Libre<\/em><\/a>, CIBL 101,5 FM &#8211; 20 mars 2013<\/p>\n<p><a href=\"http:\/\/tvanouvelles.ca\/lcn\/infos\/regional\/montreal\/archives\/2013\/03\/20130320-213551.html?utm_source=twitterfeed&amp;utm_medium=twitter\" target=\"_blank\">L&#8217;ombudsman met en lumi\u00e8re une bourde administrative<\/a>, TVAnouvelles.ca &#8211; 20 mars 2013<\/p>\n<p><a href=\"http:\/\/www.radio-canada.ca\/regions\/Montreal\/2013\/03\/20\/004-ombudsman-montreal-plaintes.shtml\" target=\"_blank\">Les Montr\u00e9alais plus critiques, les plaintes en hausse<\/a>, Radio-Canada.ca &#8211; 20 mars 2013<\/p>\n<p><a href=\"http:\/\/www.lapresse.ca\/actualites\/regional\/montreal\/201303\/20\/01-4632961-18-000-contraventions-traitees-en-catimini-par-la-cour-municipale.php?utm_categorieinterne=trafficdrivers&amp;utm_contenuinterne=cyberpresse_B13b_montreal_544_section_POS1\" target=\"_blank\">18 000 contraventions trait\u00e9es en catimini par la cour municipale<\/a>, Lapresse.ca &#8211; 20 mars 2013<\/p>\n<p><a href=\"http:\/\/journalmetro.com\/actualites\/montreal\/278256\/multiplication-des-plaintes-au-bureau-de-lombudsman-de-montreal\/\" target=\"_blank\">Multiplication des plaintes au bureau de l&#8217;ombudsman de Montr\u00e9al<\/a>, M\u00e9tro &#8211; 20 mars 2013<\/p>\n<p><a title=\"Ombudsman de Montr\u00e9al - Dix ans de solutions\" href=\"http:\/\/www.barreau.qc.ca\/pdf\/journal\/vol45\/201303.pdf\" target=\"_blank\">Ombudsman de Montr\u00e9al &#8211; Dix ans de solutions<\/a>, Le Journal du Barreau &#8211; mars 2013, page 28<\/p>\n","protected":false},"excerpt":{"rendered":"<p>Peu de plaintes de Lachine \u00e0 l&#8217;Ombudsman de Montr\u00e9al, Le Messager Lachine\/Dorval &#8211; 23 mai 2013, p.5 RDP-PAT r\u00e9colte moins de plaintes cette ann\u00e9e, L&#8217;Informateur &#8211; 23 avril 2013, p.5 Hausse de 15% des plaintes \u00e0 Montr\u00e9al, La M\u00e9tropole &#8211; &hellip; <a href=\"https:\/\/ombudsmandemontreal.com\/en\/press-room\/press-of-the-odm\/2013-2\">Continue reading <span class=\"meta-nav\">&rarr;<\/span><\/a><\/p>\n","protected":false},"author":18,"featured_media":0,"parent":1297,"menu_order":12,"comment_status":"closed","ping_status":"closed","template":"","meta":{"_acf_changed":false,"footnotes":""},"class_list":["post-3053","page","type-page","status-publish","hentry"],"acf":[],"yoast_head":"<!-- This site is optimized with the Yoast SEO plugin v26.8 - https:\/\/yoast.com\/product\/yoast-seo-wordpress\/ -->\n<title>2013 - OMBUDSMAN de Montr\u00e9al<\/title>\n<meta name=\"robots\" content=\"index, follow, max-snippet:-1, max-image-preview:large, max-video-preview:-1\" \/>\n<link rel=\"canonical\" href=\"https:\/\/ombudsmandemontreal.com\/en\/press-room\/press-of-the-odm\/2013-2\" \/>\n<meta property=\"og:locale\" content=\"en_US\" \/>\n<meta property=\"og:type\" content=\"article\" \/>\n<meta property=\"og:title\" content=\"2013 - OMBUDSMAN de Montr\u00e9al\" \/>\n<meta property=\"og:description\" content=\"Peu de plaintes de Lachine \u00e0 l&#8217;Ombudsman de Montr\u00e9al, Le Messager Lachine\/Dorval &#8211; 23 mai 2013, p.5 RDP-PAT r\u00e9colte moins de plaintes cette ann\u00e9e, L&#8217;Informateur &#8211; 23 avril 2013, p.5 Hausse de 15% des plaintes \u00e0 Montr\u00e9al, La M\u00e9tropole &#8211; &hellip; Continue reading &rarr;\" \/>\n<meta property=\"og:url\" content=\"https:\/\/ombudsmandemontreal.com\/en\/press-room\/press-of-the-odm\/2013-2\" \/>\n<meta property=\"og:site_name\" content=\"OMBUDSMAN de Montr\u00e9al\" \/>\n<meta property=\"article:modified_time\" content=\"2013-06-06T14:20:32+00:00\" \/>\n<meta name=\"twitter:card\" content=\"summary_large_image\" \/>\n<meta name=\"twitter:label1\" content=\"Est. reading time\" \/>\n\t<meta name=\"twitter:data1\" content=\"2 minutes\" \/>\n<script type=\"application\/ld+json\" class=\"yoast-schema-graph\">{\"@context\":\"https:\/\/schema.org\",\"@graph\":[{\"@type\":\"WebPage\",\"@id\":\"https:\/\/ombudsmandemontreal.com\/en\/press-room\/press-of-the-odm\/2013-2\",\"url\":\"https:\/\/ombudsmandemontreal.com\/en\/press-room\/press-of-the-odm\/2013-2\",\"name\":\"2013 - OMBUDSMAN de Montr\u00e9al\",\"isPartOf\":{\"@id\":\"https:\/\/ombudsmandemontreal.com\/#website\"},\"datePublished\":\"2013-04-26T19:36:36+00:00\",\"dateModified\":\"2013-06-06T14:20:32+00:00\",\"breadcrumb\":{\"@id\":\"https:\/\/ombudsmandemontreal.com\/en\/press-room\/press-of-the-odm\/2013-2#breadcrumb\"},\"inLanguage\":\"en-US\",\"potentialAction\":[{\"@type\":\"ReadAction\",\"target\":[\"https:\/\/ombudsmandemontreal.com\/en\/press-room\/press-of-the-odm\/2013-2\"]}]},{\"@type\":\"BreadcrumbList\",\"@id\":\"https:\/\/ombudsmandemontreal.com\/en\/press-room\/press-of-the-odm\/2013-2#breadcrumb\",\"itemListElement\":[{\"@type\":\"ListItem\",\"position\":1,\"name\":\"Home\",\"item\":\"https:\/\/ombudsmandemontreal.com\/en\/\"},{\"@type\":\"ListItem\",\"position\":2,\"name\":\"Press room\",\"item\":\"https:\/\/ombudsmandemontreal.com\/en\/press-room\"},{\"@type\":\"ListItem\",\"position\":3,\"name\":\"Press room\",\"item\":\"https:\/\/ombudsmandemontreal.com\/en\/press-room\/press-of-the-odm\"},{\"@type\":\"ListItem\",\"position\":4,\"name\":\"2013\"}]},{\"@type\":\"WebSite\",\"@id\":\"https:\/\/ombudsmandemontreal.com\/#website\",\"url\":\"https:\/\/ombudsmandemontreal.com\/\",\"name\":\"OMBUDSMAN de Montr\u00e9al\",\"description\":\"\",\"potentialAction\":[{\"@type\":\"SearchAction\",\"target\":{\"@type\":\"EntryPoint\",\"urlTemplate\":\"https:\/\/ombudsmandemontreal.com\/?s={search_term_string}\"},\"query-input\":{\"@type\":\"PropertyValueSpecification\",\"valueRequired\":true,\"valueName\":\"search_term_string\"}}],\"inLanguage\":\"en-US\"}]}<\/script>\n<!-- \/ Yoast SEO plugin. -->","yoast_head_json":{"title":"2013 - OMBUDSMAN de Montr\u00e9al","robots":{"index":"index","follow":"follow","max-snippet":"max-snippet:-1","max-image-preview":"max-image-preview:large","max-video-preview":"max-video-preview:-1"},"canonical":"https:\/\/ombudsmandemontreal.com\/en\/press-room\/press-of-the-odm\/2013-2","og_locale":"en_US","og_type":"article","og_title":"2013 - OMBUDSMAN de Montr\u00e9al","og_description":"Peu de plaintes de Lachine \u00e0 l&#8217;Ombudsman de Montr\u00e9al, Le Messager Lachine\/Dorval &#8211; 23 mai 2013, p.5 RDP-PAT r\u00e9colte moins de plaintes cette ann\u00e9e, L&#8217;Informateur &#8211; 23 avril 2013, p.5 Hausse de 15% des plaintes \u00e0 Montr\u00e9al, La M\u00e9tropole &#8211; &hellip; Continue reading &rarr;","og_url":"https:\/\/ombudsmandemontreal.com\/en\/press-room\/press-of-the-odm\/2013-2","og_site_name":"OMBUDSMAN de Montr\u00e9al","article_modified_time":"2013-06-06T14:20:32+00:00","twitter_card":"summary_large_image","twitter_misc":{"Est. reading time":"2 minutes"},"schema":{"@context":"https:\/\/schema.org","@graph":[{"@type":"WebPage","@id":"https:\/\/ombudsmandemontreal.com\/en\/press-room\/press-of-the-odm\/2013-2","url":"https:\/\/ombudsmandemontreal.com\/en\/press-room\/press-of-the-odm\/2013-2","name":"2013 - OMBUDSMAN de Montr\u00e9al","isPartOf":{"@id":"https:\/\/ombudsmandemontreal.com\/#website"},"datePublished":"2013-04-26T19:36:36+00:00","dateModified":"2013-06-06T14:20:32+00:00","breadcrumb":{"@id":"https:\/\/ombudsmandemontreal.com\/en\/press-room\/press-of-the-odm\/2013-2#breadcrumb"},"inLanguage":"en-US","potentialAction":[{"@type":"ReadAction","target":["https:\/\/ombudsmandemontreal.com\/en\/press-room\/press-of-the-odm\/2013-2"]}]},{"@type":"BreadcrumbList","@id":"https:\/\/ombudsmandemontreal.com\/en\/press-room\/press-of-the-odm\/2013-2#breadcrumb","itemListElement":[{"@type":"ListItem","position":1,"name":"Home","item":"https:\/\/ombudsmandemontreal.com\/en\/"},{"@type":"ListItem","position":2,"name":"Press room","item":"https:\/\/ombudsmandemontreal.com\/en\/press-room"},{"@type":"ListItem","position":3,"name":"Press room","item":"https:\/\/ombudsmandemontreal.com\/en\/press-room\/press-of-the-odm"},{"@type":"ListItem","position":4,"name":"2013"}]},{"@type":"WebSite","@id":"https:\/\/ombudsmandemontreal.com\/#website","url":"https:\/\/ombudsmandemontreal.com\/","name":"OMBUDSMAN de Montr\u00e9al","description":"","potentialAction":[{"@type":"SearchAction","target":{"@type":"EntryPoint","urlTemplate":"https:\/\/ombudsmandemontreal.com\/?s={search_term_string}"},"query-input":{"@type":"PropertyValueSpecification","valueRequired":true,"valueName":"search_term_string"}}],"inLanguage":"en-US"}]}},"_links":{"self":[{"href":"https:\/\/ombudsmandemontreal.com\/en\/wp-json\/wp\/v2\/pages\/3053","targetHints":{"allow":["GET"]}}],"collection":[{"href":"https:\/\/ombudsmandemontreal.com\/en\/wp-json\/wp\/v2\/pages"}],"about":[{"href":"https:\/\/ombudsmandemontreal.com\/en\/wp-json\/wp\/v2\/types\/page"}],"author":[{"embeddable":true,"href":"https:\/\/ombudsmandemontreal.com\/en\/wp-json\/wp\/v2\/users\/18"}],"replies":[{"embeddable":true,"href":"https:\/\/ombudsmandemontreal.com\/en\/wp-json\/wp\/v2\/comments?post=3053"}],"version-history":[{"count":0,"href":"https:\/\/ombudsmandemontreal.com\/en\/wp-json\/wp\/v2\/pages\/3053\/revisions"}],"up":[{"embeddable":true,"href":"https:\/\/ombudsmandemontreal.com\/en\/wp-json\/wp\/v2\/pages\/1297"}],"wp:attachment":[{"href":"https:\/\/ombudsmandemontreal.com\/en\/wp-json\/wp\/v2\/media?parent=3053"}],"curies":[{"name":"wp","href":"https:\/\/api.w.org\/{rel}","templated":true}]}}