{"id":2699,"date":"2013-04-29T13:33:15","date_gmt":"2013-04-29T17:33:15","guid":{"rendered":"https:\/\/ombudsmandemontreal.com\/cases-handled\/examples-of-charter-files\/noise-and-nuisances\/aire-dexercice-canin-du-parc-liebert-dossier-2009"},"modified":"2014-05-27T15:43:31","modified_gmt":"2014-05-27T19:43:31","slug":"aire-dexercice-canin-du-parc-liebert-dossier-2009","status":"publish","type":"page","link":"https:\/\/ombudsmandemontreal.com\/en\/cases-handled\/examples-of-charter-files\/noise-and-nuisances\/aire-dexercice-canin-du-parc-liebert-dossier-2009","title":{"rendered":"Dog area &#8211; Li\u00e9bert Park (2009)"},"content":{"rendered":"<p>In 2009, residents complained about nuisances resulting from the presence of a dog area, in the Li\u00e9bert Park, in front of their residence. This park is located in Arrondissement de Mercier\u2013Hochelaga-Maisonneuve. This dog area did not meet the usual standards for the implementation of a dog area in this borough. After a long investigation, our office issued a <strong>Recommendation<\/strong> to close or relocate it.<\/p>\n<p>Our <b>Recommendation <\/b>had been denied by the Borough which, however, adopted new operation regulations for dog parks, in 2012.<\/p>\n<p>We asked the Borough to confirm which measures were implemented to ensure the respect of these new rules in this specific dog park, more particularly after the normal working hours of municipal inspectors.<\/p>\n<p>The Borough confirmed that the dog owners association of this dog park refuses to take on any responsibility whatsoever to ensure compliance to these rules by users. Yet, according to the Borough\u2019s requirements, the dog owners association must \u201caccept to act as a partner with the Borough to ensure the calmness as well as the respect of the environment and of the regulations applicable to the park and the dog park.\u201d (our translation)<\/p>\n<p>At the end of 2013, the Borough installed a new sign, at the dog park entrance, mentioning the new regulation adopted in the spring of 2012 including the fact the dog park was now closing at 10pm rather than 11pm, as before. As we wrote our 2013 Annual report, the information availbale on the City\u2019s website was still not modified, accordingly. The modifications were made soon after the release of our Report, in May 2014.<\/p>\n<p>The Borough also installed a new automatic lock system on the dog park\u2019s door, in order to prevent access outside opening hours. However, this system did not seem to be functioning as of December 31, 2013.<\/p>\n<p>Our office continues to follow up with the Borough.<\/p>\n","protected":false},"excerpt":{"rendered":"<p>In 2009, residents complained about nuisances resulting from the presence of a dog area, in the Li\u00e9bert Park, in front of their residence. This park is located in Arrondissement de Mercier\u2013Hochelaga-Maisonneuve. This dog area did not meet the usual standards &hellip; <a href=\"https:\/\/ombudsmandemontreal.com\/en\/cases-handled\/examples-of-charter-files\/noise-and-nuisances\/aire-dexercice-canin-du-parc-liebert-dossier-2009\">Continue reading <span class=\"meta-nav\">&rarr;<\/span><\/a><\/p>\n","protected":false},"author":18,"featured_media":0,"parent":343,"menu_order":20,"comment_status":"closed","ping_status":"closed","template":"","meta":{"_acf_changed":false,"footnotes":""},"class_list":["post-2699","page","type-page","status-publish","hentry"],"acf":[],"yoast_head":"<!-- This site is optimized with the Yoast SEO plugin v27.4 - https:\/\/yoast.com\/product\/yoast-seo-wordpress\/ -->\n<title>Dog area - Li\u00e9bert Park (2009) - OMBUDSMAN de Montr\u00e9al<\/title>\n<meta name=\"robots\" content=\"index, follow, max-snippet:-1, max-image-preview:large, max-video-preview:-1\" \/>\n<link rel=\"canonical\" href=\"https:\/\/ombudsmandemontreal.com\/en\/cases-handled\/examples-of-charter-files\/noise-and-nuisances\/aire-dexercice-canin-du-parc-liebert-dossier-2009\" \/>\n<meta property=\"og:locale\" content=\"en_US\" \/>\n<meta property=\"og:type\" content=\"article\" \/>\n<meta property=\"og:title\" content=\"Dog area - Li\u00e9bert Park (2009) - OMBUDSMAN de Montr\u00e9al\" \/>\n<meta property=\"og:description\" content=\"In 2009, residents complained about nuisances resulting from the presence of a dog area, in the Li\u00e9bert Park, in front of their residence. This park is located in Arrondissement de Mercier\u2013Hochelaga-Maisonneuve. This dog area did not meet the usual standards &hellip; Continue reading &rarr;\" \/>\n<meta property=\"og:url\" content=\"https:\/\/ombudsmandemontreal.com\/en\/cases-handled\/examples-of-charter-files\/noise-and-nuisances\/aire-dexercice-canin-du-parc-liebert-dossier-2009\" \/>\n<meta property=\"og:site_name\" content=\"OMBUDSMAN de Montr\u00e9al\" \/>\n<meta property=\"article:modified_time\" content=\"2014-05-27T19:43:31+00:00\" \/>\n<meta name=\"twitter:card\" content=\"summary_large_image\" \/>\n<meta name=\"twitter:label1\" content=\"Est. reading time\" \/>\n\t<meta name=\"twitter:data1\" content=\"2 minutes\" \/>\n<script type=\"application\/ld+json\" class=\"yoast-schema-graph\">{\"@context\":\"https:\\\/\\\/schema.org\",\"@graph\":[{\"@type\":\"WebPage\",\"@id\":\"https:\\\/\\\/ombudsmandemontreal.com\\\/en\\\/cases-handled\\\/examples-of-charter-files\\\/noise-and-nuisances\\\/aire-dexercice-canin-du-parc-liebert-dossier-2009\",\"url\":\"https:\\\/\\\/ombudsmandemontreal.com\\\/en\\\/cases-handled\\\/examples-of-charter-files\\\/noise-and-nuisances\\\/aire-dexercice-canin-du-parc-liebert-dossier-2009\",\"name\":\"Dog area - Li\u00e9bert Park (2009) - OMBUDSMAN de Montr\u00e9al\",\"isPartOf\":{\"@id\":\"https:\\\/\\\/ombudsmandemontreal.com\\\/#website\"},\"datePublished\":\"2013-04-29T17:33:15+00:00\",\"dateModified\":\"2014-05-27T19:43:31+00:00\",\"breadcrumb\":{\"@id\":\"https:\\\/\\\/ombudsmandemontreal.com\\\/en\\\/cases-handled\\\/examples-of-charter-files\\\/noise-and-nuisances\\\/aire-dexercice-canin-du-parc-liebert-dossier-2009#breadcrumb\"},\"inLanguage\":\"en-US\",\"potentialAction\":[{\"@type\":\"ReadAction\",\"target\":[\"https:\\\/\\\/ombudsmandemontreal.com\\\/en\\\/cases-handled\\\/examples-of-charter-files\\\/noise-and-nuisances\\\/aire-dexercice-canin-du-parc-liebert-dossier-2009\"]}]},{\"@type\":\"BreadcrumbList\",\"@id\":\"https:\\\/\\\/ombudsmandemontreal.com\\\/en\\\/cases-handled\\\/examples-of-charter-files\\\/noise-and-nuisances\\\/aire-dexercice-canin-du-parc-liebert-dossier-2009#breadcrumb\",\"itemListElement\":[{\"@type\":\"ListItem\",\"position\":1,\"name\":\"Home\",\"item\":\"https:\\\/\\\/ombudsmandemontreal.com\\\/en\\\/\"},{\"@type\":\"ListItem\",\"position\":2,\"name\":\"Cases handled\",\"item\":\"https:\\\/\\\/ombudsmandemontreal.com\\\/en\\\/cases-handled\"},{\"@type\":\"ListItem\",\"position\":3,\"name\":\"Examples of Charter files\",\"item\":\"https:\\\/\\\/ombudsmandemontreal.com\\\/en\\\/cases-handled\\\/examples-of-charter-files\"},{\"@type\":\"ListItem\",\"position\":4,\"name\":\"Noise and Nuisances\",\"item\":\"https:\\\/\\\/ombudsmandemontreal.com\\\/en\\\/cases-handled\\\/examples-of-charter-files\\\/noise-and-nuisances\"},{\"@type\":\"ListItem\",\"position\":5,\"name\":\"Dog area &#8211; Li\u00e9bert Park (2009)\"}]},{\"@type\":\"WebSite\",\"@id\":\"https:\\\/\\\/ombudsmandemontreal.com\\\/#website\",\"url\":\"https:\\\/\\\/ombudsmandemontreal.com\\\/\",\"name\":\"OMBUDSMAN de Montr\u00e9al\",\"description\":\"\",\"potentialAction\":[{\"@type\":\"SearchAction\",\"target\":{\"@type\":\"EntryPoint\",\"urlTemplate\":\"https:\\\/\\\/ombudsmandemontreal.com\\\/?s={search_term_string}\"},\"query-input\":{\"@type\":\"PropertyValueSpecification\",\"valueRequired\":true,\"valueName\":\"search_term_string\"}}],\"inLanguage\":\"en-US\"}]}<\/script>\n<!-- \/ Yoast SEO plugin. -->","yoast_head_json":{"title":"Dog area - Li\u00e9bert Park (2009) - OMBUDSMAN de Montr\u00e9al","robots":{"index":"index","follow":"follow","max-snippet":"max-snippet:-1","max-image-preview":"max-image-preview:large","max-video-preview":"max-video-preview:-1"},"canonical":"https:\/\/ombudsmandemontreal.com\/en\/cases-handled\/examples-of-charter-files\/noise-and-nuisances\/aire-dexercice-canin-du-parc-liebert-dossier-2009","og_locale":"en_US","og_type":"article","og_title":"Dog area - Li\u00e9bert Park (2009) - OMBUDSMAN de Montr\u00e9al","og_description":"In 2009, residents complained about nuisances resulting from the presence of a dog area, in the Li\u00e9bert Park, in front of their residence. This park is located in Arrondissement de Mercier\u2013Hochelaga-Maisonneuve. This dog area did not meet the usual standards &hellip; Continue reading &rarr;","og_url":"https:\/\/ombudsmandemontreal.com\/en\/cases-handled\/examples-of-charter-files\/noise-and-nuisances\/aire-dexercice-canin-du-parc-liebert-dossier-2009","og_site_name":"OMBUDSMAN de Montr\u00e9al","article_modified_time":"2014-05-27T19:43:31+00:00","twitter_card":"summary_large_image","twitter_misc":{"Est. reading time":"2 minutes"},"schema":{"@context":"https:\/\/schema.org","@graph":[{"@type":"WebPage","@id":"https:\/\/ombudsmandemontreal.com\/en\/cases-handled\/examples-of-charter-files\/noise-and-nuisances\/aire-dexercice-canin-du-parc-liebert-dossier-2009","url":"https:\/\/ombudsmandemontreal.com\/en\/cases-handled\/examples-of-charter-files\/noise-and-nuisances\/aire-dexercice-canin-du-parc-liebert-dossier-2009","name":"Dog area - Li\u00e9bert Park (2009) - OMBUDSMAN de Montr\u00e9al","isPartOf":{"@id":"https:\/\/ombudsmandemontreal.com\/#website"},"datePublished":"2013-04-29T17:33:15+00:00","dateModified":"2014-05-27T19:43:31+00:00","breadcrumb":{"@id":"https:\/\/ombudsmandemontreal.com\/en\/cases-handled\/examples-of-charter-files\/noise-and-nuisances\/aire-dexercice-canin-du-parc-liebert-dossier-2009#breadcrumb"},"inLanguage":"en-US","potentialAction":[{"@type":"ReadAction","target":["https:\/\/ombudsmandemontreal.com\/en\/cases-handled\/examples-of-charter-files\/noise-and-nuisances\/aire-dexercice-canin-du-parc-liebert-dossier-2009"]}]},{"@type":"BreadcrumbList","@id":"https:\/\/ombudsmandemontreal.com\/en\/cases-handled\/examples-of-charter-files\/noise-and-nuisances\/aire-dexercice-canin-du-parc-liebert-dossier-2009#breadcrumb","itemListElement":[{"@type":"ListItem","position":1,"name":"Home","item":"https:\/\/ombudsmandemontreal.com\/en\/"},{"@type":"ListItem","position":2,"name":"Cases handled","item":"https:\/\/ombudsmandemontreal.com\/en\/cases-handled"},{"@type":"ListItem","position":3,"name":"Examples of Charter files","item":"https:\/\/ombudsmandemontreal.com\/en\/cases-handled\/examples-of-charter-files"},{"@type":"ListItem","position":4,"name":"Noise and Nuisances","item":"https:\/\/ombudsmandemontreal.com\/en\/cases-handled\/examples-of-charter-files\/noise-and-nuisances"},{"@type":"ListItem","position":5,"name":"Dog area &#8211; Li\u00e9bert Park (2009)"}]},{"@type":"WebSite","@id":"https:\/\/ombudsmandemontreal.com\/#website","url":"https:\/\/ombudsmandemontreal.com\/","name":"OMBUDSMAN de Montr\u00e9al","description":"","potentialAction":[{"@type":"SearchAction","target":{"@type":"EntryPoint","urlTemplate":"https:\/\/ombudsmandemontreal.com\/?s={search_term_string}"},"query-input":{"@type":"PropertyValueSpecification","valueRequired":true,"valueName":"search_term_string"}}],"inLanguage":"en-US"}]}},"_links":{"self":[{"href":"https:\/\/ombudsmandemontreal.com\/en\/wp-json\/wp\/v2\/pages\/2699","targetHints":{"allow":["GET"]}}],"collection":[{"href":"https:\/\/ombudsmandemontreal.com\/en\/wp-json\/wp\/v2\/pages"}],"about":[{"href":"https:\/\/ombudsmandemontreal.com\/en\/wp-json\/wp\/v2\/types\/page"}],"author":[{"embeddable":true,"href":"https:\/\/ombudsmandemontreal.com\/en\/wp-json\/wp\/v2\/users\/18"}],"replies":[{"embeddable":true,"href":"https:\/\/ombudsmandemontreal.com\/en\/wp-json\/wp\/v2\/comments?post=2699"}],"version-history":[{"count":0,"href":"https:\/\/ombudsmandemontreal.com\/en\/wp-json\/wp\/v2\/pages\/2699\/revisions"}],"up":[{"embeddable":true,"href":"https:\/\/ombudsmandemontreal.com\/en\/wp-json\/wp\/v2\/pages\/343"}],"wp:attachment":[{"href":"https:\/\/ombudsmandemontreal.com\/en\/wp-json\/wp\/v2\/media?parent=2699"}],"curies":[{"name":"wp","href":"https:\/\/api.w.org\/{rel}","templated":true}]}}