{"id":1768,"date":"2012-05-24T13:48:31","date_gmt":"2012-05-24T17:48:31","guid":{"rendered":"https:\/\/ombudsmandemontreal.com\/?page_id=1768"},"modified":"2013-03-07T15:38:53","modified_gmt":"2013-03-07T20:38:53","slug":"recommendations-denied-reduction-of-storage-fees-furniture-and-personal-belongings-of-evicted-citizens-2010","status":"publish","type":"page","link":"https:\/\/ombudsmandemontreal.com\/en\/cases-handled\/examples-of-cases-handled\/miscellaneous\/recommendations-denied-reduction-of-storage-fees-furniture-and-personal-belongings-of-evicted-citizens-2010","title":{"rendered":"Recommendations denied &#8211; Reduction of storage fees &#8211; Furniture and personal belongings of evicted citizens (2010)"},"content":{"rendered":"<p>The City takes charge, for a short period of time, of the furniture and personal belongings of Montr\u00e9al citizens who are evicted from their dwelling and whose property is \u201cput out on the street\u201d. In many instances, fees will be charged to the citizens to retrieve their belongings: these fees can be substantial.<\/p>\n<p>Since the creation of our office, we have sometimes recommended the reduction of the fees normally claimed, in order for the citizens to be able to retrieve their belongings. Such recommendations are only issued if, after a thorough investigation of the specific circumstances of a case, we believe that the personal situation of the citizen justifies a reduction of these fees, on an exceptional and humanitarian basis.<\/p>\n<p>Until December 2008, most of these cases were managed by a Central Department which always accepted our recommendations.<\/p>\n<p>Since January 2009, however, this Central Department no longer exists and boroughs took over this responsibility. Some of them have adopted a By-Law in which they defined the rates that will apply.<\/p>\n<p>In 2010, 3 of the 19 boroughs i.e.: Arrondissement de Rivi\u00e8re-des-Prairies\u2013Pointe-aux-Trembles, Arrondissement de Ville-Marie and Arrondissement de Verdun have denied our recommendations to reduce the fees charged to a citizen, because of their By-Law. This situation is of concern to us.<\/p>\n<p>It is, indeed, regrettable that, within the same City, citizens of 3 boroughs only no longer have the opportunity to obtain a fee reduction, even when their personal situation would justify it, on humanitarian grounds.<\/p>\n<p>We have discussed the issue with the Direction g\u00e9n\u00e9rale of Ville de Montr\u00e9al and have solicited a better collaboration of the concerned boroughs.<\/p>\n<p>Arrondissement de Ville-Marie and Arrondissement de Rivi\u00e8re-des-Prairies\u2013Pointe-aux-Trembles have since modified their regulation.<\/p>\n<p>As for Arrondissement de Verdun, it maintains its position to deny any fee reduction request.<\/p>\n","protected":false},"excerpt":{"rendered":"<p>The City takes charge, for a short period of time, of the furniture and personal belongings of Montr\u00e9al citizens who are evicted from their dwelling and whose property is \u201cput out on the street\u201d. In many instances, fees will be &hellip; <a href=\"https:\/\/ombudsmandemontreal.com\/en\/cases-handled\/examples-of-cases-handled\/miscellaneous\/recommendations-denied-reduction-of-storage-fees-furniture-and-personal-belongings-of-evicted-citizens-2010\">Continue reading <span class=\"meta-nav\">&rarr;<\/span><\/a><\/p>\n","protected":false},"author":18,"featured_media":0,"parent":322,"menu_order":13,"comment_status":"closed","ping_status":"closed","template":"","meta":{"_acf_changed":false,"footnotes":""},"class_list":["post-1768","page","type-page","status-publish","hentry"],"acf":[],"yoast_head":"<!-- This site is optimized with the Yoast SEO plugin v26.8 - https:\/\/yoast.com\/product\/yoast-seo-wordpress\/ -->\n<title>Recommendations denied - Reduction of storage fees - Furniture and personal belongings of evicted citizens (2010) - OMBUDSMAN de Montr\u00e9al<\/title>\n<meta name=\"robots\" content=\"index, follow, max-snippet:-1, max-image-preview:large, max-video-preview:-1\" \/>\n<link rel=\"canonical\" href=\"https:\/\/ombudsmandemontreal.com\/en\/cases-handled\/examples-of-cases-handled\/miscellaneous\/recommendations-denied-reduction-of-storage-fees-furniture-and-personal-belongings-of-evicted-citizens-2010\" \/>\n<meta property=\"og:locale\" content=\"en_US\" \/>\n<meta property=\"og:type\" content=\"article\" \/>\n<meta property=\"og:title\" content=\"Recommendations denied - Reduction of storage fees - Furniture and personal belongings of evicted citizens (2010) - OMBUDSMAN de Montr\u00e9al\" \/>\n<meta property=\"og:description\" content=\"The City takes charge, for a short period of time, of the furniture and personal belongings of Montr\u00e9al citizens who are evicted from their dwelling and whose property is \u201cput out on the street\u201d. In many instances, fees will be &hellip; Continue reading &rarr;\" \/>\n<meta property=\"og:url\" content=\"https:\/\/ombudsmandemontreal.com\/en\/cases-handled\/examples-of-cases-handled\/miscellaneous\/recommendations-denied-reduction-of-storage-fees-furniture-and-personal-belongings-of-evicted-citizens-2010\" \/>\n<meta property=\"og:site_name\" content=\"OMBUDSMAN de Montr\u00e9al\" \/>\n<meta property=\"article:modified_time\" content=\"2013-03-07T20:38:53+00:00\" \/>\n<meta name=\"twitter:card\" content=\"summary_large_image\" \/>\n<meta name=\"twitter:label1\" content=\"Est. reading time\" \/>\n\t<meta name=\"twitter:data1\" content=\"1 minute\" \/>\n<script type=\"application\/ld+json\" class=\"yoast-schema-graph\">{\"@context\":\"https:\/\/schema.org\",\"@graph\":[{\"@type\":\"WebPage\",\"@id\":\"https:\/\/ombudsmandemontreal.com\/en\/cases-handled\/examples-of-cases-handled\/miscellaneous\/recommendations-denied-reduction-of-storage-fees-furniture-and-personal-belongings-of-evicted-citizens-2010\",\"url\":\"https:\/\/ombudsmandemontreal.com\/en\/cases-handled\/examples-of-cases-handled\/miscellaneous\/recommendations-denied-reduction-of-storage-fees-furniture-and-personal-belongings-of-evicted-citizens-2010\",\"name\":\"Recommendations denied - Reduction of storage fees - Furniture and personal belongings of evicted citizens (2010) - OMBUDSMAN de Montr\u00e9al\",\"isPartOf\":{\"@id\":\"https:\/\/ombudsmandemontreal.com\/#website\"},\"datePublished\":\"2012-05-24T17:48:31+00:00\",\"dateModified\":\"2013-03-07T20:38:53+00:00\",\"breadcrumb\":{\"@id\":\"https:\/\/ombudsmandemontreal.com\/en\/cases-handled\/examples-of-cases-handled\/miscellaneous\/recommendations-denied-reduction-of-storage-fees-furniture-and-personal-belongings-of-evicted-citizens-2010#breadcrumb\"},\"inLanguage\":\"en-US\",\"potentialAction\":[{\"@type\":\"ReadAction\",\"target\":[\"https:\/\/ombudsmandemontreal.com\/en\/cases-handled\/examples-of-cases-handled\/miscellaneous\/recommendations-denied-reduction-of-storage-fees-furniture-and-personal-belongings-of-evicted-citizens-2010\"]}]},{\"@type\":\"BreadcrumbList\",\"@id\":\"https:\/\/ombudsmandemontreal.com\/en\/cases-handled\/examples-of-cases-handled\/miscellaneous\/recommendations-denied-reduction-of-storage-fees-furniture-and-personal-belongings-of-evicted-citizens-2010#breadcrumb\",\"itemListElement\":[{\"@type\":\"ListItem\",\"position\":1,\"name\":\"Home\",\"item\":\"https:\/\/ombudsmandemontreal.com\/en\/\"},{\"@type\":\"ListItem\",\"position\":2,\"name\":\"Cases handled\",\"item\":\"https:\/\/ombudsmandemontreal.com\/en\/cases-handled\"},{\"@type\":\"ListItem\",\"position\":3,\"name\":\"Examples of cases handled\",\"item\":\"https:\/\/ombudsmandemontreal.com\/en\/cases-handled\/examples-of-cases-handled\"},{\"@type\":\"ListItem\",\"position\":4,\"name\":\"Miscellaneous\",\"item\":\"https:\/\/ombudsmandemontreal.com\/en\/cases-handled\/examples-of-cases-handled\/miscellaneous\"},{\"@type\":\"ListItem\",\"position\":5,\"name\":\"Recommendations denied &#8211; Reduction of storage fees &#8211; Furniture and personal belongings of evicted citizens (2010)\"}]},{\"@type\":\"WebSite\",\"@id\":\"https:\/\/ombudsmandemontreal.com\/#website\",\"url\":\"https:\/\/ombudsmandemontreal.com\/\",\"name\":\"OMBUDSMAN de Montr\u00e9al\",\"description\":\"\",\"potentialAction\":[{\"@type\":\"SearchAction\",\"target\":{\"@type\":\"EntryPoint\",\"urlTemplate\":\"https:\/\/ombudsmandemontreal.com\/?s={search_term_string}\"},\"query-input\":{\"@type\":\"PropertyValueSpecification\",\"valueRequired\":true,\"valueName\":\"search_term_string\"}}],\"inLanguage\":\"en-US\"}]}<\/script>\n<!-- \/ Yoast SEO plugin. -->","yoast_head_json":{"title":"Recommendations denied - Reduction of storage fees - Furniture and personal belongings of evicted citizens (2010) - OMBUDSMAN de Montr\u00e9al","robots":{"index":"index","follow":"follow","max-snippet":"max-snippet:-1","max-image-preview":"max-image-preview:large","max-video-preview":"max-video-preview:-1"},"canonical":"https:\/\/ombudsmandemontreal.com\/en\/cases-handled\/examples-of-cases-handled\/miscellaneous\/recommendations-denied-reduction-of-storage-fees-furniture-and-personal-belongings-of-evicted-citizens-2010","og_locale":"en_US","og_type":"article","og_title":"Recommendations denied - Reduction of storage fees - Furniture and personal belongings of evicted citizens (2010) - OMBUDSMAN de Montr\u00e9al","og_description":"The City takes charge, for a short period of time, of the furniture and personal belongings of Montr\u00e9al citizens who are evicted from their dwelling and whose property is \u201cput out on the street\u201d. In many instances, fees will be &hellip; Continue reading &rarr;","og_url":"https:\/\/ombudsmandemontreal.com\/en\/cases-handled\/examples-of-cases-handled\/miscellaneous\/recommendations-denied-reduction-of-storage-fees-furniture-and-personal-belongings-of-evicted-citizens-2010","og_site_name":"OMBUDSMAN de Montr\u00e9al","article_modified_time":"2013-03-07T20:38:53+00:00","twitter_card":"summary_large_image","twitter_misc":{"Est. reading time":"1 minute"},"schema":{"@context":"https:\/\/schema.org","@graph":[{"@type":"WebPage","@id":"https:\/\/ombudsmandemontreal.com\/en\/cases-handled\/examples-of-cases-handled\/miscellaneous\/recommendations-denied-reduction-of-storage-fees-furniture-and-personal-belongings-of-evicted-citizens-2010","url":"https:\/\/ombudsmandemontreal.com\/en\/cases-handled\/examples-of-cases-handled\/miscellaneous\/recommendations-denied-reduction-of-storage-fees-furniture-and-personal-belongings-of-evicted-citizens-2010","name":"Recommendations denied - Reduction of storage fees - Furniture and personal belongings of evicted citizens (2010) - OMBUDSMAN de Montr\u00e9al","isPartOf":{"@id":"https:\/\/ombudsmandemontreal.com\/#website"},"datePublished":"2012-05-24T17:48:31+00:00","dateModified":"2013-03-07T20:38:53+00:00","breadcrumb":{"@id":"https:\/\/ombudsmandemontreal.com\/en\/cases-handled\/examples-of-cases-handled\/miscellaneous\/recommendations-denied-reduction-of-storage-fees-furniture-and-personal-belongings-of-evicted-citizens-2010#breadcrumb"},"inLanguage":"en-US","potentialAction":[{"@type":"ReadAction","target":["https:\/\/ombudsmandemontreal.com\/en\/cases-handled\/examples-of-cases-handled\/miscellaneous\/recommendations-denied-reduction-of-storage-fees-furniture-and-personal-belongings-of-evicted-citizens-2010"]}]},{"@type":"BreadcrumbList","@id":"https:\/\/ombudsmandemontreal.com\/en\/cases-handled\/examples-of-cases-handled\/miscellaneous\/recommendations-denied-reduction-of-storage-fees-furniture-and-personal-belongings-of-evicted-citizens-2010#breadcrumb","itemListElement":[{"@type":"ListItem","position":1,"name":"Home","item":"https:\/\/ombudsmandemontreal.com\/en\/"},{"@type":"ListItem","position":2,"name":"Cases handled","item":"https:\/\/ombudsmandemontreal.com\/en\/cases-handled"},{"@type":"ListItem","position":3,"name":"Examples of cases handled","item":"https:\/\/ombudsmandemontreal.com\/en\/cases-handled\/examples-of-cases-handled"},{"@type":"ListItem","position":4,"name":"Miscellaneous","item":"https:\/\/ombudsmandemontreal.com\/en\/cases-handled\/examples-of-cases-handled\/miscellaneous"},{"@type":"ListItem","position":5,"name":"Recommendations denied &#8211; Reduction of storage fees &#8211; Furniture and personal belongings of evicted citizens (2010)"}]},{"@type":"WebSite","@id":"https:\/\/ombudsmandemontreal.com\/#website","url":"https:\/\/ombudsmandemontreal.com\/","name":"OMBUDSMAN de Montr\u00e9al","description":"","potentialAction":[{"@type":"SearchAction","target":{"@type":"EntryPoint","urlTemplate":"https:\/\/ombudsmandemontreal.com\/?s={search_term_string}"},"query-input":{"@type":"PropertyValueSpecification","valueRequired":true,"valueName":"search_term_string"}}],"inLanguage":"en-US"}]}},"_links":{"self":[{"href":"https:\/\/ombudsmandemontreal.com\/en\/wp-json\/wp\/v2\/pages\/1768","targetHints":{"allow":["GET"]}}],"collection":[{"href":"https:\/\/ombudsmandemontreal.com\/en\/wp-json\/wp\/v2\/pages"}],"about":[{"href":"https:\/\/ombudsmandemontreal.com\/en\/wp-json\/wp\/v2\/types\/page"}],"author":[{"embeddable":true,"href":"https:\/\/ombudsmandemontreal.com\/en\/wp-json\/wp\/v2\/users\/18"}],"replies":[{"embeddable":true,"href":"https:\/\/ombudsmandemontreal.com\/en\/wp-json\/wp\/v2\/comments?post=1768"}],"version-history":[{"count":0,"href":"https:\/\/ombudsmandemontreal.com\/en\/wp-json\/wp\/v2\/pages\/1768\/revisions"}],"up":[{"embeddable":true,"href":"https:\/\/ombudsmandemontreal.com\/en\/wp-json\/wp\/v2\/pages\/322"}],"wp:attachment":[{"href":"https:\/\/ombudsmandemontreal.com\/en\/wp-json\/wp\/v2\/media?parent=1768"}],"curies":[{"name":"wp","href":"https:\/\/api.w.org\/{rel}","templated":true}]}}