{"id":1299,"date":"2011-12-29T13:58:56","date_gmt":"2011-12-29T18:58:56","guid":{"rendered":"https:\/\/ombudsmandemontreal.com\/?page_id=1299"},"modified":"2019-06-18T15:05:30","modified_gmt":"2019-06-18T19:05:30","slug":"articles-et-autres-sur-lodm","status":"publish","type":"page","link":"https:\/\/ombudsmandemontreal.com\/en\/press-room\/articles-et-autres-sur-lodm","title":{"rendered":"OdM News Releases"},"content":{"rendered":"<h3>2019<\/h3>\n<p><a href=\"https:\/\/www.newswire.ca\/news-releases\/ombudsman-de-montreal-an-added-value-for-the-city-2018-annual-report-filing-887151269.html\" target=\"_blank\" rel=\"noopener\">Ombudsman de Montr\u00e9al &#8211; An Added Value for the City &#8211; 2018 Annual Report Filing<\/a>, Cision &#8211; June 17, 2019<\/p>\n<h3>2018<\/h3>\n<p><a href=\"https:\/\/www.newswire.ca\/news-releases\/the-ombudsman-de-montreal-files-its-2017-annual-report---another-record-year---2124-new-requests---2232-files-handled-685902732.html\" target=\"_blank\" rel=\"noopener\">The Ombudsman de Montr\u00e9al files its 2017 Annual Report &#8211; Another record year &#8211; 2,124 new requests &#8211; 2,232 files handled<\/a>, Cision &#8211; June 19, 2018<\/p>\n<h3>2017<\/h3>\n<p><a href=\"https:\/\/www.newswire.ca\/news-releases\/the-ombudsman-de-montreal-files-its-2016-annual-report-628136803.html\" target=\"_blank\" rel=\"noopener\">The Ombudsman de Montr\u00e9al files its 2016 Annual Report<\/a>, Cision &#8211; June 13, 2017<\/p>\n<h3>2016<\/h3>\n<p><a href=\"https:\/\/ombudsmandemontreal.com\/wp-content\/uploads\/2011\/12\/2-DERNI\u00c8RE-VERSION-FINALE-ANGLAISE-DU-COMMUNIQU\u00c9-DE-PRESSE-G\u00c9N\u00c9RAL.pdf\" rel=\"\">THE OMBUDSMAN DE MONTR\u00c9AL FILES ITS 2015 ANNUAL REPORT &#8211; A Record Number of Files Processed &#8211; 1,802 (PDF)<\/a><\/p>\n<p><a href=\"https:\/\/ombudsmandemontreal.com\/wp-content\/uploads\/2011\/12\/2-DERNI\u00c8RE-VERSION-FINALE-ANGLAISE-COMMUNIQU\u00c9-SUR-L\u00c9QUIT\u00c9-FISCALE.pdf\" rel=\"\">OMBUDSMAN DE MONTR\u00c9AL 2015 ANNUAL REPORT &#8211; Taxation &#8211; Fairness concerns (PDF)<\/a><\/p>\n<h3>2015<\/h3>\n<p><a href=\"http:\/\/www.newswire.ca\/en\/story\/1556631\/tabling-of-the-ombudsman-de-montreal-annual-report-1-471-complaints-handled-in-2014\">Tabling of the Ombudsman de Montr\u00e9al Annual Report &#8211; 1,471 complaints handled in 2014<\/a><\/p>\n<h3>2014<\/h3>\n<p><a href=\"http:\/\/www.newswire.ca\/en\/story\/1362675\/tabling-of-the-ombudsman-de-montreal-annual-report-1-348-files-handled-in-2013\" target=\"_blank\" rel=\"noopener\">Tabling of the Ombudsman de Montr\u00e9al Annual Report &#8211; 1,348 files handled in 2013<\/a><\/p>\n<h3>2013<\/h3>\n<p><a href=\"http:\/\/www.newswire.ca\/fr\/story\/1132557\/release-of-the-ombudsman-de-montreal-2012-annual-report-15-increase-in-the-number-of-files\" target=\"_blank\" rel=\"noopener\">Release of the Ombudsman de Montr\u00e9al 2012 Annual Report &#8211; 15% increase in the number of files<\/a><\/p>\n<h3>2012<\/h3>\n<p><a href=\"http:\/\/www.newswire.ca\/fr\/story\/956551\/tabling-of-the-2011-annual-report-some-sanitation-problems-in-social-and-private-dwellings-drew-particular-attention-from-the-ombudsman-de-montreal\" target=\"_blank\" rel=\"noopener\">Tabling of the 2011 Annual Report &#8211; Some sanitation problems in social and private dwellings drew particular attention from the Ombudsman de Montr\u00e9al<\/a><\/p>\n<p><a href=\"http:\/\/www.newswire.ca\/fr\/story\/909959\/blog-facebook-twitter-and-new-website-the-ombudsman-de-montreal-enters-the-web-2-0-era\" target=\"_blank\" rel=\"noopener\">Blog, Facebook, Twitter and new website &#8211; The Ombudsman de Montr\u00e9al enters the Web 2.0 era<\/a><\/p>\n<p><a href=\"http:\/\/www.newswire.ca\/fr\/story\/906477\/montreal-s-expertise-recognized-nationally-and-internationally-ombudsman-de-montreal-appointed-board-member-of-two-major-organizations-for-ombudsman-a\" target=\"_blank\" rel=\"noopener\">Montr\u00e9al&#8217;s expertise recognized nationally and internationally &#8211; Ombudsman de Montr\u00e9al appointed board member of two major organizations for ombudsman and mediators<\/a><\/p>\n<h3>2011<\/h3>\n<p><a href=\"http:\/\/www.newswire.ca\/fr\/story\/763283\/2010-annual-report-by-the-ombudsman-de-montreal-complaints-have-stabilized-in-number-but-are-more-complex\" target=\"_blank\" rel=\"noopener\">2010 Annual Report by the Ombudsman de Montr\u00e9al &#8211; Complaints have stabilized in number, but are more complex<\/a><\/p>\n<h3>2010<\/h3>\n<p><a href=\"http:\/\/www.newswire.ca\/fr\/story\/564503\/ombudsman-de-montreal-2009-annual-report-218-investigations-conducted-following-citizen-complaints\" target=\"_blank\" rel=\"noopener\">Ombudsman de Montr\u00e9al: 2009 annual report &#8211; 218 investigations conducted following citizen complaints\u00a0<\/a><\/p>\n<p><a href=\"http:\/\/www.newswire.ca\/fr\/story\/655371\/media-invitation-annual-press-conference-of-the-ombudsman-de-montreal\" target=\"_blank\" rel=\"noopener\">Media invitation &#8211; Annual press conference of the Ombudsman de Montr\u00e9al<\/a><\/p>\n<h3>2009<\/h3>\n<p><a href=\"http:\/\/www.newswire.ca\/fr\/story\/473965\/complaints-leap-by-33-in-2008-montrealers-make-increasing-use-of-ombudsman-s-services-to-resolve-irritants-with-municipal-services\" target=\"_blank\" rel=\"noopener\">Complaints leap by 33% in 2008 &#8211; Montrealers make increasing use of Ombudsman&#8217;s services to resolve irritants with municipal services<\/a><\/p>\n<p><a href=\"http:\/\/www.newswire.ca\/fr\/story\/562809\/media-invitation-annual-news-conference-by-the-ombudsman-for-the-city-of-montreal\" target=\"_blank\" rel=\"noopener\">Media invitation &#8211; Annual news conference by the Ombudsman for the City of Montr\u00e9al<\/a><\/p>\n<h3>2008<\/h3>\n<p><a href=\"http:\/\/www.newswire.ca\/fr\/story\/287443\/the-ombudsman-de-montreal-protector-of-the-montrealers-municipal-rights-and-guardian-of-the-montreal-charter-of-rights-and-responsibilities\" target=\"_blank\" rel=\"noopener\">The Ombudsman de Montr\u00e9al : Protector of the Montrealers&#8217; municipal rights and &#8220;Guardian&#8221; of the Montr\u00e9al Charter of Rights and Responsibilities<\/a><\/p>\n<h3>2007<\/h3>\n<p><a href=\"http:\/\/www.newswire.ca\/fr\/story\/181211\/nearly-three-times-more-citizens-requests-in-2006-growing-number-of-citizens-knocking-on-the-door-of-the-ombudsman-de-montreal\" target=\"_blank\" rel=\"noopener\">Nearly three times more citizens&#8217; requests in 2006 &#8211; Growing number of citizens knocking on the door of the Ombudsman de Montr\u00e9al<\/a><\/p>\n<p>&nbsp;<\/p>\n","protected":false},"excerpt":{"rendered":"<p>2019 Ombudsman de Montr\u00e9al &#8211; An Added Value for the City &#8211; 2018 Annual Report Filing, Cision &#8211; June 17, 2019 2018 The Ombudsman de Montr\u00e9al files its 2017 Annual Report &#8211; Another record year &#8211; 2,124 new requests &#8211; &hellip; <a href=\"https:\/\/ombudsmandemontreal.com\/en\/press-room\/articles-et-autres-sur-lodm\">Continue reading <span class=\"meta-nav\">&rarr;<\/span><\/a><\/p>\n","protected":false},"author":18,"featured_media":0,"parent":371,"menu_order":3,"comment_status":"closed","ping_status":"closed","template":"","meta":{"_acf_changed":false,"footnotes":""},"class_list":["post-1299","page","type-page","status-publish","hentry"],"acf":[],"yoast_head":"<!-- This site is optimized with the Yoast SEO plugin v27.4 - https:\/\/yoast.com\/product\/yoast-seo-wordpress\/ -->\n<title>OdM News Releases - OMBUDSMAN de Montr\u00e9al<\/title>\n<meta name=\"robots\" content=\"index, follow, max-snippet:-1, max-image-preview:large, max-video-preview:-1\" \/>\n<link rel=\"canonical\" href=\"https:\/\/ombudsmandemontreal.com\/en\/press-room\/articles-et-autres-sur-lodm\" \/>\n<meta property=\"og:locale\" content=\"en_US\" \/>\n<meta property=\"og:type\" content=\"article\" \/>\n<meta property=\"og:title\" content=\"OdM News Releases - OMBUDSMAN de Montr\u00e9al\" \/>\n<meta property=\"og:description\" content=\"2019 Ombudsman de Montr\u00e9al &#8211; An Added Value for the City &#8211; 2018 Annual Report Filing, Cision &#8211; June 17, 2019 2018 The Ombudsman de Montr\u00e9al files its 2017 Annual Report &#8211; Another record year &#8211; 2,124 new requests &#8211; &hellip; Continue reading &rarr;\" \/>\n<meta property=\"og:url\" content=\"https:\/\/ombudsmandemontreal.com\/en\/press-room\/articles-et-autres-sur-lodm\" \/>\n<meta property=\"og:site_name\" content=\"OMBUDSMAN de Montr\u00e9al\" \/>\n<meta property=\"article:modified_time\" content=\"2019-06-18T19:05:30+00:00\" \/>\n<meta name=\"twitter:card\" content=\"summary_large_image\" \/>\n<meta name=\"twitter:label1\" content=\"Est. reading time\" \/>\n\t<meta name=\"twitter:data1\" content=\"2 minutes\" \/>\n<script type=\"application\/ld+json\" class=\"yoast-schema-graph\">{\"@context\":\"https:\\\/\\\/schema.org\",\"@graph\":[{\"@type\":\"WebPage\",\"@id\":\"https:\\\/\\\/ombudsmandemontreal.com\\\/en\\\/press-room\\\/articles-et-autres-sur-lodm\",\"url\":\"https:\\\/\\\/ombudsmandemontreal.com\\\/en\\\/press-room\\\/articles-et-autres-sur-lodm\",\"name\":\"OdM News Releases - OMBUDSMAN de Montr\u00e9al\",\"isPartOf\":{\"@id\":\"https:\\\/\\\/ombudsmandemontreal.com\\\/#website\"},\"datePublished\":\"2011-12-29T18:58:56+00:00\",\"dateModified\":\"2019-06-18T19:05:30+00:00\",\"breadcrumb\":{\"@id\":\"https:\\\/\\\/ombudsmandemontreal.com\\\/en\\\/press-room\\\/articles-et-autres-sur-lodm#breadcrumb\"},\"inLanguage\":\"en-US\",\"potentialAction\":[{\"@type\":\"ReadAction\",\"target\":[\"https:\\\/\\\/ombudsmandemontreal.com\\\/en\\\/press-room\\\/articles-et-autres-sur-lodm\"]}]},{\"@type\":\"BreadcrumbList\",\"@id\":\"https:\\\/\\\/ombudsmandemontreal.com\\\/en\\\/press-room\\\/articles-et-autres-sur-lodm#breadcrumb\",\"itemListElement\":[{\"@type\":\"ListItem\",\"position\":1,\"name\":\"Home\",\"item\":\"https:\\\/\\\/ombudsmandemontreal.com\\\/en\\\/\"},{\"@type\":\"ListItem\",\"position\":2,\"name\":\"Press room\",\"item\":\"https:\\\/\\\/ombudsmandemontreal.com\\\/en\\\/press-room\"},{\"@type\":\"ListItem\",\"position\":3,\"name\":\"OdM News Releases\"}]},{\"@type\":\"WebSite\",\"@id\":\"https:\\\/\\\/ombudsmandemontreal.com\\\/#website\",\"url\":\"https:\\\/\\\/ombudsmandemontreal.com\\\/\",\"name\":\"OMBUDSMAN de Montr\u00e9al\",\"description\":\"\",\"potentialAction\":[{\"@type\":\"SearchAction\",\"target\":{\"@type\":\"EntryPoint\",\"urlTemplate\":\"https:\\\/\\\/ombudsmandemontreal.com\\\/?s={search_term_string}\"},\"query-input\":{\"@type\":\"PropertyValueSpecification\",\"valueRequired\":true,\"valueName\":\"search_term_string\"}}],\"inLanguage\":\"en-US\"}]}<\/script>\n<!-- \/ Yoast SEO plugin. -->","yoast_head_json":{"title":"OdM News Releases - OMBUDSMAN de Montr\u00e9al","robots":{"index":"index","follow":"follow","max-snippet":"max-snippet:-1","max-image-preview":"max-image-preview:large","max-video-preview":"max-video-preview:-1"},"canonical":"https:\/\/ombudsmandemontreal.com\/en\/press-room\/articles-et-autres-sur-lodm","og_locale":"en_US","og_type":"article","og_title":"OdM News Releases - OMBUDSMAN de Montr\u00e9al","og_description":"2019 Ombudsman de Montr\u00e9al &#8211; An Added Value for the City &#8211; 2018 Annual Report Filing, Cision &#8211; June 17, 2019 2018 The Ombudsman de Montr\u00e9al files its 2017 Annual Report &#8211; Another record year &#8211; 2,124 new requests &#8211; &hellip; Continue reading &rarr;","og_url":"https:\/\/ombudsmandemontreal.com\/en\/press-room\/articles-et-autres-sur-lodm","og_site_name":"OMBUDSMAN de Montr\u00e9al","article_modified_time":"2019-06-18T19:05:30+00:00","twitter_card":"summary_large_image","twitter_misc":{"Est. reading time":"2 minutes"},"schema":{"@context":"https:\/\/schema.org","@graph":[{"@type":"WebPage","@id":"https:\/\/ombudsmandemontreal.com\/en\/press-room\/articles-et-autres-sur-lodm","url":"https:\/\/ombudsmandemontreal.com\/en\/press-room\/articles-et-autres-sur-lodm","name":"OdM News Releases - OMBUDSMAN de Montr\u00e9al","isPartOf":{"@id":"https:\/\/ombudsmandemontreal.com\/#website"},"datePublished":"2011-12-29T18:58:56+00:00","dateModified":"2019-06-18T19:05:30+00:00","breadcrumb":{"@id":"https:\/\/ombudsmandemontreal.com\/en\/press-room\/articles-et-autres-sur-lodm#breadcrumb"},"inLanguage":"en-US","potentialAction":[{"@type":"ReadAction","target":["https:\/\/ombudsmandemontreal.com\/en\/press-room\/articles-et-autres-sur-lodm"]}]},{"@type":"BreadcrumbList","@id":"https:\/\/ombudsmandemontreal.com\/en\/press-room\/articles-et-autres-sur-lodm#breadcrumb","itemListElement":[{"@type":"ListItem","position":1,"name":"Home","item":"https:\/\/ombudsmandemontreal.com\/en\/"},{"@type":"ListItem","position":2,"name":"Press room","item":"https:\/\/ombudsmandemontreal.com\/en\/press-room"},{"@type":"ListItem","position":3,"name":"OdM News Releases"}]},{"@type":"WebSite","@id":"https:\/\/ombudsmandemontreal.com\/#website","url":"https:\/\/ombudsmandemontreal.com\/","name":"OMBUDSMAN de Montr\u00e9al","description":"","potentialAction":[{"@type":"SearchAction","target":{"@type":"EntryPoint","urlTemplate":"https:\/\/ombudsmandemontreal.com\/?s={search_term_string}"},"query-input":{"@type":"PropertyValueSpecification","valueRequired":true,"valueName":"search_term_string"}}],"inLanguage":"en-US"}]}},"_links":{"self":[{"href":"https:\/\/ombudsmandemontreal.com\/en\/wp-json\/wp\/v2\/pages\/1299","targetHints":{"allow":["GET"]}}],"collection":[{"href":"https:\/\/ombudsmandemontreal.com\/en\/wp-json\/wp\/v2\/pages"}],"about":[{"href":"https:\/\/ombudsmandemontreal.com\/en\/wp-json\/wp\/v2\/types\/page"}],"author":[{"embeddable":true,"href":"https:\/\/ombudsmandemontreal.com\/en\/wp-json\/wp\/v2\/users\/18"}],"replies":[{"embeddable":true,"href":"https:\/\/ombudsmandemontreal.com\/en\/wp-json\/wp\/v2\/comments?post=1299"}],"version-history":[{"count":0,"href":"https:\/\/ombudsmandemontreal.com\/en\/wp-json\/wp\/v2\/pages\/1299\/revisions"}],"up":[{"embeddable":true,"href":"https:\/\/ombudsmandemontreal.com\/en\/wp-json\/wp\/v2\/pages\/371"}],"wp:attachment":[{"href":"https:\/\/ombudsmandemontreal.com\/en\/wp-json\/wp\/v2\/media?parent=1299"}],"curies":[{"name":"wp","href":"https:\/\/api.w.org\/{rel}","templated":true}]}}