{"id":1271,"date":"2011-11-28T17:25:06","date_gmt":"2011-11-28T22:25:06","guid":{"rendered":"https:\/\/ombudsmandemontreal.com\/?page_id=1271"},"modified":"2011-11-28T17:25:06","modified_gmt":"2011-11-28T22:25:06","slug":"q-i-have-been-evicted-from-my-apartment-and-my-personal-belongings-and-furniture-have-been-impounded-can-the-odm-help","status":"publish","type":"page","link":"https:\/\/ombudsmandemontreal.com\/en\/frequently-asked-questions\/the-ombudsman-de-montreal-hereafter-odm\/q-i-have-been-evicted-from-my-apartment-and-my-personal-belongings-and-furniture-have-been-impounded-can-the-odm-help","title":{"rendered":"Q. I have been evicted from my apartment and my personal belongings and furniture have been impounded: can the OdM help?"},"content":{"rendered":"<p>A. When a Montrealer is evicted and his belongings are put on the street, Ville de Montr\u00e9al will normally pick them up and store them for a period of sixty (60) days. This is a service that Ville de Montr\u00e9al is not required to offer but has undertaken to prevent the stealing or destruction of the said belongings.<\/p>\n<p>This is not a free service in all boroughs. The citizen may have to pay transportation and storage fees in order to retrieve his or her belongings.<\/p>\n<p>If, because of your financial and\/or family situation, you require additional time to retrieve your property, the OdM may, exceptionally, intervene and request a short extension of the 60 days warehousing period.<\/p>\n<p>There is limited available space, however, for such storage and this service generally leads to additional costs for the boroughs. As such, time extensions can only be for short periods. The citizen who has not yet found a new home must, therefore, find another solution for the storing of his or her property elsewhere, thus ensuring that other citizens may also benefit from the same privilege. <\/p>\n","protected":false},"excerpt":{"rendered":"<p>A. When a Montrealer is evicted and his belongings are put on the street, Ville de Montr\u00e9al will normally pick them up and store them for a period of sixty (60) days. This is a service that Ville de Montr\u00e9al &hellip; <a href=\"https:\/\/ombudsmandemontreal.com\/en\/frequently-asked-questions\/the-ombudsman-de-montreal-hereafter-odm\/q-i-have-been-evicted-from-my-apartment-and-my-personal-belongings-and-furniture-have-been-impounded-can-the-odm-help\">Continue reading <span class=\"meta-nav\">&rarr;<\/span><\/a><\/p>\n","protected":false},"author":18,"featured_media":0,"parent":1196,"menu_order":4,"comment_status":"closed","ping_status":"closed","template":"","meta":{"_acf_changed":false,"footnotes":""},"class_list":["post-1271","page","type-page","status-publish","hentry"],"acf":[],"yoast_head":"<!-- This site is optimized with the Yoast SEO plugin v26.8 - https:\/\/yoast.com\/product\/yoast-seo-wordpress\/ -->\n<title>Q. I have been evicted from my apartment and my personal belongings and furniture have been impounded: can the OdM help? - OMBUDSMAN de Montr\u00e9al<\/title>\n<meta name=\"robots\" content=\"index, follow, max-snippet:-1, max-image-preview:large, max-video-preview:-1\" \/>\n<link rel=\"canonical\" href=\"https:\/\/ombudsmandemontreal.com\/en\/frequently-asked-questions\/the-ombudsman-de-montreal-hereafter-odm\/q-i-have-been-evicted-from-my-apartment-and-my-personal-belongings-and-furniture-have-been-impounded-can-the-odm-help\" \/>\n<meta property=\"og:locale\" content=\"en_US\" \/>\n<meta property=\"og:type\" content=\"article\" \/>\n<meta property=\"og:title\" content=\"Q. I have been evicted from my apartment and my personal belongings and furniture have been impounded: can the OdM help? - OMBUDSMAN de Montr\u00e9al\" \/>\n<meta property=\"og:description\" content=\"A. When a Montrealer is evicted and his belongings are put on the street, Ville de Montr\u00e9al will normally pick them up and store them for a period of sixty (60) days. This is a service that Ville de Montr\u00e9al &hellip; Continue reading &rarr;\" \/>\n<meta property=\"og:url\" content=\"https:\/\/ombudsmandemontreal.com\/en\/frequently-asked-questions\/the-ombudsman-de-montreal-hereafter-odm\/q-i-have-been-evicted-from-my-apartment-and-my-personal-belongings-and-furniture-have-been-impounded-can-the-odm-help\" \/>\n<meta property=\"og:site_name\" content=\"OMBUDSMAN de Montr\u00e9al\" \/>\n<meta name=\"twitter:card\" content=\"summary_large_image\" \/>\n<meta name=\"twitter:label1\" content=\"Est. reading time\" \/>\n\t<meta name=\"twitter:data1\" content=\"1 minute\" \/>\n<script type=\"application\/ld+json\" class=\"yoast-schema-graph\">{\"@context\":\"https:\/\/schema.org\",\"@graph\":[{\"@type\":\"WebPage\",\"@id\":\"https:\/\/ombudsmandemontreal.com\/en\/frequently-asked-questions\/the-ombudsman-de-montreal-hereafter-odm\/q-i-have-been-evicted-from-my-apartment-and-my-personal-belongings-and-furniture-have-been-impounded-can-the-odm-help\",\"url\":\"https:\/\/ombudsmandemontreal.com\/en\/frequently-asked-questions\/the-ombudsman-de-montreal-hereafter-odm\/q-i-have-been-evicted-from-my-apartment-and-my-personal-belongings-and-furniture-have-been-impounded-can-the-odm-help\",\"name\":\"Q. I have been evicted from my apartment and my personal belongings and furniture have been impounded: can the OdM help? - OMBUDSMAN de Montr\u00e9al\",\"isPartOf\":{\"@id\":\"https:\/\/ombudsmandemontreal.com\/#website\"},\"datePublished\":\"2011-11-28T22:25:06+00:00\",\"breadcrumb\":{\"@id\":\"https:\/\/ombudsmandemontreal.com\/en\/frequently-asked-questions\/the-ombudsman-de-montreal-hereafter-odm\/q-i-have-been-evicted-from-my-apartment-and-my-personal-belongings-and-furniture-have-been-impounded-can-the-odm-help#breadcrumb\"},\"inLanguage\":\"en-US\",\"potentialAction\":[{\"@type\":\"ReadAction\",\"target\":[\"https:\/\/ombudsmandemontreal.com\/en\/frequently-asked-questions\/the-ombudsman-de-montreal-hereafter-odm\/q-i-have-been-evicted-from-my-apartment-and-my-personal-belongings-and-furniture-have-been-impounded-can-the-odm-help\"]}]},{\"@type\":\"BreadcrumbList\",\"@id\":\"https:\/\/ombudsmandemontreal.com\/en\/frequently-asked-questions\/the-ombudsman-de-montreal-hereafter-odm\/q-i-have-been-evicted-from-my-apartment-and-my-personal-belongings-and-furniture-have-been-impounded-can-the-odm-help#breadcrumb\",\"itemListElement\":[{\"@type\":\"ListItem\",\"position\":1,\"name\":\"Home\",\"item\":\"https:\/\/ombudsmandemontreal.com\/en\/\"},{\"@type\":\"ListItem\",\"position\":2,\"name\":\"Frequently asked questions\",\"item\":\"https:\/\/ombudsmandemontreal.com\/en\/frequently-asked-questions\"},{\"@type\":\"ListItem\",\"position\":3,\"name\":\"Frequently Asked Questions to the OdM regarding various municipal issues\",\"item\":\"https:\/\/ombudsmandemontreal.com\/en\/frequently-asked-questions\/the-ombudsman-de-montreal-hereafter-odm\"},{\"@type\":\"ListItem\",\"position\":4,\"name\":\"Q. I have been evicted from my apartment and my personal belongings and furniture have been impounded: can the OdM help?\"}]},{\"@type\":\"WebSite\",\"@id\":\"https:\/\/ombudsmandemontreal.com\/#website\",\"url\":\"https:\/\/ombudsmandemontreal.com\/\",\"name\":\"OMBUDSMAN de Montr\u00e9al\",\"description\":\"\",\"potentialAction\":[{\"@type\":\"SearchAction\",\"target\":{\"@type\":\"EntryPoint\",\"urlTemplate\":\"https:\/\/ombudsmandemontreal.com\/?s={search_term_string}\"},\"query-input\":{\"@type\":\"PropertyValueSpecification\",\"valueRequired\":true,\"valueName\":\"search_term_string\"}}],\"inLanguage\":\"en-US\"}]}<\/script>\n<!-- \/ Yoast SEO plugin. -->","yoast_head_json":{"title":"Q. I have been evicted from my apartment and my personal belongings and furniture have been impounded: can the OdM help? - OMBUDSMAN de Montr\u00e9al","robots":{"index":"index","follow":"follow","max-snippet":"max-snippet:-1","max-image-preview":"max-image-preview:large","max-video-preview":"max-video-preview:-1"},"canonical":"https:\/\/ombudsmandemontreal.com\/en\/frequently-asked-questions\/the-ombudsman-de-montreal-hereafter-odm\/q-i-have-been-evicted-from-my-apartment-and-my-personal-belongings-and-furniture-have-been-impounded-can-the-odm-help","og_locale":"en_US","og_type":"article","og_title":"Q. I have been evicted from my apartment and my personal belongings and furniture have been impounded: can the OdM help? - OMBUDSMAN de Montr\u00e9al","og_description":"A. When a Montrealer is evicted and his belongings are put on the street, Ville de Montr\u00e9al will normally pick them up and store them for a period of sixty (60) days. This is a service that Ville de Montr\u00e9al &hellip; Continue reading &rarr;","og_url":"https:\/\/ombudsmandemontreal.com\/en\/frequently-asked-questions\/the-ombudsman-de-montreal-hereafter-odm\/q-i-have-been-evicted-from-my-apartment-and-my-personal-belongings-and-furniture-have-been-impounded-can-the-odm-help","og_site_name":"OMBUDSMAN de Montr\u00e9al","twitter_card":"summary_large_image","twitter_misc":{"Est. reading time":"1 minute"},"schema":{"@context":"https:\/\/schema.org","@graph":[{"@type":"WebPage","@id":"https:\/\/ombudsmandemontreal.com\/en\/frequently-asked-questions\/the-ombudsman-de-montreal-hereafter-odm\/q-i-have-been-evicted-from-my-apartment-and-my-personal-belongings-and-furniture-have-been-impounded-can-the-odm-help","url":"https:\/\/ombudsmandemontreal.com\/en\/frequently-asked-questions\/the-ombudsman-de-montreal-hereafter-odm\/q-i-have-been-evicted-from-my-apartment-and-my-personal-belongings-and-furniture-have-been-impounded-can-the-odm-help","name":"Q. I have been evicted from my apartment and my personal belongings and furniture have been impounded: can the OdM help? - OMBUDSMAN de Montr\u00e9al","isPartOf":{"@id":"https:\/\/ombudsmandemontreal.com\/#website"},"datePublished":"2011-11-28T22:25:06+00:00","breadcrumb":{"@id":"https:\/\/ombudsmandemontreal.com\/en\/frequently-asked-questions\/the-ombudsman-de-montreal-hereafter-odm\/q-i-have-been-evicted-from-my-apartment-and-my-personal-belongings-and-furniture-have-been-impounded-can-the-odm-help#breadcrumb"},"inLanguage":"en-US","potentialAction":[{"@type":"ReadAction","target":["https:\/\/ombudsmandemontreal.com\/en\/frequently-asked-questions\/the-ombudsman-de-montreal-hereafter-odm\/q-i-have-been-evicted-from-my-apartment-and-my-personal-belongings-and-furniture-have-been-impounded-can-the-odm-help"]}]},{"@type":"BreadcrumbList","@id":"https:\/\/ombudsmandemontreal.com\/en\/frequently-asked-questions\/the-ombudsman-de-montreal-hereafter-odm\/q-i-have-been-evicted-from-my-apartment-and-my-personal-belongings-and-furniture-have-been-impounded-can-the-odm-help#breadcrumb","itemListElement":[{"@type":"ListItem","position":1,"name":"Home","item":"https:\/\/ombudsmandemontreal.com\/en\/"},{"@type":"ListItem","position":2,"name":"Frequently asked questions","item":"https:\/\/ombudsmandemontreal.com\/en\/frequently-asked-questions"},{"@type":"ListItem","position":3,"name":"Frequently Asked Questions to the OdM regarding various municipal issues","item":"https:\/\/ombudsmandemontreal.com\/en\/frequently-asked-questions\/the-ombudsman-de-montreal-hereafter-odm"},{"@type":"ListItem","position":4,"name":"Q. I have been evicted from my apartment and my personal belongings and furniture have been impounded: can the OdM help?"}]},{"@type":"WebSite","@id":"https:\/\/ombudsmandemontreal.com\/#website","url":"https:\/\/ombudsmandemontreal.com\/","name":"OMBUDSMAN de Montr\u00e9al","description":"","potentialAction":[{"@type":"SearchAction","target":{"@type":"EntryPoint","urlTemplate":"https:\/\/ombudsmandemontreal.com\/?s={search_term_string}"},"query-input":{"@type":"PropertyValueSpecification","valueRequired":true,"valueName":"search_term_string"}}],"inLanguage":"en-US"}]}},"_links":{"self":[{"href":"https:\/\/ombudsmandemontreal.com\/en\/wp-json\/wp\/v2\/pages\/1271","targetHints":{"allow":["GET"]}}],"collection":[{"href":"https:\/\/ombudsmandemontreal.com\/en\/wp-json\/wp\/v2\/pages"}],"about":[{"href":"https:\/\/ombudsmandemontreal.com\/en\/wp-json\/wp\/v2\/types\/page"}],"author":[{"embeddable":true,"href":"https:\/\/ombudsmandemontreal.com\/en\/wp-json\/wp\/v2\/users\/18"}],"replies":[{"embeddable":true,"href":"https:\/\/ombudsmandemontreal.com\/en\/wp-json\/wp\/v2\/comments?post=1271"}],"version-history":[{"count":0,"href":"https:\/\/ombudsmandemontreal.com\/en\/wp-json\/wp\/v2\/pages\/1271\/revisions"}],"up":[{"embeddable":true,"href":"https:\/\/ombudsmandemontreal.com\/en\/wp-json\/wp\/v2\/pages\/1196"}],"wp:attachment":[{"href":"https:\/\/ombudsmandemontreal.com\/en\/wp-json\/wp\/v2\/media?parent=1271"}],"curies":[{"name":"wp","href":"https:\/\/api.w.org\/{rel}","templated":true}]}}