{"id":1263,"date":"2011-11-28T17:21:40","date_gmt":"2011-11-28T22:21:40","guid":{"rendered":"https:\/\/ombudsmandemontreal.com\/?page_id=1263"},"modified":"2012-02-09T11:27:17","modified_gmt":"2012-02-09T16:27:17","slug":"q-what-should-i-do-if-i-have-suffered-damages-which-i-consider-ville-de-montreal-responsible-for","status":"publish","type":"page","link":"https:\/\/ombudsmandemontreal.com\/en\/frequently-asked-questions\/the-ombudsman-de-montreal-hereafter-odm\/q-what-should-i-do-if-i-have-suffered-damages-which-i-consider-ville-de-montreal-responsible-for","title":{"rendered":"Q. What should I do if I have suffered damages which I consider Ville de Montr\u00e9al responsible for?"},"content":{"rendered":"<p>A. The Bureau des r\u00e9clamations of Ville de Montr\u00e9al is responsible for receiving and handling damages claims from citizens.<\/p>\n<p>Remember that for the City to be found liable for damages, the victim must demonstrate: 1) that the City is at fault; 2) that there were damages (and the value of those damages); and 3) that these damages were directly caused by this fault.<\/p>\n<p><strong>Physical damages<\/strong><br \/>\nIf you have suffered physical damages, for example as a result of a fall on a sidewalk in Ville de Montr\u00e9al, you may ask for compensation. The City, however, is not always responsible. In cases of physical damages, the law does not require that a formal Notice of claim be sent to the Bureau des r\u00e9clamations: it is nonetheless desirable.<\/p>\n<p>Your <strong>maximum time limit<\/strong> to file a legal action against Ville de Montr\u00e9al, for physical damages, is <strong>three years from the occurrence of the event<\/strong>. After that date, you will have no more legal recourse.<\/p>\n<p><strong>Property damages<\/strong><br \/>\nIf you have suffered property damages as a result of negligence by Ville de Montr\u00e9al, you may seek compensation. The concept of &#8220;property damages&#8221; includes damage to movable property (e.g., an automobile) and immovable property (e.g., a house).<\/p>\n<p>A <strong>Notice of claim must be sent to Ville de Montr\u00e9al within 15 days<\/strong> of the event. If you fail to do so, you will no longer have a legal right to sue the City.<\/p>\n<p>Afterwards, the <strong>maximum time limit to file a legal action<\/strong> for property damages against Ville de Montr\u00e9al is <strong>six months<\/strong> from the occurrence of the event. After that date, you will have no more legal recourse.<\/p>\n<p><strong>Notice of claim<\/strong><br \/>\nThe law does not impose the use of a specific format for your<em> Notice of claim<\/em>.<\/p>\n<p>An optional form is, however, available to citizens. The Notice can be mailed or faxed to the Bureau des r\u00e9clamations of Ville de Montr\u00e9al:<\/p>\n<address class=\"center\"><strong>Bureau des r\u00e9clamations<\/strong><br \/>\n7275, Sherbrooke East<\/address>\n<address class=\"center\"> Suite 2201B<\/address>\n<address class=\"center\">Montr\u00e9al  (Qu\u00e9bec)  H1N 1E9<br \/>\nTelephone: 514 872-2977 Fax: 514 872-6082<\/address>\n","protected":false},"excerpt":{"rendered":"<p>A. The Bureau des r\u00e9clamations of Ville de Montr\u00e9al is responsible for receiving and handling damages claims from citizens. Remember that for the City to be found liable for damages, the victim must demonstrate: 1) that the City is at &hellip; <a href=\"https:\/\/ombudsmandemontreal.com\/en\/frequently-asked-questions\/the-ombudsman-de-montreal-hereafter-odm\/q-what-should-i-do-if-i-have-suffered-damages-which-i-consider-ville-de-montreal-responsible-for\">Continue reading <span class=\"meta-nav\">&rarr;<\/span><\/a><\/p>\n","protected":false},"author":18,"featured_media":0,"parent":1196,"menu_order":8,"comment_status":"closed","ping_status":"closed","template":"","meta":{"_acf_changed":false,"footnotes":""},"class_list":["post-1263","page","type-page","status-publish","hentry"],"acf":[],"yoast_head":"<!-- This site is optimized with the Yoast SEO plugin v27.4 - https:\/\/yoast.com\/product\/yoast-seo-wordpress\/ -->\n<title>Q. What should I do if I have suffered damages which I consider Ville de Montr\u00e9al responsible for? - OMBUDSMAN de Montr\u00e9al<\/title>\n<meta name=\"robots\" content=\"index, follow, max-snippet:-1, max-image-preview:large, max-video-preview:-1\" \/>\n<link rel=\"canonical\" href=\"https:\/\/ombudsmandemontreal.com\/en\/frequently-asked-questions\/the-ombudsman-de-montreal-hereafter-odm\/q-what-should-i-do-if-i-have-suffered-damages-which-i-consider-ville-de-montreal-responsible-for\" \/>\n<meta property=\"og:locale\" content=\"en_US\" \/>\n<meta property=\"og:type\" content=\"article\" \/>\n<meta property=\"og:title\" content=\"Q. What should I do if I have suffered damages which I consider Ville de Montr\u00e9al responsible for? - OMBUDSMAN de Montr\u00e9al\" \/>\n<meta property=\"og:description\" content=\"A. The Bureau des r\u00e9clamations of Ville de Montr\u00e9al is responsible for receiving and handling damages claims from citizens. Remember that for the City to be found liable for damages, the victim must demonstrate: 1) that the City is at &hellip; Continue reading &rarr;\" \/>\n<meta property=\"og:url\" content=\"https:\/\/ombudsmandemontreal.com\/en\/frequently-asked-questions\/the-ombudsman-de-montreal-hereafter-odm\/q-what-should-i-do-if-i-have-suffered-damages-which-i-consider-ville-de-montreal-responsible-for\" \/>\n<meta property=\"og:site_name\" content=\"OMBUDSMAN de Montr\u00e9al\" \/>\n<meta property=\"article:modified_time\" content=\"2012-02-09T16:27:17+00:00\" \/>\n<meta name=\"twitter:card\" content=\"summary_large_image\" \/>\n<meta name=\"twitter:label1\" content=\"Est. reading time\" \/>\n\t<meta name=\"twitter:data1\" content=\"2 minutes\" \/>\n<script type=\"application\/ld+json\" class=\"yoast-schema-graph\">{\"@context\":\"https:\\\/\\\/schema.org\",\"@graph\":[{\"@type\":\"WebPage\",\"@id\":\"https:\\\/\\\/ombudsmandemontreal.com\\\/en\\\/frequently-asked-questions\\\/the-ombudsman-de-montreal-hereafter-odm\\\/q-what-should-i-do-if-i-have-suffered-damages-which-i-consider-ville-de-montreal-responsible-for\",\"url\":\"https:\\\/\\\/ombudsmandemontreal.com\\\/en\\\/frequently-asked-questions\\\/the-ombudsman-de-montreal-hereafter-odm\\\/q-what-should-i-do-if-i-have-suffered-damages-which-i-consider-ville-de-montreal-responsible-for\",\"name\":\"Q. What should I do if I have suffered damages which I consider Ville de Montr\u00e9al responsible for? - OMBUDSMAN de Montr\u00e9al\",\"isPartOf\":{\"@id\":\"https:\\\/\\\/ombudsmandemontreal.com\\\/#website\"},\"datePublished\":\"2011-11-28T22:21:40+00:00\",\"dateModified\":\"2012-02-09T16:27:17+00:00\",\"breadcrumb\":{\"@id\":\"https:\\\/\\\/ombudsmandemontreal.com\\\/en\\\/frequently-asked-questions\\\/the-ombudsman-de-montreal-hereafter-odm\\\/q-what-should-i-do-if-i-have-suffered-damages-which-i-consider-ville-de-montreal-responsible-for#breadcrumb\"},\"inLanguage\":\"en-US\",\"potentialAction\":[{\"@type\":\"ReadAction\",\"target\":[\"https:\\\/\\\/ombudsmandemontreal.com\\\/en\\\/frequently-asked-questions\\\/the-ombudsman-de-montreal-hereafter-odm\\\/q-what-should-i-do-if-i-have-suffered-damages-which-i-consider-ville-de-montreal-responsible-for\"]}]},{\"@type\":\"BreadcrumbList\",\"@id\":\"https:\\\/\\\/ombudsmandemontreal.com\\\/en\\\/frequently-asked-questions\\\/the-ombudsman-de-montreal-hereafter-odm\\\/q-what-should-i-do-if-i-have-suffered-damages-which-i-consider-ville-de-montreal-responsible-for#breadcrumb\",\"itemListElement\":[{\"@type\":\"ListItem\",\"position\":1,\"name\":\"Home\",\"item\":\"https:\\\/\\\/ombudsmandemontreal.com\\\/en\\\/\"},{\"@type\":\"ListItem\",\"position\":2,\"name\":\"Frequently asked questions\",\"item\":\"https:\\\/\\\/ombudsmandemontreal.com\\\/en\\\/frequently-asked-questions\"},{\"@type\":\"ListItem\",\"position\":3,\"name\":\"Frequently Asked Questions to the OdM regarding various municipal issues\",\"item\":\"https:\\\/\\\/ombudsmandemontreal.com\\\/en\\\/frequently-asked-questions\\\/the-ombudsman-de-montreal-hereafter-odm\"},{\"@type\":\"ListItem\",\"position\":4,\"name\":\"Q. What should I do if I have suffered damages which I consider Ville de Montr\u00e9al responsible for?\"}]},{\"@type\":\"WebSite\",\"@id\":\"https:\\\/\\\/ombudsmandemontreal.com\\\/#website\",\"url\":\"https:\\\/\\\/ombudsmandemontreal.com\\\/\",\"name\":\"OMBUDSMAN de Montr\u00e9al\",\"description\":\"\",\"potentialAction\":[{\"@type\":\"SearchAction\",\"target\":{\"@type\":\"EntryPoint\",\"urlTemplate\":\"https:\\\/\\\/ombudsmandemontreal.com\\\/?s={search_term_string}\"},\"query-input\":{\"@type\":\"PropertyValueSpecification\",\"valueRequired\":true,\"valueName\":\"search_term_string\"}}],\"inLanguage\":\"en-US\"}]}<\/script>\n<!-- \/ Yoast SEO plugin. -->","yoast_head_json":{"title":"Q. What should I do if I have suffered damages which I consider Ville de Montr\u00e9al responsible for? - OMBUDSMAN de Montr\u00e9al","robots":{"index":"index","follow":"follow","max-snippet":"max-snippet:-1","max-image-preview":"max-image-preview:large","max-video-preview":"max-video-preview:-1"},"canonical":"https:\/\/ombudsmandemontreal.com\/en\/frequently-asked-questions\/the-ombudsman-de-montreal-hereafter-odm\/q-what-should-i-do-if-i-have-suffered-damages-which-i-consider-ville-de-montreal-responsible-for","og_locale":"en_US","og_type":"article","og_title":"Q. What should I do if I have suffered damages which I consider Ville de Montr\u00e9al responsible for? - OMBUDSMAN de Montr\u00e9al","og_description":"A. The Bureau des r\u00e9clamations of Ville de Montr\u00e9al is responsible for receiving and handling damages claims from citizens. Remember that for the City to be found liable for damages, the victim must demonstrate: 1) that the City is at &hellip; Continue reading &rarr;","og_url":"https:\/\/ombudsmandemontreal.com\/en\/frequently-asked-questions\/the-ombudsman-de-montreal-hereafter-odm\/q-what-should-i-do-if-i-have-suffered-damages-which-i-consider-ville-de-montreal-responsible-for","og_site_name":"OMBUDSMAN de Montr\u00e9al","article_modified_time":"2012-02-09T16:27:17+00:00","twitter_card":"summary_large_image","twitter_misc":{"Est. reading time":"2 minutes"},"schema":{"@context":"https:\/\/schema.org","@graph":[{"@type":"WebPage","@id":"https:\/\/ombudsmandemontreal.com\/en\/frequently-asked-questions\/the-ombudsman-de-montreal-hereafter-odm\/q-what-should-i-do-if-i-have-suffered-damages-which-i-consider-ville-de-montreal-responsible-for","url":"https:\/\/ombudsmandemontreal.com\/en\/frequently-asked-questions\/the-ombudsman-de-montreal-hereafter-odm\/q-what-should-i-do-if-i-have-suffered-damages-which-i-consider-ville-de-montreal-responsible-for","name":"Q. What should I do if I have suffered damages which I consider Ville de Montr\u00e9al responsible for? - OMBUDSMAN de Montr\u00e9al","isPartOf":{"@id":"https:\/\/ombudsmandemontreal.com\/#website"},"datePublished":"2011-11-28T22:21:40+00:00","dateModified":"2012-02-09T16:27:17+00:00","breadcrumb":{"@id":"https:\/\/ombudsmandemontreal.com\/en\/frequently-asked-questions\/the-ombudsman-de-montreal-hereafter-odm\/q-what-should-i-do-if-i-have-suffered-damages-which-i-consider-ville-de-montreal-responsible-for#breadcrumb"},"inLanguage":"en-US","potentialAction":[{"@type":"ReadAction","target":["https:\/\/ombudsmandemontreal.com\/en\/frequently-asked-questions\/the-ombudsman-de-montreal-hereafter-odm\/q-what-should-i-do-if-i-have-suffered-damages-which-i-consider-ville-de-montreal-responsible-for"]}]},{"@type":"BreadcrumbList","@id":"https:\/\/ombudsmandemontreal.com\/en\/frequently-asked-questions\/the-ombudsman-de-montreal-hereafter-odm\/q-what-should-i-do-if-i-have-suffered-damages-which-i-consider-ville-de-montreal-responsible-for#breadcrumb","itemListElement":[{"@type":"ListItem","position":1,"name":"Home","item":"https:\/\/ombudsmandemontreal.com\/en\/"},{"@type":"ListItem","position":2,"name":"Frequently asked questions","item":"https:\/\/ombudsmandemontreal.com\/en\/frequently-asked-questions"},{"@type":"ListItem","position":3,"name":"Frequently Asked Questions to the OdM regarding various municipal issues","item":"https:\/\/ombudsmandemontreal.com\/en\/frequently-asked-questions\/the-ombudsman-de-montreal-hereafter-odm"},{"@type":"ListItem","position":4,"name":"Q. What should I do if I have suffered damages which I consider Ville de Montr\u00e9al responsible for?"}]},{"@type":"WebSite","@id":"https:\/\/ombudsmandemontreal.com\/#website","url":"https:\/\/ombudsmandemontreal.com\/","name":"OMBUDSMAN de Montr\u00e9al","description":"","potentialAction":[{"@type":"SearchAction","target":{"@type":"EntryPoint","urlTemplate":"https:\/\/ombudsmandemontreal.com\/?s={search_term_string}"},"query-input":{"@type":"PropertyValueSpecification","valueRequired":true,"valueName":"search_term_string"}}],"inLanguage":"en-US"}]}},"_links":{"self":[{"href":"https:\/\/ombudsmandemontreal.com\/en\/wp-json\/wp\/v2\/pages\/1263","targetHints":{"allow":["GET"]}}],"collection":[{"href":"https:\/\/ombudsmandemontreal.com\/en\/wp-json\/wp\/v2\/pages"}],"about":[{"href":"https:\/\/ombudsmandemontreal.com\/en\/wp-json\/wp\/v2\/types\/page"}],"author":[{"embeddable":true,"href":"https:\/\/ombudsmandemontreal.com\/en\/wp-json\/wp\/v2\/users\/18"}],"replies":[{"embeddable":true,"href":"https:\/\/ombudsmandemontreal.com\/en\/wp-json\/wp\/v2\/comments?post=1263"}],"version-history":[{"count":0,"href":"https:\/\/ombudsmandemontreal.com\/en\/wp-json\/wp\/v2\/pages\/1263\/revisions"}],"up":[{"embeddable":true,"href":"https:\/\/ombudsmandemontreal.com\/en\/wp-json\/wp\/v2\/pages\/1196"}],"wp:attachment":[{"href":"https:\/\/ombudsmandemontreal.com\/en\/wp-json\/wp\/v2\/media?parent=1263"}],"curies":[{"name":"wp","href":"https:\/\/api.w.org\/{rel}","templated":true}]}}