{"id":1243,"date":"2011-11-28T17:11:55","date_gmt":"2011-11-28T22:11:55","guid":{"rendered":"https:\/\/ombudsmandemontreal.com\/?page_id=1243"},"modified":"2013-04-16T15:52:03","modified_gmt":"2013-04-16T19:52:03","slug":"q-what-is-the-role-of-the-office-de-consultation-publique-de-montreal","status":"publish","type":"page","link":"https:\/\/ombudsmandemontreal.com\/en\/frequently-asked-questions\/the-ombudsman-de-montreal-hereafter-odm\/q-what-is-the-role-of-the-office-de-consultation-publique-de-montreal","title":{"rendered":"Q. What is the role of the Office de consultation publique de Montr\u00e9al?"},"content":{"rendered":"<p>A. The main role of the <a href=\"http:\/\/www.ocpm.qc.ca\/\" target=\"_blank\">Office de consultation publique de Montr\u00e9al (OCPM)<\/a> is to organize and conduct public consultations, as requested by Ville de Montr\u00e9al or the boroughs, with regard to major projects, including urban planning and zoning changes.<\/p>\n<p>All public consultations held in Montr\u00e9al are not necessarily conducted by the OCPM: the boroughs are not required to use this office and they have the right to proceed differently, with or without the help of another entity, to conduct their public consultations.<\/p>\n<p>The OCPM elaborates and recommends public consultation rules and guidelines on how public consultations should be held.<\/p>\n","protected":false},"excerpt":{"rendered":"<p>A. The main role of the Office de consultation publique de Montr\u00e9al (OCPM) is to organize and conduct public consultations, as requested by Ville de Montr\u00e9al or the boroughs, with regard to major projects, including urban planning and zoning changes. &hellip; <a href=\"https:\/\/ombudsmandemontreal.com\/en\/frequently-asked-questions\/the-ombudsman-de-montreal-hereafter-odm\/q-what-is-the-role-of-the-office-de-consultation-publique-de-montreal\">Continue reading <span class=\"meta-nav\">&rarr;<\/span><\/a><\/p>\n","protected":false},"author":18,"featured_media":0,"parent":1196,"menu_order":20,"comment_status":"closed","ping_status":"closed","template":"","meta":{"_acf_changed":false,"footnotes":""},"class_list":["post-1243","page","type-page","status-publish","hentry"],"acf":[],"yoast_head":"<!-- This site is optimized with the Yoast SEO plugin v27.4 - https:\/\/yoast.com\/product\/yoast-seo-wordpress\/ -->\n<title>Q. What is the role of the Office de consultation publique de Montr\u00e9al? - OMBUDSMAN de Montr\u00e9al<\/title>\n<meta name=\"robots\" content=\"index, follow, max-snippet:-1, max-image-preview:large, max-video-preview:-1\" \/>\n<link rel=\"canonical\" href=\"https:\/\/ombudsmandemontreal.com\/en\/frequently-asked-questions\/the-ombudsman-de-montreal-hereafter-odm\/q-what-is-the-role-of-the-office-de-consultation-publique-de-montreal\" \/>\n<meta property=\"og:locale\" content=\"en_US\" \/>\n<meta property=\"og:type\" content=\"article\" \/>\n<meta property=\"og:title\" content=\"Q. What is the role of the Office de consultation publique de Montr\u00e9al? - OMBUDSMAN de Montr\u00e9al\" \/>\n<meta property=\"og:description\" content=\"A. The main role of the Office de consultation publique de Montr\u00e9al (OCPM) is to organize and conduct public consultations, as requested by Ville de Montr\u00e9al or the boroughs, with regard to major projects, including urban planning and zoning changes. &hellip; Continue reading &rarr;\" \/>\n<meta property=\"og:url\" content=\"https:\/\/ombudsmandemontreal.com\/en\/frequently-asked-questions\/the-ombudsman-de-montreal-hereafter-odm\/q-what-is-the-role-of-the-office-de-consultation-publique-de-montreal\" \/>\n<meta property=\"og:site_name\" content=\"OMBUDSMAN de Montr\u00e9al\" \/>\n<meta property=\"article:modified_time\" content=\"2013-04-16T19:52:03+00:00\" \/>\n<meta name=\"twitter:card\" content=\"summary_large_image\" \/>\n<meta name=\"twitter:label1\" content=\"Est. reading time\" \/>\n\t<meta name=\"twitter:data1\" content=\"1 minute\" \/>\n<script type=\"application\/ld+json\" class=\"yoast-schema-graph\">{\"@context\":\"https:\\\/\\\/schema.org\",\"@graph\":[{\"@type\":\"WebPage\",\"@id\":\"https:\\\/\\\/ombudsmandemontreal.com\\\/en\\\/frequently-asked-questions\\\/the-ombudsman-de-montreal-hereafter-odm\\\/q-what-is-the-role-of-the-office-de-consultation-publique-de-montreal\",\"url\":\"https:\\\/\\\/ombudsmandemontreal.com\\\/en\\\/frequently-asked-questions\\\/the-ombudsman-de-montreal-hereafter-odm\\\/q-what-is-the-role-of-the-office-de-consultation-publique-de-montreal\",\"name\":\"Q. What is the role of the Office de consultation publique de Montr\u00e9al? - OMBUDSMAN de Montr\u00e9al\",\"isPartOf\":{\"@id\":\"https:\\\/\\\/ombudsmandemontreal.com\\\/#website\"},\"datePublished\":\"2011-11-28T22:11:55+00:00\",\"dateModified\":\"2013-04-16T19:52:03+00:00\",\"breadcrumb\":{\"@id\":\"https:\\\/\\\/ombudsmandemontreal.com\\\/en\\\/frequently-asked-questions\\\/the-ombudsman-de-montreal-hereafter-odm\\\/q-what-is-the-role-of-the-office-de-consultation-publique-de-montreal#breadcrumb\"},\"inLanguage\":\"en-US\",\"potentialAction\":[{\"@type\":\"ReadAction\",\"target\":[\"https:\\\/\\\/ombudsmandemontreal.com\\\/en\\\/frequently-asked-questions\\\/the-ombudsman-de-montreal-hereafter-odm\\\/q-what-is-the-role-of-the-office-de-consultation-publique-de-montreal\"]}]},{\"@type\":\"BreadcrumbList\",\"@id\":\"https:\\\/\\\/ombudsmandemontreal.com\\\/en\\\/frequently-asked-questions\\\/the-ombudsman-de-montreal-hereafter-odm\\\/q-what-is-the-role-of-the-office-de-consultation-publique-de-montreal#breadcrumb\",\"itemListElement\":[{\"@type\":\"ListItem\",\"position\":1,\"name\":\"Home\",\"item\":\"https:\\\/\\\/ombudsmandemontreal.com\\\/en\\\/\"},{\"@type\":\"ListItem\",\"position\":2,\"name\":\"Frequently asked questions\",\"item\":\"https:\\\/\\\/ombudsmandemontreal.com\\\/en\\\/frequently-asked-questions\"},{\"@type\":\"ListItem\",\"position\":3,\"name\":\"Frequently Asked Questions to the OdM regarding various municipal issues\",\"item\":\"https:\\\/\\\/ombudsmandemontreal.com\\\/en\\\/frequently-asked-questions\\\/the-ombudsman-de-montreal-hereafter-odm\"},{\"@type\":\"ListItem\",\"position\":4,\"name\":\"Q. What is the role of the Office de consultation publique de Montr\u00e9al?\"}]},{\"@type\":\"WebSite\",\"@id\":\"https:\\\/\\\/ombudsmandemontreal.com\\\/#website\",\"url\":\"https:\\\/\\\/ombudsmandemontreal.com\\\/\",\"name\":\"OMBUDSMAN de Montr\u00e9al\",\"description\":\"\",\"potentialAction\":[{\"@type\":\"SearchAction\",\"target\":{\"@type\":\"EntryPoint\",\"urlTemplate\":\"https:\\\/\\\/ombudsmandemontreal.com\\\/?s={search_term_string}\"},\"query-input\":{\"@type\":\"PropertyValueSpecification\",\"valueRequired\":true,\"valueName\":\"search_term_string\"}}],\"inLanguage\":\"en-US\"}]}<\/script>\n<!-- \/ Yoast SEO plugin. -->","yoast_head_json":{"title":"Q. What is the role of the Office de consultation publique de Montr\u00e9al? - OMBUDSMAN de Montr\u00e9al","robots":{"index":"index","follow":"follow","max-snippet":"max-snippet:-1","max-image-preview":"max-image-preview:large","max-video-preview":"max-video-preview:-1"},"canonical":"https:\/\/ombudsmandemontreal.com\/en\/frequently-asked-questions\/the-ombudsman-de-montreal-hereafter-odm\/q-what-is-the-role-of-the-office-de-consultation-publique-de-montreal","og_locale":"en_US","og_type":"article","og_title":"Q. What is the role of the Office de consultation publique de Montr\u00e9al? - OMBUDSMAN de Montr\u00e9al","og_description":"A. The main role of the Office de consultation publique de Montr\u00e9al (OCPM) is to organize and conduct public consultations, as requested by Ville de Montr\u00e9al or the boroughs, with regard to major projects, including urban planning and zoning changes. &hellip; Continue reading &rarr;","og_url":"https:\/\/ombudsmandemontreal.com\/en\/frequently-asked-questions\/the-ombudsman-de-montreal-hereafter-odm\/q-what-is-the-role-of-the-office-de-consultation-publique-de-montreal","og_site_name":"OMBUDSMAN de Montr\u00e9al","article_modified_time":"2013-04-16T19:52:03+00:00","twitter_card":"summary_large_image","twitter_misc":{"Est. reading time":"1 minute"},"schema":{"@context":"https:\/\/schema.org","@graph":[{"@type":"WebPage","@id":"https:\/\/ombudsmandemontreal.com\/en\/frequently-asked-questions\/the-ombudsman-de-montreal-hereafter-odm\/q-what-is-the-role-of-the-office-de-consultation-publique-de-montreal","url":"https:\/\/ombudsmandemontreal.com\/en\/frequently-asked-questions\/the-ombudsman-de-montreal-hereafter-odm\/q-what-is-the-role-of-the-office-de-consultation-publique-de-montreal","name":"Q. What is the role of the Office de consultation publique de Montr\u00e9al? - OMBUDSMAN de Montr\u00e9al","isPartOf":{"@id":"https:\/\/ombudsmandemontreal.com\/#website"},"datePublished":"2011-11-28T22:11:55+00:00","dateModified":"2013-04-16T19:52:03+00:00","breadcrumb":{"@id":"https:\/\/ombudsmandemontreal.com\/en\/frequently-asked-questions\/the-ombudsman-de-montreal-hereafter-odm\/q-what-is-the-role-of-the-office-de-consultation-publique-de-montreal#breadcrumb"},"inLanguage":"en-US","potentialAction":[{"@type":"ReadAction","target":["https:\/\/ombudsmandemontreal.com\/en\/frequently-asked-questions\/the-ombudsman-de-montreal-hereafter-odm\/q-what-is-the-role-of-the-office-de-consultation-publique-de-montreal"]}]},{"@type":"BreadcrumbList","@id":"https:\/\/ombudsmandemontreal.com\/en\/frequently-asked-questions\/the-ombudsman-de-montreal-hereafter-odm\/q-what-is-the-role-of-the-office-de-consultation-publique-de-montreal#breadcrumb","itemListElement":[{"@type":"ListItem","position":1,"name":"Home","item":"https:\/\/ombudsmandemontreal.com\/en\/"},{"@type":"ListItem","position":2,"name":"Frequently asked questions","item":"https:\/\/ombudsmandemontreal.com\/en\/frequently-asked-questions"},{"@type":"ListItem","position":3,"name":"Frequently Asked Questions to the OdM regarding various municipal issues","item":"https:\/\/ombudsmandemontreal.com\/en\/frequently-asked-questions\/the-ombudsman-de-montreal-hereafter-odm"},{"@type":"ListItem","position":4,"name":"Q. What is the role of the Office de consultation publique de Montr\u00e9al?"}]},{"@type":"WebSite","@id":"https:\/\/ombudsmandemontreal.com\/#website","url":"https:\/\/ombudsmandemontreal.com\/","name":"OMBUDSMAN de Montr\u00e9al","description":"","potentialAction":[{"@type":"SearchAction","target":{"@type":"EntryPoint","urlTemplate":"https:\/\/ombudsmandemontreal.com\/?s={search_term_string}"},"query-input":{"@type":"PropertyValueSpecification","valueRequired":true,"valueName":"search_term_string"}}],"inLanguage":"en-US"}]}},"_links":{"self":[{"href":"https:\/\/ombudsmandemontreal.com\/en\/wp-json\/wp\/v2\/pages\/1243","targetHints":{"allow":["GET"]}}],"collection":[{"href":"https:\/\/ombudsmandemontreal.com\/en\/wp-json\/wp\/v2\/pages"}],"about":[{"href":"https:\/\/ombudsmandemontreal.com\/en\/wp-json\/wp\/v2\/types\/page"}],"author":[{"embeddable":true,"href":"https:\/\/ombudsmandemontreal.com\/en\/wp-json\/wp\/v2\/users\/18"}],"replies":[{"embeddable":true,"href":"https:\/\/ombudsmandemontreal.com\/en\/wp-json\/wp\/v2\/comments?post=1243"}],"version-history":[{"count":0,"href":"https:\/\/ombudsmandemontreal.com\/en\/wp-json\/wp\/v2\/pages\/1243\/revisions"}],"up":[{"embeddable":true,"href":"https:\/\/ombudsmandemontreal.com\/en\/wp-json\/wp\/v2\/pages\/1196"}],"wp:attachment":[{"href":"https:\/\/ombudsmandemontreal.com\/en\/wp-json\/wp\/v2\/media?parent=1243"}],"curies":[{"name":"wp","href":"https:\/\/api.w.org\/{rel}","templated":true}]}}