{"id":1153,"date":"2011-11-28T16:06:05","date_gmt":"2011-11-28T21:06:05","guid":{"rendered":"https:\/\/ombudsmandemontreal.com\/?page_id=1153"},"modified":"2011-11-28T16:06:05","modified_gmt":"2011-11-28T21:06:05","slug":"pitbulls-public-hazard-%e2%80%93-myth-or-reality-2008","status":"publish","type":"page","link":"https:\/\/ombudsmandemontreal.com\/en\/cases-handled\/examples-of-charter-files\/safety\/pitbulls-public-hazard-%e2%80%93-myth-or-reality-2008","title":{"rendered":"Pitbulls: public hazard \u2013 Myth or reality (2008)"},"content":{"rendered":"<p>A citizen addressed herself to our office in order for a municipal by-law to be passed for the entire Ville de Montr\u00e9al territory or, in the very least, in Arrondissement de Villeray \u2013 Saint-Michel \u2013 Parc-Extension where she resides, to prohibit all Pitbull dogs. The citizen was also submitting that, failing such a by-law, all Pitbull dogs should be required to wear a muzzle.<\/p>\n<p>This citizen\u2019s dog had recently died following injuries due to a Pitbull attack. She considered that this race of dogs presents a serious threat to public safety and should, therefore, be banned from our streets.<\/p>\n<p>According to provincial laws, animal control falls under the jurisdiction of each borough: it is up to each borough, therefore, to decide whether or not it wants to prohibit one or more dogs breeds, on its territory, and these rules can vary from one borough to the other. In Montr\u00e9al, some boroughs do prohibit Pitbulls, on their territory, but not all of them. The <span class=\"caps-bold \">Ombudsman de Montr\u00e9al<\/span> launched a thorough investigation to evaluate if it would be appropriate to Recommend such a stricter by-law, in regards to this issue.<\/p>\n<p>First, we found out that the <em>Ordre des m\u00e9decins v\u00e9t\u00e9rinaires du Qu\u00e9bec<\/em> and the <em>Facult\u00e9 de m\u00e9decine v\u00e9t\u00e9rinaire of Universit\u00e9 de Montr\u00e9al<\/em> are refusing to commit to an opinion on the danger that this breed of dogs really represents.<\/p>\n<p>We then moved on to evaluate the statistics of the previous five years in regards to dog attacks on the Arrondissement de Villeray \u2013 Saint-Michel \u2013 Parc-Extension territory: the number of attacks by Pitbulls was not significant if compared with the number of attacks by other breeds, during the said time frame.<\/p>\n<p>Moreover, Ville de Montr\u00e9al had formed a special committee to study the question of Pitbulls, in 2006. Most boroughs participated and experts in animal behavior came to share their opinion on the matter.  There was no consensus, however, in regards to the necessity to prohibit Pitbulls in order to ensure the safety of the public. According to the experts that were heard, it would be more a question of how masters treat their dog that influences a dog\u2019s behavior rather than the dog breed itself. They also underlined the fact that some Pitbulls can be docile while dogs of other breeds can be dangerous.<\/p>\n<p>In light of all of the above, Arrondissement de Villeray \u2013 Saint-Michel \u2013 Parc-Extension decided not to systematically prohibit Pitbulls on its territory and we could not find this decision to be unreasonable, unjust or arbitrary.<\/p>\n<p>As for the idea of requiring that all Pitbulls be required to wear a muzzle, the opinions mentioned hereinabove tend to show that dogs of all breeds could possibly have a reprehensible behavior, at one time or another: it would be difficult, therefore, to justify such an obligation, in regards to Pitbulls only.<\/p>\n<p>In spite of all of our sympathy for the difficult situation the citizen had lived through, we had to take into account the neutral information we had gathered and, as a result, we did not intervene as she would have hoped.  However, we remain open to reconsider our conclusions, if new studies should demonstrate, in a preponderant manner, a specific and general danger in Pitbulls.<\/p>\n","protected":false},"excerpt":{"rendered":"<p>A citizen addressed herself to our office in order for a municipal by-law to be passed for the entire Ville de Montr\u00e9al territory or, in the very least, in Arrondissement de Villeray \u2013 Saint-Michel \u2013 Parc-Extension where she resides, to &hellip; <a href=\"https:\/\/ombudsmandemontreal.com\/en\/cases-handled\/examples-of-charter-files\/safety\/pitbulls-public-hazard-%e2%80%93-myth-or-reality-2008\">Continue reading <span class=\"meta-nav\">&rarr;<\/span><\/a><\/p>\n","protected":false},"author":18,"featured_media":0,"parent":349,"menu_order":7,"comment_status":"closed","ping_status":"closed","template":"","meta":{"_acf_changed":false,"footnotes":""},"class_list":["post-1153","page","type-page","status-publish","hentry"],"acf":[],"yoast_head":"<!-- This site is optimized with the Yoast SEO plugin v27.4 - https:\/\/yoast.com\/product\/yoast-seo-wordpress\/ -->\n<title>Pitbulls: public hazard \u2013 Myth or reality (2008) - OMBUDSMAN de Montr\u00e9al<\/title>\n<meta name=\"robots\" content=\"index, follow, max-snippet:-1, max-image-preview:large, max-video-preview:-1\" \/>\n<link rel=\"canonical\" href=\"https:\/\/ombudsmandemontreal.com\/en\/cases-handled\/examples-of-charter-files\/safety\/pitbulls-public-hazard-\u2013-myth-or-reality-2008\" \/>\n<meta property=\"og:locale\" content=\"en_US\" \/>\n<meta property=\"og:type\" content=\"article\" \/>\n<meta property=\"og:title\" content=\"Pitbulls: public hazard \u2013 Myth or reality (2008) - OMBUDSMAN de Montr\u00e9al\" \/>\n<meta property=\"og:description\" content=\"A citizen addressed herself to our office in order for a municipal by-law to be passed for the entire Ville de Montr\u00e9al territory or, in the very least, in Arrondissement de Villeray \u2013 Saint-Michel \u2013 Parc-Extension where she resides, to &hellip; Continue reading &rarr;\" \/>\n<meta property=\"og:url\" content=\"https:\/\/ombudsmandemontreal.com\/en\/cases-handled\/examples-of-charter-files\/safety\/pitbulls-public-hazard-\u2013-myth-or-reality-2008\" \/>\n<meta property=\"og:site_name\" content=\"OMBUDSMAN de Montr\u00e9al\" \/>\n<meta name=\"twitter:card\" content=\"summary_large_image\" \/>\n<meta name=\"twitter:label1\" content=\"Est. reading time\" \/>\n\t<meta name=\"twitter:data1\" content=\"3 minutes\" \/>\n<script type=\"application\/ld+json\" class=\"yoast-schema-graph\">{\"@context\":\"https:\\\/\\\/schema.org\",\"@graph\":[{\"@type\":\"WebPage\",\"@id\":\"https:\\\/\\\/ombudsmandemontreal.com\\\/en\\\/cases-handled\\\/examples-of-charter-files\\\/safety\\\/pitbulls-public-hazard-%e2%80%93-myth-or-reality-2008\",\"url\":\"https:\\\/\\\/ombudsmandemontreal.com\\\/en\\\/cases-handled\\\/examples-of-charter-files\\\/safety\\\/pitbulls-public-hazard-%e2%80%93-myth-or-reality-2008\",\"name\":\"Pitbulls: public hazard \u2013 Myth or reality (2008) - OMBUDSMAN de Montr\u00e9al\",\"isPartOf\":{\"@id\":\"https:\\\/\\\/ombudsmandemontreal.com\\\/#website\"},\"datePublished\":\"2011-11-28T21:06:05+00:00\",\"breadcrumb\":{\"@id\":\"https:\\\/\\\/ombudsmandemontreal.com\\\/en\\\/cases-handled\\\/examples-of-charter-files\\\/safety\\\/pitbulls-public-hazard-%e2%80%93-myth-or-reality-2008#breadcrumb\"},\"inLanguage\":\"en-US\",\"potentialAction\":[{\"@type\":\"ReadAction\",\"target\":[\"https:\\\/\\\/ombudsmandemontreal.com\\\/en\\\/cases-handled\\\/examples-of-charter-files\\\/safety\\\/pitbulls-public-hazard-%e2%80%93-myth-or-reality-2008\"]}]},{\"@type\":\"BreadcrumbList\",\"@id\":\"https:\\\/\\\/ombudsmandemontreal.com\\\/en\\\/cases-handled\\\/examples-of-charter-files\\\/safety\\\/pitbulls-public-hazard-%e2%80%93-myth-or-reality-2008#breadcrumb\",\"itemListElement\":[{\"@type\":\"ListItem\",\"position\":1,\"name\":\"Home\",\"item\":\"https:\\\/\\\/ombudsmandemontreal.com\\\/en\\\/\"},{\"@type\":\"ListItem\",\"position\":2,\"name\":\"Cases handled\",\"item\":\"https:\\\/\\\/ombudsmandemontreal.com\\\/en\\\/cases-handled\"},{\"@type\":\"ListItem\",\"position\":3,\"name\":\"Examples of Charter files\",\"item\":\"https:\\\/\\\/ombudsmandemontreal.com\\\/en\\\/cases-handled\\\/examples-of-charter-files\"},{\"@type\":\"ListItem\",\"position\":4,\"name\":\"Safety\",\"item\":\"https:\\\/\\\/ombudsmandemontreal.com\\\/en\\\/cases-handled\\\/examples-of-charter-files\\\/safety\"},{\"@type\":\"ListItem\",\"position\":5,\"name\":\"Pitbulls: public hazard \u2013 Myth or reality (2008)\"}]},{\"@type\":\"WebSite\",\"@id\":\"https:\\\/\\\/ombudsmandemontreal.com\\\/#website\",\"url\":\"https:\\\/\\\/ombudsmandemontreal.com\\\/\",\"name\":\"OMBUDSMAN de Montr\u00e9al\",\"description\":\"\",\"potentialAction\":[{\"@type\":\"SearchAction\",\"target\":{\"@type\":\"EntryPoint\",\"urlTemplate\":\"https:\\\/\\\/ombudsmandemontreal.com\\\/?s={search_term_string}\"},\"query-input\":{\"@type\":\"PropertyValueSpecification\",\"valueRequired\":true,\"valueName\":\"search_term_string\"}}],\"inLanguage\":\"en-US\"}]}<\/script>\n<!-- \/ Yoast SEO plugin. -->","yoast_head_json":{"title":"Pitbulls: public hazard \u2013 Myth or reality (2008) - OMBUDSMAN de Montr\u00e9al","robots":{"index":"index","follow":"follow","max-snippet":"max-snippet:-1","max-image-preview":"max-image-preview:large","max-video-preview":"max-video-preview:-1"},"canonical":"https:\/\/ombudsmandemontreal.com\/en\/cases-handled\/examples-of-charter-files\/safety\/pitbulls-public-hazard-\u2013-myth-or-reality-2008","og_locale":"en_US","og_type":"article","og_title":"Pitbulls: public hazard \u2013 Myth or reality (2008) - OMBUDSMAN de Montr\u00e9al","og_description":"A citizen addressed herself to our office in order for a municipal by-law to be passed for the entire Ville de Montr\u00e9al territory or, in the very least, in Arrondissement de Villeray \u2013 Saint-Michel \u2013 Parc-Extension where she resides, to &hellip; Continue reading &rarr;","og_url":"https:\/\/ombudsmandemontreal.com\/en\/cases-handled\/examples-of-charter-files\/safety\/pitbulls-public-hazard-\u2013-myth-or-reality-2008","og_site_name":"OMBUDSMAN de Montr\u00e9al","twitter_card":"summary_large_image","twitter_misc":{"Est. reading time":"3 minutes"},"schema":{"@context":"https:\/\/schema.org","@graph":[{"@type":"WebPage","@id":"https:\/\/ombudsmandemontreal.com\/en\/cases-handled\/examples-of-charter-files\/safety\/pitbulls-public-hazard-%e2%80%93-myth-or-reality-2008","url":"https:\/\/ombudsmandemontreal.com\/en\/cases-handled\/examples-of-charter-files\/safety\/pitbulls-public-hazard-%e2%80%93-myth-or-reality-2008","name":"Pitbulls: public hazard \u2013 Myth or reality (2008) - OMBUDSMAN de Montr\u00e9al","isPartOf":{"@id":"https:\/\/ombudsmandemontreal.com\/#website"},"datePublished":"2011-11-28T21:06:05+00:00","breadcrumb":{"@id":"https:\/\/ombudsmandemontreal.com\/en\/cases-handled\/examples-of-charter-files\/safety\/pitbulls-public-hazard-%e2%80%93-myth-or-reality-2008#breadcrumb"},"inLanguage":"en-US","potentialAction":[{"@type":"ReadAction","target":["https:\/\/ombudsmandemontreal.com\/en\/cases-handled\/examples-of-charter-files\/safety\/pitbulls-public-hazard-%e2%80%93-myth-or-reality-2008"]}]},{"@type":"BreadcrumbList","@id":"https:\/\/ombudsmandemontreal.com\/en\/cases-handled\/examples-of-charter-files\/safety\/pitbulls-public-hazard-%e2%80%93-myth-or-reality-2008#breadcrumb","itemListElement":[{"@type":"ListItem","position":1,"name":"Home","item":"https:\/\/ombudsmandemontreal.com\/en\/"},{"@type":"ListItem","position":2,"name":"Cases handled","item":"https:\/\/ombudsmandemontreal.com\/en\/cases-handled"},{"@type":"ListItem","position":3,"name":"Examples of Charter files","item":"https:\/\/ombudsmandemontreal.com\/en\/cases-handled\/examples-of-charter-files"},{"@type":"ListItem","position":4,"name":"Safety","item":"https:\/\/ombudsmandemontreal.com\/en\/cases-handled\/examples-of-charter-files\/safety"},{"@type":"ListItem","position":5,"name":"Pitbulls: public hazard \u2013 Myth or reality (2008)"}]},{"@type":"WebSite","@id":"https:\/\/ombudsmandemontreal.com\/#website","url":"https:\/\/ombudsmandemontreal.com\/","name":"OMBUDSMAN de Montr\u00e9al","description":"","potentialAction":[{"@type":"SearchAction","target":{"@type":"EntryPoint","urlTemplate":"https:\/\/ombudsmandemontreal.com\/?s={search_term_string}"},"query-input":{"@type":"PropertyValueSpecification","valueRequired":true,"valueName":"search_term_string"}}],"inLanguage":"en-US"}]}},"_links":{"self":[{"href":"https:\/\/ombudsmandemontreal.com\/en\/wp-json\/wp\/v2\/pages\/1153","targetHints":{"allow":["GET"]}}],"collection":[{"href":"https:\/\/ombudsmandemontreal.com\/en\/wp-json\/wp\/v2\/pages"}],"about":[{"href":"https:\/\/ombudsmandemontreal.com\/en\/wp-json\/wp\/v2\/types\/page"}],"author":[{"embeddable":true,"href":"https:\/\/ombudsmandemontreal.com\/en\/wp-json\/wp\/v2\/users\/18"}],"replies":[{"embeddable":true,"href":"https:\/\/ombudsmandemontreal.com\/en\/wp-json\/wp\/v2\/comments?post=1153"}],"version-history":[{"count":0,"href":"https:\/\/ombudsmandemontreal.com\/en\/wp-json\/wp\/v2\/pages\/1153\/revisions"}],"up":[{"embeddable":true,"href":"https:\/\/ombudsmandemontreal.com\/en\/wp-json\/wp\/v2\/pages\/349"}],"wp:attachment":[{"href":"https:\/\/ombudsmandemontreal.com\/en\/wp-json\/wp\/v2\/media?parent=1153"}],"curies":[{"name":"wp","href":"https:\/\/api.w.org\/{rel}","templated":true}]}}