{"id":1131,"date":"2011-11-28T15:28:54","date_gmt":"2011-11-28T20:28:54","guid":{"rendered":"https:\/\/ombudsmandemontreal.com\/?page_id=1131"},"modified":"2011-11-28T15:28:54","modified_gmt":"2011-11-28T20:28:54","slug":"clear-and-sufficient-information-%e2%80%93-subsidy-program-2008","status":"publish","type":"page","link":"https:\/\/ombudsmandemontreal.com\/en\/cases-handled\/examples-of-charter-files\/communications-and-informations\/clear-and-sufficient-information-%e2%80%93-subsidy-program-2008","title":{"rendered":"Clear and sufficient information \u2013 Subsidy program (2008)"},"content":{"rendered":"<p>A citizen was complaining about the fact that Ville de Montr\u00e9al promotional tools for the <em>R\u00e9novation \u00e0 la carte<\/em> Subsidy Program lacked clarity and, more specifically, the English version: indeed, the English text referred to a requirement of having \u201cat least six units\u201d in the building, without specifying that these units had to be <em>residentia<\/em>l ones.<\/p>\n<p>We inquired with experienced translators and concluded that the English texts, in relation with this program, could be confusing.<\/p>\n<p>Consequently and following our intervention, the <em>Habiter Montr\u00e9al<\/em> English Web site was modified and the term \u201cunits\u201d has been replaced by the term \u201cdwellings\u201d.  As for modifying the information pamphlets, however, their printing costs are quite substantial and, therefore, we have accepted Service de la mise en valeur du territoire et du patrimoine\u2019s undertaking that, as soon as a new print is required, the texts of the pamphlet will be rectified in the same manner.<\/p>\n","protected":false},"excerpt":{"rendered":"<p>A citizen was complaining about the fact that Ville de Montr\u00e9al promotional tools for the R\u00e9novation \u00e0 la carte Subsidy Program lacked clarity and, more specifically, the English version: indeed, the English text referred to a requirement of having \u201cat &hellip; <a href=\"https:\/\/ombudsmandemontreal.com\/en\/cases-handled\/examples-of-charter-files\/communications-and-informations\/clear-and-sufficient-information-%e2%80%93-subsidy-program-2008\">Continue reading <span class=\"meta-nav\">&rarr;<\/span><\/a><\/p>\n","protected":false},"author":18,"featured_media":0,"parent":345,"menu_order":9,"comment_status":"closed","ping_status":"closed","template":"","meta":{"_acf_changed":false,"footnotes":""},"class_list":["post-1131","page","type-page","status-publish","hentry"],"acf":[],"yoast_head":"<!-- This site is optimized with the Yoast SEO plugin v27.4 - https:\/\/yoast.com\/product\/yoast-seo-wordpress\/ -->\n<title>Clear and sufficient information \u2013 Subsidy program (2008) - OMBUDSMAN de Montr\u00e9al<\/title>\n<meta name=\"robots\" content=\"index, follow, max-snippet:-1, max-image-preview:large, max-video-preview:-1\" \/>\n<link rel=\"canonical\" href=\"https:\/\/ombudsmandemontreal.com\/en\/cases-handled\/examples-of-charter-files\/communications-and-informations\/clear-and-sufficient-information-\u2013-subsidy-program-2008\" \/>\n<meta property=\"og:locale\" content=\"en_US\" \/>\n<meta property=\"og:type\" content=\"article\" \/>\n<meta property=\"og:title\" content=\"Clear and sufficient information \u2013 Subsidy program (2008) - OMBUDSMAN de Montr\u00e9al\" \/>\n<meta property=\"og:description\" content=\"A citizen was complaining about the fact that Ville de Montr\u00e9al promotional tools for the R\u00e9novation \u00e0 la carte Subsidy Program lacked clarity and, more specifically, the English version: indeed, the English text referred to a requirement of having \u201cat &hellip; Continue reading &rarr;\" \/>\n<meta property=\"og:url\" content=\"https:\/\/ombudsmandemontreal.com\/en\/cases-handled\/examples-of-charter-files\/communications-and-informations\/clear-and-sufficient-information-\u2013-subsidy-program-2008\" \/>\n<meta property=\"og:site_name\" content=\"OMBUDSMAN de Montr\u00e9al\" \/>\n<meta name=\"twitter:card\" content=\"summary_large_image\" \/>\n<meta name=\"twitter:label1\" content=\"Est. reading time\" \/>\n\t<meta name=\"twitter:data1\" content=\"1 minute\" \/>\n<script type=\"application\/ld+json\" class=\"yoast-schema-graph\">{\"@context\":\"https:\\\/\\\/schema.org\",\"@graph\":[{\"@type\":\"WebPage\",\"@id\":\"https:\\\/\\\/ombudsmandemontreal.com\\\/en\\\/cases-handled\\\/examples-of-charter-files\\\/communications-and-informations\\\/clear-and-sufficient-information-%e2%80%93-subsidy-program-2008\",\"url\":\"https:\\\/\\\/ombudsmandemontreal.com\\\/en\\\/cases-handled\\\/examples-of-charter-files\\\/communications-and-informations\\\/clear-and-sufficient-information-%e2%80%93-subsidy-program-2008\",\"name\":\"Clear and sufficient information \u2013 Subsidy program (2008) - OMBUDSMAN de Montr\u00e9al\",\"isPartOf\":{\"@id\":\"https:\\\/\\\/ombudsmandemontreal.com\\\/#website\"},\"datePublished\":\"2011-11-28T20:28:54+00:00\",\"breadcrumb\":{\"@id\":\"https:\\\/\\\/ombudsmandemontreal.com\\\/en\\\/cases-handled\\\/examples-of-charter-files\\\/communications-and-informations\\\/clear-and-sufficient-information-%e2%80%93-subsidy-program-2008#breadcrumb\"},\"inLanguage\":\"en-US\",\"potentialAction\":[{\"@type\":\"ReadAction\",\"target\":[\"https:\\\/\\\/ombudsmandemontreal.com\\\/en\\\/cases-handled\\\/examples-of-charter-files\\\/communications-and-informations\\\/clear-and-sufficient-information-%e2%80%93-subsidy-program-2008\"]}]},{\"@type\":\"BreadcrumbList\",\"@id\":\"https:\\\/\\\/ombudsmandemontreal.com\\\/en\\\/cases-handled\\\/examples-of-charter-files\\\/communications-and-informations\\\/clear-and-sufficient-information-%e2%80%93-subsidy-program-2008#breadcrumb\",\"itemListElement\":[{\"@type\":\"ListItem\",\"position\":1,\"name\":\"Home\",\"item\":\"https:\\\/\\\/ombudsmandemontreal.com\\\/en\\\/\"},{\"@type\":\"ListItem\",\"position\":2,\"name\":\"Cases handled\",\"item\":\"https:\\\/\\\/ombudsmandemontreal.com\\\/en\\\/cases-handled\"},{\"@type\":\"ListItem\",\"position\":3,\"name\":\"Examples of Charter files\",\"item\":\"https:\\\/\\\/ombudsmandemontreal.com\\\/en\\\/cases-handled\\\/examples-of-charter-files\"},{\"@type\":\"ListItem\",\"position\":4,\"name\":\"Communications and Informations\",\"item\":\"https:\\\/\\\/ombudsmandemontreal.com\\\/en\\\/cases-handled\\\/examples-of-charter-files\\\/communications-and-informations\"},{\"@type\":\"ListItem\",\"position\":5,\"name\":\"Clear and sufficient information \u2013 Subsidy program (2008)\"}]},{\"@type\":\"WebSite\",\"@id\":\"https:\\\/\\\/ombudsmandemontreal.com\\\/#website\",\"url\":\"https:\\\/\\\/ombudsmandemontreal.com\\\/\",\"name\":\"OMBUDSMAN de Montr\u00e9al\",\"description\":\"\",\"potentialAction\":[{\"@type\":\"SearchAction\",\"target\":{\"@type\":\"EntryPoint\",\"urlTemplate\":\"https:\\\/\\\/ombudsmandemontreal.com\\\/?s={search_term_string}\"},\"query-input\":{\"@type\":\"PropertyValueSpecification\",\"valueRequired\":true,\"valueName\":\"search_term_string\"}}],\"inLanguage\":\"en-US\"}]}<\/script>\n<!-- \/ Yoast SEO plugin. -->","yoast_head_json":{"title":"Clear and sufficient information \u2013 Subsidy program (2008) - OMBUDSMAN de Montr\u00e9al","robots":{"index":"index","follow":"follow","max-snippet":"max-snippet:-1","max-image-preview":"max-image-preview:large","max-video-preview":"max-video-preview:-1"},"canonical":"https:\/\/ombudsmandemontreal.com\/en\/cases-handled\/examples-of-charter-files\/communications-and-informations\/clear-and-sufficient-information-\u2013-subsidy-program-2008","og_locale":"en_US","og_type":"article","og_title":"Clear and sufficient information \u2013 Subsidy program (2008) - OMBUDSMAN de Montr\u00e9al","og_description":"A citizen was complaining about the fact that Ville de Montr\u00e9al promotional tools for the R\u00e9novation \u00e0 la carte Subsidy Program lacked clarity and, more specifically, the English version: indeed, the English text referred to a requirement of having \u201cat &hellip; Continue reading &rarr;","og_url":"https:\/\/ombudsmandemontreal.com\/en\/cases-handled\/examples-of-charter-files\/communications-and-informations\/clear-and-sufficient-information-\u2013-subsidy-program-2008","og_site_name":"OMBUDSMAN de Montr\u00e9al","twitter_card":"summary_large_image","twitter_misc":{"Est. reading time":"1 minute"},"schema":{"@context":"https:\/\/schema.org","@graph":[{"@type":"WebPage","@id":"https:\/\/ombudsmandemontreal.com\/en\/cases-handled\/examples-of-charter-files\/communications-and-informations\/clear-and-sufficient-information-%e2%80%93-subsidy-program-2008","url":"https:\/\/ombudsmandemontreal.com\/en\/cases-handled\/examples-of-charter-files\/communications-and-informations\/clear-and-sufficient-information-%e2%80%93-subsidy-program-2008","name":"Clear and sufficient information \u2013 Subsidy program (2008) - OMBUDSMAN de Montr\u00e9al","isPartOf":{"@id":"https:\/\/ombudsmandemontreal.com\/#website"},"datePublished":"2011-11-28T20:28:54+00:00","breadcrumb":{"@id":"https:\/\/ombudsmandemontreal.com\/en\/cases-handled\/examples-of-charter-files\/communications-and-informations\/clear-and-sufficient-information-%e2%80%93-subsidy-program-2008#breadcrumb"},"inLanguage":"en-US","potentialAction":[{"@type":"ReadAction","target":["https:\/\/ombudsmandemontreal.com\/en\/cases-handled\/examples-of-charter-files\/communications-and-informations\/clear-and-sufficient-information-%e2%80%93-subsidy-program-2008"]}]},{"@type":"BreadcrumbList","@id":"https:\/\/ombudsmandemontreal.com\/en\/cases-handled\/examples-of-charter-files\/communications-and-informations\/clear-and-sufficient-information-%e2%80%93-subsidy-program-2008#breadcrumb","itemListElement":[{"@type":"ListItem","position":1,"name":"Home","item":"https:\/\/ombudsmandemontreal.com\/en\/"},{"@type":"ListItem","position":2,"name":"Cases handled","item":"https:\/\/ombudsmandemontreal.com\/en\/cases-handled"},{"@type":"ListItem","position":3,"name":"Examples of Charter files","item":"https:\/\/ombudsmandemontreal.com\/en\/cases-handled\/examples-of-charter-files"},{"@type":"ListItem","position":4,"name":"Communications and Informations","item":"https:\/\/ombudsmandemontreal.com\/en\/cases-handled\/examples-of-charter-files\/communications-and-informations"},{"@type":"ListItem","position":5,"name":"Clear and sufficient information \u2013 Subsidy program (2008)"}]},{"@type":"WebSite","@id":"https:\/\/ombudsmandemontreal.com\/#website","url":"https:\/\/ombudsmandemontreal.com\/","name":"OMBUDSMAN de Montr\u00e9al","description":"","potentialAction":[{"@type":"SearchAction","target":{"@type":"EntryPoint","urlTemplate":"https:\/\/ombudsmandemontreal.com\/?s={search_term_string}"},"query-input":{"@type":"PropertyValueSpecification","valueRequired":true,"valueName":"search_term_string"}}],"inLanguage":"en-US"}]}},"_links":{"self":[{"href":"https:\/\/ombudsmandemontreal.com\/en\/wp-json\/wp\/v2\/pages\/1131","targetHints":{"allow":["GET"]}}],"collection":[{"href":"https:\/\/ombudsmandemontreal.com\/en\/wp-json\/wp\/v2\/pages"}],"about":[{"href":"https:\/\/ombudsmandemontreal.com\/en\/wp-json\/wp\/v2\/types\/page"}],"author":[{"embeddable":true,"href":"https:\/\/ombudsmandemontreal.com\/en\/wp-json\/wp\/v2\/users\/18"}],"replies":[{"embeddable":true,"href":"https:\/\/ombudsmandemontreal.com\/en\/wp-json\/wp\/v2\/comments?post=1131"}],"version-history":[{"count":0,"href":"https:\/\/ombudsmandemontreal.com\/en\/wp-json\/wp\/v2\/pages\/1131\/revisions"}],"up":[{"embeddable":true,"href":"https:\/\/ombudsmandemontreal.com\/en\/wp-json\/wp\/v2\/pages\/345"}],"wp:attachment":[{"href":"https:\/\/ombudsmandemontreal.com\/en\/wp-json\/wp\/v2\/media?parent=1131"}],"curies":[{"name":"wp","href":"https:\/\/api.w.org\/{rel}","templated":true}]}}