{"id":1038,"date":"2011-11-24T21:55:36","date_gmt":"2011-11-25T02:55:36","guid":{"rendered":"https:\/\/ombudsmandemontreal.com\/?page_id=1038"},"modified":"2013-04-12T11:31:40","modified_gmt":"2013-04-12T15:31:40","slug":"municipal-parking-meters-less-than-5-meters-away-from-a-fire-hydrant-double-standard-justice-and-equity-2009","status":"publish","type":"page","link":"https:\/\/ombudsmandemontreal.com\/en\/cases-handled\/examples-of-cases-handled\/miscellaneous\/municipal-parking-meters-less-than-5-meters-away-from-a-fire-hydrant-double-standard-justice-and-equity-2009","title":{"rendered":"Municipal parking meters less than 5 meters away from a fire hydrant: Double standard \u2013 Justice and Equity (2009)"},"content":{"rendered":"<p>During the scope of an investigation, the <span class=\"caps-bold \">Ombudsman de Montr\u00e9al<\/span> noted that Ville de Montr\u00e9al was installing parking meters less than 5 meters away from a fire hydrant, whereas if there were no parking meters, parking is prohibited in such a zone and subject to a fine. Hence, the Ombudsman questioned the equity of the situation.<\/p>\n<p>Our investigation confirmed that drivers who park their vehicles less than 5 meters away from a fire hydrant will normally receive a fine although Ville de Montr\u00e9al often installs paying parking spaces covered by parking meters, as close as 2.5 meters on either side of fire hydrants.<\/p>\n<p>It seemed unfair that the City fines citizens who park 2.5 meters away from a fire hydrant, while they would allow them to park in this same spot, if this was a paying parking space.<\/p>\n<p>We checked with the Service de s\u00e9curit\u00e9 incendie de Montr\u00e9al<em> <\/em>(the \u201cSIM\u201d) if the 5 meters space was required, for the purpose of their operations, in case of a fire. After technical tests, the SIM informed our office that, in light of the new types of vehicles used in Montr\u00e9al, a minimal space of 1 meter on each side of a fire hydrant is sufficient to meet their operational needs.<\/p>\n<p>On the other hand, our investigation revealed that the 5 meters parking prohibition, each side of a fire hydrant, is provided for in a provincial law, the<em> Highway Safety Code<\/em> (R.S.Q., chapter C-24.2), of which Section 386(2) states that:<\/p>\n<p>\u201cExcept in cases of necessity or where another provision of this Code permits it, no person may stop a road vehicle:<br \/>\n\u2026<br \/>\n(2) less than 5 meters from a fire hydrant or a stop sign.\u201d<\/p>\n<p>According to section 295 (7) of the same Code, however:<\/p>\n<p>\u201cThe person responsible for the maintenance of a public highway may, by means of the proper signs or signals:<br \/>\n\u2026<br \/>\n(7) prohibit, restrict or otherwise regulate the stopping or parking of road vehicles.<\/p>\n<p>This last provision is the one under which Ville de Montr\u00e9al was allowed to install paid parking spaces less than 5 meters from a fire hydrant.<\/p>\n<p>The implementation of these shorter zones does not appear unreasonable, from a safety point of view, since it meets the operational needs of the SIM. It seemed difficult to justify from a justice and equity perspective, however, that the City continued to strictly apply the 5 meters rule in areas where there is no parking meter. In our opinion, Ville de Montr\u00e9al should apply the same standard in every case, whether a parking space is a paying one or not.<\/p>\n<p>Following our intervention, Ville de Montr\u00e9al committed to initiate discussions with the Qu\u00e9bec government in order to regularize this situation. It advocated for the following solution: it would ask the Qu\u00e9bec government to amend the <em>Highway Safety Code.\u00a0<\/em>Initially, our office found this approach acceptable. Four years later, however, we are still awaiting results. It would appear that due to other municipal priorities, this request was not yet submitted to the Qu\u00e9bec government.<\/p>\n<p>We have suggested other solutions to the City, but none were retained for reasons that were not unreasonable. Thus, the process is continuing and we are regularly following up on this file.<\/p>\n","protected":false},"excerpt":{"rendered":"<p>During the scope of an investigation, the Ombudsman de Montr\u00e9al noted that Ville de Montr\u00e9al was installing parking meters less than 5 meters away from a fire hydrant, whereas if there were no parking meters, parking is prohibited in such &hellip; <a href=\"https:\/\/ombudsmandemontreal.com\/en\/cases-handled\/examples-of-cases-handled\/miscellaneous\/municipal-parking-meters-less-than-5-meters-away-from-a-fire-hydrant-double-standard-justice-and-equity-2009\">Continue reading <span class=\"meta-nav\">&rarr;<\/span><\/a><\/p>\n","protected":false},"author":18,"featured_media":0,"parent":322,"menu_order":8,"comment_status":"closed","ping_status":"closed","template":"","meta":{"_acf_changed":false,"footnotes":""},"class_list":["post-1038","page","type-page","status-publish","hentry"],"acf":[],"yoast_head":"<!-- This site is optimized with the Yoast SEO plugin v26.8 - https:\/\/yoast.com\/product\/yoast-seo-wordpress\/ -->\n<title>Municipal parking meters less than 5 meters away from a fire hydrant: Double standard \u2013 Justice and Equity (2009) - OMBUDSMAN de Montr\u00e9al<\/title>\n<meta name=\"robots\" content=\"index, follow, max-snippet:-1, max-image-preview:large, max-video-preview:-1\" \/>\n<link rel=\"canonical\" href=\"https:\/\/ombudsmandemontreal.com\/en\/cases-handled\/examples-of-cases-handled\/miscellaneous\/municipal-parking-meters-less-than-5-meters-away-from-a-fire-hydrant-double-standard-justice-and-equity-2009\" \/>\n<meta property=\"og:locale\" content=\"en_US\" \/>\n<meta property=\"og:type\" content=\"article\" \/>\n<meta property=\"og:title\" content=\"Municipal parking meters less than 5 meters away from a fire hydrant: Double standard \u2013 Justice and Equity (2009) - OMBUDSMAN de Montr\u00e9al\" \/>\n<meta property=\"og:description\" content=\"During the scope of an investigation, the Ombudsman de Montr\u00e9al noted that Ville de Montr\u00e9al was installing parking meters less than 5 meters away from a fire hydrant, whereas if there were no parking meters, parking is prohibited in such &hellip; Continue reading &rarr;\" \/>\n<meta property=\"og:url\" content=\"https:\/\/ombudsmandemontreal.com\/en\/cases-handled\/examples-of-cases-handled\/miscellaneous\/municipal-parking-meters-less-than-5-meters-away-from-a-fire-hydrant-double-standard-justice-and-equity-2009\" \/>\n<meta property=\"og:site_name\" content=\"OMBUDSMAN de Montr\u00e9al\" \/>\n<meta property=\"article:modified_time\" content=\"2013-04-12T15:31:40+00:00\" \/>\n<meta name=\"twitter:card\" content=\"summary_large_image\" \/>\n<meta name=\"twitter:label1\" content=\"Est. reading time\" \/>\n\t<meta name=\"twitter:data1\" content=\"3 minutes\" \/>\n<script type=\"application\/ld+json\" class=\"yoast-schema-graph\">{\"@context\":\"https:\/\/schema.org\",\"@graph\":[{\"@type\":\"WebPage\",\"@id\":\"https:\/\/ombudsmandemontreal.com\/en\/cases-handled\/examples-of-cases-handled\/miscellaneous\/municipal-parking-meters-less-than-5-meters-away-from-a-fire-hydrant-double-standard-justice-and-equity-2009\",\"url\":\"https:\/\/ombudsmandemontreal.com\/en\/cases-handled\/examples-of-cases-handled\/miscellaneous\/municipal-parking-meters-less-than-5-meters-away-from-a-fire-hydrant-double-standard-justice-and-equity-2009\",\"name\":\"Municipal parking meters less than 5 meters away from a fire hydrant: Double standard \u2013 Justice and Equity (2009) - OMBUDSMAN de Montr\u00e9al\",\"isPartOf\":{\"@id\":\"https:\/\/ombudsmandemontreal.com\/#website\"},\"datePublished\":\"2011-11-25T02:55:36+00:00\",\"dateModified\":\"2013-04-12T15:31:40+00:00\",\"breadcrumb\":{\"@id\":\"https:\/\/ombudsmandemontreal.com\/en\/cases-handled\/examples-of-cases-handled\/miscellaneous\/municipal-parking-meters-less-than-5-meters-away-from-a-fire-hydrant-double-standard-justice-and-equity-2009#breadcrumb\"},\"inLanguage\":\"en-US\",\"potentialAction\":[{\"@type\":\"ReadAction\",\"target\":[\"https:\/\/ombudsmandemontreal.com\/en\/cases-handled\/examples-of-cases-handled\/miscellaneous\/municipal-parking-meters-less-than-5-meters-away-from-a-fire-hydrant-double-standard-justice-and-equity-2009\"]}]},{\"@type\":\"BreadcrumbList\",\"@id\":\"https:\/\/ombudsmandemontreal.com\/en\/cases-handled\/examples-of-cases-handled\/miscellaneous\/municipal-parking-meters-less-than-5-meters-away-from-a-fire-hydrant-double-standard-justice-and-equity-2009#breadcrumb\",\"itemListElement\":[{\"@type\":\"ListItem\",\"position\":1,\"name\":\"Home\",\"item\":\"https:\/\/ombudsmandemontreal.com\/en\/\"},{\"@type\":\"ListItem\",\"position\":2,\"name\":\"Cases handled\",\"item\":\"https:\/\/ombudsmandemontreal.com\/en\/cases-handled\"},{\"@type\":\"ListItem\",\"position\":3,\"name\":\"Examples of cases handled\",\"item\":\"https:\/\/ombudsmandemontreal.com\/en\/cases-handled\/examples-of-cases-handled\"},{\"@type\":\"ListItem\",\"position\":4,\"name\":\"Miscellaneous\",\"item\":\"https:\/\/ombudsmandemontreal.com\/en\/cases-handled\/examples-of-cases-handled\/miscellaneous\"},{\"@type\":\"ListItem\",\"position\":5,\"name\":\"Municipal parking meters less than 5 meters away from a fire hydrant: Double standard \u2013 Justice and Equity (2009)\"}]},{\"@type\":\"WebSite\",\"@id\":\"https:\/\/ombudsmandemontreal.com\/#website\",\"url\":\"https:\/\/ombudsmandemontreal.com\/\",\"name\":\"OMBUDSMAN de Montr\u00e9al\",\"description\":\"\",\"potentialAction\":[{\"@type\":\"SearchAction\",\"target\":{\"@type\":\"EntryPoint\",\"urlTemplate\":\"https:\/\/ombudsmandemontreal.com\/?s={search_term_string}\"},\"query-input\":{\"@type\":\"PropertyValueSpecification\",\"valueRequired\":true,\"valueName\":\"search_term_string\"}}],\"inLanguage\":\"en-US\"}]}<\/script>\n<!-- \/ Yoast SEO plugin. -->","yoast_head_json":{"title":"Municipal parking meters less than 5 meters away from a fire hydrant: Double standard \u2013 Justice and Equity (2009) - OMBUDSMAN de Montr\u00e9al","robots":{"index":"index","follow":"follow","max-snippet":"max-snippet:-1","max-image-preview":"max-image-preview:large","max-video-preview":"max-video-preview:-1"},"canonical":"https:\/\/ombudsmandemontreal.com\/en\/cases-handled\/examples-of-cases-handled\/miscellaneous\/municipal-parking-meters-less-than-5-meters-away-from-a-fire-hydrant-double-standard-justice-and-equity-2009","og_locale":"en_US","og_type":"article","og_title":"Municipal parking meters less than 5 meters away from a fire hydrant: Double standard \u2013 Justice and Equity (2009) - OMBUDSMAN de Montr\u00e9al","og_description":"During the scope of an investigation, the Ombudsman de Montr\u00e9al noted that Ville de Montr\u00e9al was installing parking meters less than 5 meters away from a fire hydrant, whereas if there were no parking meters, parking is prohibited in such &hellip; Continue reading &rarr;","og_url":"https:\/\/ombudsmandemontreal.com\/en\/cases-handled\/examples-of-cases-handled\/miscellaneous\/municipal-parking-meters-less-than-5-meters-away-from-a-fire-hydrant-double-standard-justice-and-equity-2009","og_site_name":"OMBUDSMAN de Montr\u00e9al","article_modified_time":"2013-04-12T15:31:40+00:00","twitter_card":"summary_large_image","twitter_misc":{"Est. reading time":"3 minutes"},"schema":{"@context":"https:\/\/schema.org","@graph":[{"@type":"WebPage","@id":"https:\/\/ombudsmandemontreal.com\/en\/cases-handled\/examples-of-cases-handled\/miscellaneous\/municipal-parking-meters-less-than-5-meters-away-from-a-fire-hydrant-double-standard-justice-and-equity-2009","url":"https:\/\/ombudsmandemontreal.com\/en\/cases-handled\/examples-of-cases-handled\/miscellaneous\/municipal-parking-meters-less-than-5-meters-away-from-a-fire-hydrant-double-standard-justice-and-equity-2009","name":"Municipal parking meters less than 5 meters away from a fire hydrant: Double standard \u2013 Justice and Equity (2009) - OMBUDSMAN de Montr\u00e9al","isPartOf":{"@id":"https:\/\/ombudsmandemontreal.com\/#website"},"datePublished":"2011-11-25T02:55:36+00:00","dateModified":"2013-04-12T15:31:40+00:00","breadcrumb":{"@id":"https:\/\/ombudsmandemontreal.com\/en\/cases-handled\/examples-of-cases-handled\/miscellaneous\/municipal-parking-meters-less-than-5-meters-away-from-a-fire-hydrant-double-standard-justice-and-equity-2009#breadcrumb"},"inLanguage":"en-US","potentialAction":[{"@type":"ReadAction","target":["https:\/\/ombudsmandemontreal.com\/en\/cases-handled\/examples-of-cases-handled\/miscellaneous\/municipal-parking-meters-less-than-5-meters-away-from-a-fire-hydrant-double-standard-justice-and-equity-2009"]}]},{"@type":"BreadcrumbList","@id":"https:\/\/ombudsmandemontreal.com\/en\/cases-handled\/examples-of-cases-handled\/miscellaneous\/municipal-parking-meters-less-than-5-meters-away-from-a-fire-hydrant-double-standard-justice-and-equity-2009#breadcrumb","itemListElement":[{"@type":"ListItem","position":1,"name":"Home","item":"https:\/\/ombudsmandemontreal.com\/en\/"},{"@type":"ListItem","position":2,"name":"Cases handled","item":"https:\/\/ombudsmandemontreal.com\/en\/cases-handled"},{"@type":"ListItem","position":3,"name":"Examples of cases handled","item":"https:\/\/ombudsmandemontreal.com\/en\/cases-handled\/examples-of-cases-handled"},{"@type":"ListItem","position":4,"name":"Miscellaneous","item":"https:\/\/ombudsmandemontreal.com\/en\/cases-handled\/examples-of-cases-handled\/miscellaneous"},{"@type":"ListItem","position":5,"name":"Municipal parking meters less than 5 meters away from a fire hydrant: Double standard \u2013 Justice and Equity (2009)"}]},{"@type":"WebSite","@id":"https:\/\/ombudsmandemontreal.com\/#website","url":"https:\/\/ombudsmandemontreal.com\/","name":"OMBUDSMAN de Montr\u00e9al","description":"","potentialAction":[{"@type":"SearchAction","target":{"@type":"EntryPoint","urlTemplate":"https:\/\/ombudsmandemontreal.com\/?s={search_term_string}"},"query-input":{"@type":"PropertyValueSpecification","valueRequired":true,"valueName":"search_term_string"}}],"inLanguage":"en-US"}]}},"_links":{"self":[{"href":"https:\/\/ombudsmandemontreal.com\/en\/wp-json\/wp\/v2\/pages\/1038","targetHints":{"allow":["GET"]}}],"collection":[{"href":"https:\/\/ombudsmandemontreal.com\/en\/wp-json\/wp\/v2\/pages"}],"about":[{"href":"https:\/\/ombudsmandemontreal.com\/en\/wp-json\/wp\/v2\/types\/page"}],"author":[{"embeddable":true,"href":"https:\/\/ombudsmandemontreal.com\/en\/wp-json\/wp\/v2\/users\/18"}],"replies":[{"embeddable":true,"href":"https:\/\/ombudsmandemontreal.com\/en\/wp-json\/wp\/v2\/comments?post=1038"}],"version-history":[{"count":0,"href":"https:\/\/ombudsmandemontreal.com\/en\/wp-json\/wp\/v2\/pages\/1038\/revisions"}],"up":[{"embeddable":true,"href":"https:\/\/ombudsmandemontreal.com\/en\/wp-json\/wp\/v2\/pages\/322"}],"wp:attachment":[{"href":"https:\/\/ombudsmandemontreal.com\/en\/wp-json\/wp\/v2\/media?parent=1038"}],"curies":[{"name":"wp","href":"https:\/\/api.w.org\/{rel}","templated":true}]}}