{"id":1030,"date":"2011-11-24T21:50:50","date_gmt":"2011-11-25T02:50:50","guid":{"rendered":"https:\/\/ombudsmandemontreal.com\/?page_id=1030"},"modified":"2011-11-24T21:50:50","modified_gmt":"2011-11-25T02:50:50","slug":"fire-reports-required-for-the-purpose-of-insurance-claims-2008","status":"publish","type":"page","link":"https:\/\/ombudsmandemontreal.com\/en\/cases-handled\/examples-of-cases-handled\/miscellaneous\/fire-reports-required-for-the-purpose-of-insurance-claims-2008","title":{"rendered":"Fire Reports required for the purpose of insurance claims (2008)"},"content":{"rendered":"<p>A person responsible for preparing claim files for victims of damages due to a fire complained to the <span class=\"caps-bold \">Ombudsman de Montr\u00e9al<\/span> because, in more than 100 cases (some of which from many years back), she was unable to obtain from the Service de s\u00e9curit\u00e9 incendie de Montr\u00e9al (the &#8220;SIM&#8221;) the <em>Rapports g\u00e9n\u00e9raux d&#8217;intervention<\/em> (\u201cRGI\u201d) containing the information required by insurance companies before they fully compensate the blaze victims. These reports are generally prepared by firemen, after their intervention at the fire scene.<\/p>\n<p>According to our investigation, many of these reports had simply not been prepared at the time of the disaster and in the absence of much of the information normally contained in these detailed reports, many insurance claims had remained incomplete. As a result, numerous citizens had not been fully compensated or not compensated at all by their insurer. We found this situation to be clearly unacceptable. <\/p>\n<p>The <span class=\"caps-bold \">Ombudsman de Montr\u00e9al<\/span>, therefore, intervened and looked for a solution. We identified which minimum information was required by insurers and we moved on to explore, with the SIM, how such information could be provided to them. Representatives of the SIM collaborated well and they accepted to prepare, in each concerned file, a new type of document, &#8220;Attestation d\u2019intervention des pompiers de Montr\u00e9al&#8221;, containing the said minimum information. These Attestations were forwarded to the person handling these claims:  with this new information, she completed the requests so that insurers could proceed with all the payments owed to the victims.<\/p>\n","protected":false},"excerpt":{"rendered":"<p>A person responsible for preparing claim files for victims of damages due to a fire complained to the Ombudsman de Montr\u00e9al because, in more than 100 cases (some of which from many years back), she was unable to obtain from &hellip; <a href=\"https:\/\/ombudsmandemontreal.com\/en\/cases-handled\/examples-of-cases-handled\/miscellaneous\/fire-reports-required-for-the-purpose-of-insurance-claims-2008\">Continue reading <span class=\"meta-nav\">&rarr;<\/span><\/a><\/p>\n","protected":false},"author":18,"featured_media":0,"parent":322,"menu_order":6,"comment_status":"closed","ping_status":"closed","template":"","meta":{"_acf_changed":false,"footnotes":""},"class_list":["post-1030","page","type-page","status-publish","hentry"],"acf":[],"yoast_head":"<!-- This site is optimized with the Yoast SEO plugin v27.4 - https:\/\/yoast.com\/product\/yoast-seo-wordpress\/ -->\n<title>Fire Reports required for the purpose of insurance claims (2008) - OMBUDSMAN de Montr\u00e9al<\/title>\n<meta name=\"robots\" content=\"index, follow, max-snippet:-1, max-image-preview:large, max-video-preview:-1\" \/>\n<link rel=\"canonical\" href=\"https:\/\/ombudsmandemontreal.com\/en\/cases-handled\/examples-of-cases-handled\/miscellaneous\/fire-reports-required-for-the-purpose-of-insurance-claims-2008\" \/>\n<meta property=\"og:locale\" content=\"en_US\" \/>\n<meta property=\"og:type\" content=\"article\" \/>\n<meta property=\"og:title\" content=\"Fire Reports required for the purpose of insurance claims (2008) - OMBUDSMAN de Montr\u00e9al\" \/>\n<meta property=\"og:description\" content=\"A person responsible for preparing claim files for victims of damages due to a fire complained to the Ombudsman de Montr\u00e9al because, in more than 100 cases (some of which from many years back), she was unable to obtain from &hellip; Continue reading &rarr;\" \/>\n<meta property=\"og:url\" content=\"https:\/\/ombudsmandemontreal.com\/en\/cases-handled\/examples-of-cases-handled\/miscellaneous\/fire-reports-required-for-the-purpose-of-insurance-claims-2008\" \/>\n<meta property=\"og:site_name\" content=\"OMBUDSMAN de Montr\u00e9al\" \/>\n<meta name=\"twitter:card\" content=\"summary_large_image\" \/>\n<meta name=\"twitter:label1\" content=\"Est. reading time\" \/>\n\t<meta name=\"twitter:data1\" content=\"1 minute\" \/>\n<script type=\"application\/ld+json\" class=\"yoast-schema-graph\">{\"@context\":\"https:\\\/\\\/schema.org\",\"@graph\":[{\"@type\":\"WebPage\",\"@id\":\"https:\\\/\\\/ombudsmandemontreal.com\\\/en\\\/cases-handled\\\/examples-of-cases-handled\\\/miscellaneous\\\/fire-reports-required-for-the-purpose-of-insurance-claims-2008\",\"url\":\"https:\\\/\\\/ombudsmandemontreal.com\\\/en\\\/cases-handled\\\/examples-of-cases-handled\\\/miscellaneous\\\/fire-reports-required-for-the-purpose-of-insurance-claims-2008\",\"name\":\"Fire Reports required for the purpose of insurance claims (2008) - OMBUDSMAN de Montr\u00e9al\",\"isPartOf\":{\"@id\":\"https:\\\/\\\/ombudsmandemontreal.com\\\/#website\"},\"datePublished\":\"2011-11-25T02:50:50+00:00\",\"breadcrumb\":{\"@id\":\"https:\\\/\\\/ombudsmandemontreal.com\\\/en\\\/cases-handled\\\/examples-of-cases-handled\\\/miscellaneous\\\/fire-reports-required-for-the-purpose-of-insurance-claims-2008#breadcrumb\"},\"inLanguage\":\"en-US\",\"potentialAction\":[{\"@type\":\"ReadAction\",\"target\":[\"https:\\\/\\\/ombudsmandemontreal.com\\\/en\\\/cases-handled\\\/examples-of-cases-handled\\\/miscellaneous\\\/fire-reports-required-for-the-purpose-of-insurance-claims-2008\"]}]},{\"@type\":\"BreadcrumbList\",\"@id\":\"https:\\\/\\\/ombudsmandemontreal.com\\\/en\\\/cases-handled\\\/examples-of-cases-handled\\\/miscellaneous\\\/fire-reports-required-for-the-purpose-of-insurance-claims-2008#breadcrumb\",\"itemListElement\":[{\"@type\":\"ListItem\",\"position\":1,\"name\":\"Home\",\"item\":\"https:\\\/\\\/ombudsmandemontreal.com\\\/en\\\/\"},{\"@type\":\"ListItem\",\"position\":2,\"name\":\"Cases handled\",\"item\":\"https:\\\/\\\/ombudsmandemontreal.com\\\/en\\\/cases-handled\"},{\"@type\":\"ListItem\",\"position\":3,\"name\":\"Examples of cases handled\",\"item\":\"https:\\\/\\\/ombudsmandemontreal.com\\\/en\\\/cases-handled\\\/examples-of-cases-handled\"},{\"@type\":\"ListItem\",\"position\":4,\"name\":\"Miscellaneous\",\"item\":\"https:\\\/\\\/ombudsmandemontreal.com\\\/en\\\/cases-handled\\\/examples-of-cases-handled\\\/miscellaneous\"},{\"@type\":\"ListItem\",\"position\":5,\"name\":\"Fire Reports required for the purpose of insurance claims (2008)\"}]},{\"@type\":\"WebSite\",\"@id\":\"https:\\\/\\\/ombudsmandemontreal.com\\\/#website\",\"url\":\"https:\\\/\\\/ombudsmandemontreal.com\\\/\",\"name\":\"OMBUDSMAN de Montr\u00e9al\",\"description\":\"\",\"potentialAction\":[{\"@type\":\"SearchAction\",\"target\":{\"@type\":\"EntryPoint\",\"urlTemplate\":\"https:\\\/\\\/ombudsmandemontreal.com\\\/?s={search_term_string}\"},\"query-input\":{\"@type\":\"PropertyValueSpecification\",\"valueRequired\":true,\"valueName\":\"search_term_string\"}}],\"inLanguage\":\"en-US\"}]}<\/script>\n<!-- \/ Yoast SEO plugin. -->","yoast_head_json":{"title":"Fire Reports required for the purpose of insurance claims (2008) - OMBUDSMAN de Montr\u00e9al","robots":{"index":"index","follow":"follow","max-snippet":"max-snippet:-1","max-image-preview":"max-image-preview:large","max-video-preview":"max-video-preview:-1"},"canonical":"https:\/\/ombudsmandemontreal.com\/en\/cases-handled\/examples-of-cases-handled\/miscellaneous\/fire-reports-required-for-the-purpose-of-insurance-claims-2008","og_locale":"en_US","og_type":"article","og_title":"Fire Reports required for the purpose of insurance claims (2008) - OMBUDSMAN de Montr\u00e9al","og_description":"A person responsible for preparing claim files for victims of damages due to a fire complained to the Ombudsman de Montr\u00e9al because, in more than 100 cases (some of which from many years back), she was unable to obtain from &hellip; Continue reading &rarr;","og_url":"https:\/\/ombudsmandemontreal.com\/en\/cases-handled\/examples-of-cases-handled\/miscellaneous\/fire-reports-required-for-the-purpose-of-insurance-claims-2008","og_site_name":"OMBUDSMAN de Montr\u00e9al","twitter_card":"summary_large_image","twitter_misc":{"Est. reading time":"1 minute"},"schema":{"@context":"https:\/\/schema.org","@graph":[{"@type":"WebPage","@id":"https:\/\/ombudsmandemontreal.com\/en\/cases-handled\/examples-of-cases-handled\/miscellaneous\/fire-reports-required-for-the-purpose-of-insurance-claims-2008","url":"https:\/\/ombudsmandemontreal.com\/en\/cases-handled\/examples-of-cases-handled\/miscellaneous\/fire-reports-required-for-the-purpose-of-insurance-claims-2008","name":"Fire Reports required for the purpose of insurance claims (2008) - OMBUDSMAN de Montr\u00e9al","isPartOf":{"@id":"https:\/\/ombudsmandemontreal.com\/#website"},"datePublished":"2011-11-25T02:50:50+00:00","breadcrumb":{"@id":"https:\/\/ombudsmandemontreal.com\/en\/cases-handled\/examples-of-cases-handled\/miscellaneous\/fire-reports-required-for-the-purpose-of-insurance-claims-2008#breadcrumb"},"inLanguage":"en-US","potentialAction":[{"@type":"ReadAction","target":["https:\/\/ombudsmandemontreal.com\/en\/cases-handled\/examples-of-cases-handled\/miscellaneous\/fire-reports-required-for-the-purpose-of-insurance-claims-2008"]}]},{"@type":"BreadcrumbList","@id":"https:\/\/ombudsmandemontreal.com\/en\/cases-handled\/examples-of-cases-handled\/miscellaneous\/fire-reports-required-for-the-purpose-of-insurance-claims-2008#breadcrumb","itemListElement":[{"@type":"ListItem","position":1,"name":"Home","item":"https:\/\/ombudsmandemontreal.com\/en\/"},{"@type":"ListItem","position":2,"name":"Cases handled","item":"https:\/\/ombudsmandemontreal.com\/en\/cases-handled"},{"@type":"ListItem","position":3,"name":"Examples of cases handled","item":"https:\/\/ombudsmandemontreal.com\/en\/cases-handled\/examples-of-cases-handled"},{"@type":"ListItem","position":4,"name":"Miscellaneous","item":"https:\/\/ombudsmandemontreal.com\/en\/cases-handled\/examples-of-cases-handled\/miscellaneous"},{"@type":"ListItem","position":5,"name":"Fire Reports required for the purpose of insurance claims (2008)"}]},{"@type":"WebSite","@id":"https:\/\/ombudsmandemontreal.com\/#website","url":"https:\/\/ombudsmandemontreal.com\/","name":"OMBUDSMAN de Montr\u00e9al","description":"","potentialAction":[{"@type":"SearchAction","target":{"@type":"EntryPoint","urlTemplate":"https:\/\/ombudsmandemontreal.com\/?s={search_term_string}"},"query-input":{"@type":"PropertyValueSpecification","valueRequired":true,"valueName":"search_term_string"}}],"inLanguage":"en-US"}]}},"_links":{"self":[{"href":"https:\/\/ombudsmandemontreal.com\/en\/wp-json\/wp\/v2\/pages\/1030","targetHints":{"allow":["GET"]}}],"collection":[{"href":"https:\/\/ombudsmandemontreal.com\/en\/wp-json\/wp\/v2\/pages"}],"about":[{"href":"https:\/\/ombudsmandemontreal.com\/en\/wp-json\/wp\/v2\/types\/page"}],"author":[{"embeddable":true,"href":"https:\/\/ombudsmandemontreal.com\/en\/wp-json\/wp\/v2\/users\/18"}],"replies":[{"embeddable":true,"href":"https:\/\/ombudsmandemontreal.com\/en\/wp-json\/wp\/v2\/comments?post=1030"}],"version-history":[{"count":0,"href":"https:\/\/ombudsmandemontreal.com\/en\/wp-json\/wp\/v2\/pages\/1030\/revisions"}],"up":[{"embeddable":true,"href":"https:\/\/ombudsmandemontreal.com\/en\/wp-json\/wp\/v2\/pages\/322"}],"wp:attachment":[{"href":"https:\/\/ombudsmandemontreal.com\/en\/wp-json\/wp\/v2\/media?parent=1030"}],"curies":[{"name":"wp","href":"https:\/\/api.w.org\/{rel}","templated":true}]}}