{"id":1018,"date":"2011-11-24T21:45:03","date_gmt":"2011-11-25T02:45:03","guid":{"rendered":"https:\/\/ombudsmandemontreal.com\/?page_id=1018"},"modified":"2011-11-24T21:45:03","modified_gmt":"2011-11-25T02:45:03","slug":"reserved-parking-person-with-disabilities-2005","status":"publish","type":"page","link":"https:\/\/ombudsmandemontreal.com\/en\/cases-handled\/examples-of-cases-handled\/miscellaneous\/reserved-parking-person-with-disabilities-2005","title":{"rendered":"Reserved parking &#8211; Person with disabilities (2005)"},"content":{"rendered":"<p>A citizen complained to the <span class=\"caps-bold \">Ombudsman de Montr\u00e9al<\/span> in order for the city to grant, in front of his residence, a reserved parking for persons with disabilities, between 8:00 a.m. and 5:00 p.m. This request aimed at allowing the paratransit service vehicles he uses to park in front of his residence. According to this citizen, such a parking space would allow him to access the paratransit vehicle more easily.<\/p>\n<p>The borough had always refused to give effect to the citizen\u2019s request, which was submitted repeatedly.<\/p>\n<p>In this borough, the allocation of parking or landing spaces reserved for persons with disabilities is regulated by a policy, aimed to assure people with disabilities, a safe and easy access to their transport vehicle, whether it is a personal vehicle or a paratransit vehicle. According to this policy, the city reserves a parking zone, in front of the residence of a person with disabilities, only if there is no other access available nearby, allowing this person to have a safe and easy access to the vehicle.<\/p>\n<p>We arranged a meeting with the citizen, borough officials, as well as a representative of Soci\u00e9t\u00e9 de transport de Montr\u00e9al (STM).<\/p>\n<p>The STM representative showed up to the meeting with a paratransit vehicle identical to the ones used by the citizen, a fortunate initiative which helped a great deal in the understanding of the situation.<\/p>\n<p>The STM representative proceeded to the demonstration of the method followed by the STM drivers. It quickly appeared that this procedure, according to which the driver immobilizes its vehicle in the street, in a 45 degree angle, was the safest. The vehicle is blocking the traffic and, at the time of transport of the wheelchair, the driver and citizen are protected by the paratransit vehicle.<\/p>\n<p>If the vehicle parked in a reserved space, in front of the residence as the citizen requested, the safety risks for him and the driver would be greatly increased. To access the ramp, the wheelchair would be in the street, while other vehicles are circulating.<\/p>\n<p>The <span class=\"caps-bold \">Ombudsman de Montr\u00e9al<\/span> therefore concluded that all of the entities had acted in the best interest of the citizen and that there was no reason to request a reserved parking space, in front of his residence.<\/p>\n","protected":false},"excerpt":{"rendered":"<p>A citizen complained to the Ombudsman de Montr\u00e9al in order for the city to grant, in front of his residence, a reserved parking for persons with disabilities, between 8:00 a.m. and 5:00 p.m. This request aimed at allowing the paratransit &hellip; <a href=\"https:\/\/ombudsmandemontreal.com\/en\/cases-handled\/examples-of-cases-handled\/miscellaneous\/reserved-parking-person-with-disabilities-2005\">Continue reading <span class=\"meta-nav\">&rarr;<\/span><\/a><\/p>\n","protected":false},"author":18,"featured_media":0,"parent":322,"menu_order":0,"comment_status":"closed","ping_status":"closed","template":"","meta":{"_acf_changed":false,"footnotes":""},"class_list":["post-1018","page","type-page","status-publish","hentry"],"acf":[],"yoast_head":"<!-- This site is optimized with the Yoast SEO plugin v26.8 - https:\/\/yoast.com\/product\/yoast-seo-wordpress\/ -->\n<title>Reserved parking - Person with disabilities (2005) - OMBUDSMAN de Montr\u00e9al<\/title>\n<meta name=\"robots\" content=\"index, follow, max-snippet:-1, max-image-preview:large, max-video-preview:-1\" \/>\n<link rel=\"canonical\" href=\"https:\/\/ombudsmandemontreal.com\/en\/cases-handled\/examples-of-cases-handled\/miscellaneous\/reserved-parking-person-with-disabilities-2005\" \/>\n<meta property=\"og:locale\" content=\"en_US\" \/>\n<meta property=\"og:type\" content=\"article\" \/>\n<meta property=\"og:title\" content=\"Reserved parking - Person with disabilities (2005) - OMBUDSMAN de Montr\u00e9al\" \/>\n<meta property=\"og:description\" content=\"A citizen complained to the Ombudsman de Montr\u00e9al in order for the city to grant, in front of his residence, a reserved parking for persons with disabilities, between 8:00 a.m. and 5:00 p.m. This request aimed at allowing the paratransit &hellip; Continue reading &rarr;\" \/>\n<meta property=\"og:url\" content=\"https:\/\/ombudsmandemontreal.com\/en\/cases-handled\/examples-of-cases-handled\/miscellaneous\/reserved-parking-person-with-disabilities-2005\" \/>\n<meta property=\"og:site_name\" content=\"OMBUDSMAN de Montr\u00e9al\" \/>\n<meta name=\"twitter:card\" content=\"summary_large_image\" \/>\n<meta name=\"twitter:label1\" content=\"Est. reading time\" \/>\n\t<meta name=\"twitter:data1\" content=\"2 minutes\" \/>\n<script type=\"application\/ld+json\" class=\"yoast-schema-graph\">{\"@context\":\"https:\/\/schema.org\",\"@graph\":[{\"@type\":\"WebPage\",\"@id\":\"https:\/\/ombudsmandemontreal.com\/en\/cases-handled\/examples-of-cases-handled\/miscellaneous\/reserved-parking-person-with-disabilities-2005\",\"url\":\"https:\/\/ombudsmandemontreal.com\/en\/cases-handled\/examples-of-cases-handled\/miscellaneous\/reserved-parking-person-with-disabilities-2005\",\"name\":\"Reserved parking - Person with disabilities (2005) - OMBUDSMAN de Montr\u00e9al\",\"isPartOf\":{\"@id\":\"https:\/\/ombudsmandemontreal.com\/#website\"},\"datePublished\":\"2011-11-25T02:45:03+00:00\",\"breadcrumb\":{\"@id\":\"https:\/\/ombudsmandemontreal.com\/en\/cases-handled\/examples-of-cases-handled\/miscellaneous\/reserved-parking-person-with-disabilities-2005#breadcrumb\"},\"inLanguage\":\"en-US\",\"potentialAction\":[{\"@type\":\"ReadAction\",\"target\":[\"https:\/\/ombudsmandemontreal.com\/en\/cases-handled\/examples-of-cases-handled\/miscellaneous\/reserved-parking-person-with-disabilities-2005\"]}]},{\"@type\":\"BreadcrumbList\",\"@id\":\"https:\/\/ombudsmandemontreal.com\/en\/cases-handled\/examples-of-cases-handled\/miscellaneous\/reserved-parking-person-with-disabilities-2005#breadcrumb\",\"itemListElement\":[{\"@type\":\"ListItem\",\"position\":1,\"name\":\"Home\",\"item\":\"https:\/\/ombudsmandemontreal.com\/en\/\"},{\"@type\":\"ListItem\",\"position\":2,\"name\":\"Cases handled\",\"item\":\"https:\/\/ombudsmandemontreal.com\/en\/cases-handled\"},{\"@type\":\"ListItem\",\"position\":3,\"name\":\"Examples of cases handled\",\"item\":\"https:\/\/ombudsmandemontreal.com\/en\/cases-handled\/examples-of-cases-handled\"},{\"@type\":\"ListItem\",\"position\":4,\"name\":\"Miscellaneous\",\"item\":\"https:\/\/ombudsmandemontreal.com\/en\/cases-handled\/examples-of-cases-handled\/miscellaneous\"},{\"@type\":\"ListItem\",\"position\":5,\"name\":\"Reserved parking &#8211; Person with disabilities (2005)\"}]},{\"@type\":\"WebSite\",\"@id\":\"https:\/\/ombudsmandemontreal.com\/#website\",\"url\":\"https:\/\/ombudsmandemontreal.com\/\",\"name\":\"OMBUDSMAN de Montr\u00e9al\",\"description\":\"\",\"potentialAction\":[{\"@type\":\"SearchAction\",\"target\":{\"@type\":\"EntryPoint\",\"urlTemplate\":\"https:\/\/ombudsmandemontreal.com\/?s={search_term_string}\"},\"query-input\":{\"@type\":\"PropertyValueSpecification\",\"valueRequired\":true,\"valueName\":\"search_term_string\"}}],\"inLanguage\":\"en-US\"}]}<\/script>\n<!-- \/ Yoast SEO plugin. -->","yoast_head_json":{"title":"Reserved parking - Person with disabilities (2005) - OMBUDSMAN de Montr\u00e9al","robots":{"index":"index","follow":"follow","max-snippet":"max-snippet:-1","max-image-preview":"max-image-preview:large","max-video-preview":"max-video-preview:-1"},"canonical":"https:\/\/ombudsmandemontreal.com\/en\/cases-handled\/examples-of-cases-handled\/miscellaneous\/reserved-parking-person-with-disabilities-2005","og_locale":"en_US","og_type":"article","og_title":"Reserved parking - Person with disabilities (2005) - OMBUDSMAN de Montr\u00e9al","og_description":"A citizen complained to the Ombudsman de Montr\u00e9al in order for the city to grant, in front of his residence, a reserved parking for persons with disabilities, between 8:00 a.m. and 5:00 p.m. This request aimed at allowing the paratransit &hellip; Continue reading &rarr;","og_url":"https:\/\/ombudsmandemontreal.com\/en\/cases-handled\/examples-of-cases-handled\/miscellaneous\/reserved-parking-person-with-disabilities-2005","og_site_name":"OMBUDSMAN de Montr\u00e9al","twitter_card":"summary_large_image","twitter_misc":{"Est. reading time":"2 minutes"},"schema":{"@context":"https:\/\/schema.org","@graph":[{"@type":"WebPage","@id":"https:\/\/ombudsmandemontreal.com\/en\/cases-handled\/examples-of-cases-handled\/miscellaneous\/reserved-parking-person-with-disabilities-2005","url":"https:\/\/ombudsmandemontreal.com\/en\/cases-handled\/examples-of-cases-handled\/miscellaneous\/reserved-parking-person-with-disabilities-2005","name":"Reserved parking - Person with disabilities (2005) - OMBUDSMAN de Montr\u00e9al","isPartOf":{"@id":"https:\/\/ombudsmandemontreal.com\/#website"},"datePublished":"2011-11-25T02:45:03+00:00","breadcrumb":{"@id":"https:\/\/ombudsmandemontreal.com\/en\/cases-handled\/examples-of-cases-handled\/miscellaneous\/reserved-parking-person-with-disabilities-2005#breadcrumb"},"inLanguage":"en-US","potentialAction":[{"@type":"ReadAction","target":["https:\/\/ombudsmandemontreal.com\/en\/cases-handled\/examples-of-cases-handled\/miscellaneous\/reserved-parking-person-with-disabilities-2005"]}]},{"@type":"BreadcrumbList","@id":"https:\/\/ombudsmandemontreal.com\/en\/cases-handled\/examples-of-cases-handled\/miscellaneous\/reserved-parking-person-with-disabilities-2005#breadcrumb","itemListElement":[{"@type":"ListItem","position":1,"name":"Home","item":"https:\/\/ombudsmandemontreal.com\/en\/"},{"@type":"ListItem","position":2,"name":"Cases handled","item":"https:\/\/ombudsmandemontreal.com\/en\/cases-handled"},{"@type":"ListItem","position":3,"name":"Examples of cases handled","item":"https:\/\/ombudsmandemontreal.com\/en\/cases-handled\/examples-of-cases-handled"},{"@type":"ListItem","position":4,"name":"Miscellaneous","item":"https:\/\/ombudsmandemontreal.com\/en\/cases-handled\/examples-of-cases-handled\/miscellaneous"},{"@type":"ListItem","position":5,"name":"Reserved parking &#8211; Person with disabilities (2005)"}]},{"@type":"WebSite","@id":"https:\/\/ombudsmandemontreal.com\/#website","url":"https:\/\/ombudsmandemontreal.com\/","name":"OMBUDSMAN de Montr\u00e9al","description":"","potentialAction":[{"@type":"SearchAction","target":{"@type":"EntryPoint","urlTemplate":"https:\/\/ombudsmandemontreal.com\/?s={search_term_string}"},"query-input":{"@type":"PropertyValueSpecification","valueRequired":true,"valueName":"search_term_string"}}],"inLanguage":"en-US"}]}},"_links":{"self":[{"href":"https:\/\/ombudsmandemontreal.com\/en\/wp-json\/wp\/v2\/pages\/1018","targetHints":{"allow":["GET"]}}],"collection":[{"href":"https:\/\/ombudsmandemontreal.com\/en\/wp-json\/wp\/v2\/pages"}],"about":[{"href":"https:\/\/ombudsmandemontreal.com\/en\/wp-json\/wp\/v2\/types\/page"}],"author":[{"embeddable":true,"href":"https:\/\/ombudsmandemontreal.com\/en\/wp-json\/wp\/v2\/users\/18"}],"replies":[{"embeddable":true,"href":"https:\/\/ombudsmandemontreal.com\/en\/wp-json\/wp\/v2\/comments?post=1018"}],"version-history":[{"count":0,"href":"https:\/\/ombudsmandemontreal.com\/en\/wp-json\/wp\/v2\/pages\/1018\/revisions"}],"up":[{"embeddable":true,"href":"https:\/\/ombudsmandemontreal.com\/en\/wp-json\/wp\/v2\/pages\/322"}],"wp:attachment":[{"href":"https:\/\/ombudsmandemontreal.com\/en\/wp-json\/wp\/v2\/media?parent=1018"}],"curies":[{"name":"wp","href":"https:\/\/api.w.org\/{rel}","templated":true}]}}