{"id":1011,"date":"2011-11-24T21:37:52","date_gmt":"2011-11-25T02:37:52","guid":{"rendered":"https:\/\/ombudsmandemontreal.com\/?page_id=1011"},"modified":"2011-11-24T21:37:52","modified_gmt":"2011-11-25T02:37:52","slug":"construction-site-%e2%80%93-limiting-irritants-2006","status":"publish","type":"page","link":"https:\/\/ombudsmandemontreal.com\/en\/cases-handled\/examples-of-cases-handled\/nuisances\/construction-site-%e2%80%93-limiting-irritants-2006","title":{"rendered":"Construction site \u2013 Limiting irritants (2006)"},"content":{"rendered":"<p>A citizen complained to the <span class=\"caps-bold \">Ombudsman de Montr\u00e9al<\/span> about irritants caused by the construction site of a social housing project, in front of his residence. The citizen was mainly complaining about:<\/p>\n<ul class=\"bullets\">\n<li>The dirtiness of the streets, due to dust generated by the site;<\/li>\n<li>The fact that, early in the morning, before construction started, workers made a lot of noise and disrupted the peace of nearby residents; as well as<\/li>\n<li>The noise, vibrations and pollution caused by the truckers who kept their motor running for long periods of time.<\/li>\n<\/ul>\n<p>Even if the presence of any construction site necessarily entails temporary irritants for the neighboring environment, we contacted representatives of Arrondissement de Rosemont\u2013La Petite-Patrie to explore what measures could be taken to limit, as much as possible, the inconveniences resulting from this site. As a result, the borough committed to the following:<\/p>\n<ul class=\"bullets\">\n<li>In regards to the dirtiness around the site, the borough undertook to clean regularly the surrounding streets, in priority, with the watering truck and the mechanical broom passed in tandem. Signs prohibiting parking were also installed to ensure the street would be cleared for these cleaning periods;<\/li>\n<li>In regards to the recurring problem of noise before the start of the work shifts, the borough made different interventions including the installation of new signs around the site, to remind the workers that they must keep quiet before 7:00 am;<\/li>\n<li>Finally, a new <em>R\u00e8glement sur la nuisance caus\u00e9e par un v\u00e9hicule moteur<\/em> came into effect in this borough, allowing citizens to request the intervention of police whenever a driver lets his motor run while parked.<\/li>\n<\/ul>\n","protected":false},"excerpt":{"rendered":"<p>A citizen complained to the Ombudsman de Montr\u00e9al about irritants caused by the construction site of a social housing project, in front of his residence. The citizen was mainly complaining about: The dirtiness of the streets, due to dust generated &hellip; <a href=\"https:\/\/ombudsmandemontreal.com\/en\/cases-handled\/examples-of-cases-handled\/nuisances\/construction-site-%e2%80%93-limiting-irritants-2006\">Continue reading <span class=\"meta-nav\">&rarr;<\/span><\/a><\/p>\n","protected":false},"author":18,"featured_media":0,"parent":335,"menu_order":0,"comment_status":"closed","ping_status":"closed","template":"","meta":{"_acf_changed":false,"footnotes":""},"class_list":["post-1011","page","type-page","status-publish","hentry"],"acf":[],"yoast_head":"<!-- This site is optimized with the Yoast SEO plugin v26.8 - https:\/\/yoast.com\/product\/yoast-seo-wordpress\/ -->\n<title>Construction site \u2013 Limiting irritants (2006) - OMBUDSMAN de Montr\u00e9al<\/title>\n<meta name=\"robots\" content=\"index, follow, max-snippet:-1, max-image-preview:large, max-video-preview:-1\" \/>\n<link rel=\"canonical\" href=\"https:\/\/ombudsmandemontreal.com\/en\/cases-handled\/examples-of-cases-handled\/nuisances\/construction-site-\u2013-limiting-irritants-2006\" \/>\n<meta property=\"og:locale\" content=\"en_US\" \/>\n<meta property=\"og:type\" content=\"article\" \/>\n<meta property=\"og:title\" content=\"Construction site \u2013 Limiting irritants (2006) - OMBUDSMAN de Montr\u00e9al\" \/>\n<meta property=\"og:description\" content=\"A citizen complained to the Ombudsman de Montr\u00e9al about irritants caused by the construction site of a social housing project, in front of his residence. The citizen was mainly complaining about: The dirtiness of the streets, due to dust generated &hellip; Continue reading &rarr;\" \/>\n<meta property=\"og:url\" content=\"https:\/\/ombudsmandemontreal.com\/en\/cases-handled\/examples-of-cases-handled\/nuisances\/construction-site-\u2013-limiting-irritants-2006\" \/>\n<meta property=\"og:site_name\" content=\"OMBUDSMAN de Montr\u00e9al\" \/>\n<meta name=\"twitter:card\" content=\"summary_large_image\" \/>\n<meta name=\"twitter:label1\" content=\"Est. reading time\" \/>\n\t<meta name=\"twitter:data1\" content=\"1 minute\" \/>\n<script type=\"application\/ld+json\" class=\"yoast-schema-graph\">{\"@context\":\"https:\/\/schema.org\",\"@graph\":[{\"@type\":\"WebPage\",\"@id\":\"https:\/\/ombudsmandemontreal.com\/en\/cases-handled\/examples-of-cases-handled\/nuisances\/construction-site-%e2%80%93-limiting-irritants-2006\",\"url\":\"https:\/\/ombudsmandemontreal.com\/en\/cases-handled\/examples-of-cases-handled\/nuisances\/construction-site-%e2%80%93-limiting-irritants-2006\",\"name\":\"Construction site \u2013 Limiting irritants (2006) - OMBUDSMAN de Montr\u00e9al\",\"isPartOf\":{\"@id\":\"https:\/\/ombudsmandemontreal.com\/#website\"},\"datePublished\":\"2011-11-25T02:37:52+00:00\",\"breadcrumb\":{\"@id\":\"https:\/\/ombudsmandemontreal.com\/en\/cases-handled\/examples-of-cases-handled\/nuisances\/construction-site-%e2%80%93-limiting-irritants-2006#breadcrumb\"},\"inLanguage\":\"en-US\",\"potentialAction\":[{\"@type\":\"ReadAction\",\"target\":[\"https:\/\/ombudsmandemontreal.com\/en\/cases-handled\/examples-of-cases-handled\/nuisances\/construction-site-%e2%80%93-limiting-irritants-2006\"]}]},{\"@type\":\"BreadcrumbList\",\"@id\":\"https:\/\/ombudsmandemontreal.com\/en\/cases-handled\/examples-of-cases-handled\/nuisances\/construction-site-%e2%80%93-limiting-irritants-2006#breadcrumb\",\"itemListElement\":[{\"@type\":\"ListItem\",\"position\":1,\"name\":\"Home\",\"item\":\"https:\/\/ombudsmandemontreal.com\/en\/\"},{\"@type\":\"ListItem\",\"position\":2,\"name\":\"Cases handled\",\"item\":\"https:\/\/ombudsmandemontreal.com\/en\/cases-handled\"},{\"@type\":\"ListItem\",\"position\":3,\"name\":\"Examples of cases handled\",\"item\":\"https:\/\/ombudsmandemontreal.com\/en\/cases-handled\/examples-of-cases-handled\"},{\"@type\":\"ListItem\",\"position\":4,\"name\":\"Nuisances\",\"item\":\"https:\/\/ombudsmandemontreal.com\/en\/cases-handled\/examples-of-cases-handled\/nuisances\"},{\"@type\":\"ListItem\",\"position\":5,\"name\":\"Construction site \u2013 Limiting irritants (2006)\"}]},{\"@type\":\"WebSite\",\"@id\":\"https:\/\/ombudsmandemontreal.com\/#website\",\"url\":\"https:\/\/ombudsmandemontreal.com\/\",\"name\":\"OMBUDSMAN de Montr\u00e9al\",\"description\":\"\",\"potentialAction\":[{\"@type\":\"SearchAction\",\"target\":{\"@type\":\"EntryPoint\",\"urlTemplate\":\"https:\/\/ombudsmandemontreal.com\/?s={search_term_string}\"},\"query-input\":{\"@type\":\"PropertyValueSpecification\",\"valueRequired\":true,\"valueName\":\"search_term_string\"}}],\"inLanguage\":\"en-US\"}]}<\/script>\n<!-- \/ Yoast SEO plugin. -->","yoast_head_json":{"title":"Construction site \u2013 Limiting irritants (2006) - OMBUDSMAN de Montr\u00e9al","robots":{"index":"index","follow":"follow","max-snippet":"max-snippet:-1","max-image-preview":"max-image-preview:large","max-video-preview":"max-video-preview:-1"},"canonical":"https:\/\/ombudsmandemontreal.com\/en\/cases-handled\/examples-of-cases-handled\/nuisances\/construction-site-\u2013-limiting-irritants-2006","og_locale":"en_US","og_type":"article","og_title":"Construction site \u2013 Limiting irritants (2006) - OMBUDSMAN de Montr\u00e9al","og_description":"A citizen complained to the Ombudsman de Montr\u00e9al about irritants caused by the construction site of a social housing project, in front of his residence. The citizen was mainly complaining about: The dirtiness of the streets, due to dust generated &hellip; Continue reading &rarr;","og_url":"https:\/\/ombudsmandemontreal.com\/en\/cases-handled\/examples-of-cases-handled\/nuisances\/construction-site-\u2013-limiting-irritants-2006","og_site_name":"OMBUDSMAN de Montr\u00e9al","twitter_card":"summary_large_image","twitter_misc":{"Est. reading time":"1 minute"},"schema":{"@context":"https:\/\/schema.org","@graph":[{"@type":"WebPage","@id":"https:\/\/ombudsmandemontreal.com\/en\/cases-handled\/examples-of-cases-handled\/nuisances\/construction-site-%e2%80%93-limiting-irritants-2006","url":"https:\/\/ombudsmandemontreal.com\/en\/cases-handled\/examples-of-cases-handled\/nuisances\/construction-site-%e2%80%93-limiting-irritants-2006","name":"Construction site \u2013 Limiting irritants (2006) - OMBUDSMAN de Montr\u00e9al","isPartOf":{"@id":"https:\/\/ombudsmandemontreal.com\/#website"},"datePublished":"2011-11-25T02:37:52+00:00","breadcrumb":{"@id":"https:\/\/ombudsmandemontreal.com\/en\/cases-handled\/examples-of-cases-handled\/nuisances\/construction-site-%e2%80%93-limiting-irritants-2006#breadcrumb"},"inLanguage":"en-US","potentialAction":[{"@type":"ReadAction","target":["https:\/\/ombudsmandemontreal.com\/en\/cases-handled\/examples-of-cases-handled\/nuisances\/construction-site-%e2%80%93-limiting-irritants-2006"]}]},{"@type":"BreadcrumbList","@id":"https:\/\/ombudsmandemontreal.com\/en\/cases-handled\/examples-of-cases-handled\/nuisances\/construction-site-%e2%80%93-limiting-irritants-2006#breadcrumb","itemListElement":[{"@type":"ListItem","position":1,"name":"Home","item":"https:\/\/ombudsmandemontreal.com\/en\/"},{"@type":"ListItem","position":2,"name":"Cases handled","item":"https:\/\/ombudsmandemontreal.com\/en\/cases-handled"},{"@type":"ListItem","position":3,"name":"Examples of cases handled","item":"https:\/\/ombudsmandemontreal.com\/en\/cases-handled\/examples-of-cases-handled"},{"@type":"ListItem","position":4,"name":"Nuisances","item":"https:\/\/ombudsmandemontreal.com\/en\/cases-handled\/examples-of-cases-handled\/nuisances"},{"@type":"ListItem","position":5,"name":"Construction site \u2013 Limiting irritants (2006)"}]},{"@type":"WebSite","@id":"https:\/\/ombudsmandemontreal.com\/#website","url":"https:\/\/ombudsmandemontreal.com\/","name":"OMBUDSMAN de Montr\u00e9al","description":"","potentialAction":[{"@type":"SearchAction","target":{"@type":"EntryPoint","urlTemplate":"https:\/\/ombudsmandemontreal.com\/?s={search_term_string}"},"query-input":{"@type":"PropertyValueSpecification","valueRequired":true,"valueName":"search_term_string"}}],"inLanguage":"en-US"}]}},"_links":{"self":[{"href":"https:\/\/ombudsmandemontreal.com\/en\/wp-json\/wp\/v2\/pages\/1011","targetHints":{"allow":["GET"]}}],"collection":[{"href":"https:\/\/ombudsmandemontreal.com\/en\/wp-json\/wp\/v2\/pages"}],"about":[{"href":"https:\/\/ombudsmandemontreal.com\/en\/wp-json\/wp\/v2\/types\/page"}],"author":[{"embeddable":true,"href":"https:\/\/ombudsmandemontreal.com\/en\/wp-json\/wp\/v2\/users\/18"}],"replies":[{"embeddable":true,"href":"https:\/\/ombudsmandemontreal.com\/en\/wp-json\/wp\/v2\/comments?post=1011"}],"version-history":[{"count":0,"href":"https:\/\/ombudsmandemontreal.com\/en\/wp-json\/wp\/v2\/pages\/1011\/revisions"}],"up":[{"embeddable":true,"href":"https:\/\/ombudsmandemontreal.com\/en\/wp-json\/wp\/v2\/pages\/335"}],"wp:attachment":[{"href":"https:\/\/ombudsmandemontreal.com\/en\/wp-json\/wp\/v2\/media?parent=1011"}],"curies":[{"name":"wp","href":"https:\/\/api.w.org\/{rel}","templated":true}]}}